{"id":90,"date":"2020-05-28T08:50:37","date_gmt":"2020-05-28T07:50:37","guid":{"rendered":"https:\/\/www.auch-tourisme.com\/en\/montaut-les-creneaux"},"modified":"2020-07-13T10:17:18","modified_gmt":"2020-07-13T08:17:18","slug":"montaut-les-creneaux","status":"publish","type":"page","link":"https:\/\/www.auch-tourisme.com\/en\/auch-c%c5%93ur-de-gascogne-the-heart-of-gascony\/criss-cross-auch-and-the-heart-of-gascony\/montaut-les-creneaux\/","title":{"rendered":"Montaut-les-Cr\u00e9neaux"},"content":{"rendered":"\n<h2>Once upon a time Montaut-les-Cr\u00e9neaux <\/h2>\n\n\n\n<p class=\"is-style-excerpt\">With all the charm and character of yesteryear, this village is the stuff of fairytales.<\/p>\n\n\n\n<h3>A superb fortified village<\/h3>\n\n\n\n<p><a rel=\"noreferrer noopener\" href=\"https:\/\/www.auch-tourisme.com\/en\/patrimoine-culturel\/village-de-montaut-les-creneaux\/\" target=\"_blank\">Montaut-les-Cr\u00e9neaux<\/a> is a medieval village. The traces of its past are visible everywhere : the tower gate, castle, church, ramparts and more.<\/p>\n\n\n\n    <div class=\"wp-block-strate-full alignwide\">\n\n        <div class=\"wp-block-strate-full-thumbnail\" style=\"background-image:url(https:\/\/www.auch-tourisme.com\/en\/wp-content\/uploads\/wpetourisme\/CDT32_0055857.jpg)\"><\/div>\n\n        \n            <div class=\"wp-block-strate-full-content left\">\n                                    <h3 class=\"wp-block-strate-full-content-title\"> The tower gate XII<sup>e<\/sup> century <\/h3>\n                                                    <p class=\"wp-block-strate-full-content-excerpt\"> In summer, ask for the key and admire the countryside from the top .  <\/p>\n                            <\/div>\n\n        \n    <\/div>\n\n\n\n<h3>A charming place<\/h3>\n\n\n\n<p>This hamlet has retained its medieval richness especially with its half-timbered and stone houses.<\/p>\n\n\n\n<figure class=\"wp-block-image alignfull size-large\"><img loading=\"lazy\" width=\"1095\" height=\"428\" data-src=\"https:\/\/www.auch-tourisme.com\/en\/wp-content\/uploads\/2020\/03\/OT_Montaut_004-2.jpg\" alt=\"\" class=\"wp-image-9693\" data-srcset=\"https:\/\/www.auch-tourisme.com\/en\/wp-content\/uploads\/sites\/7\/2020\/03\/OT_Montaut_004-2.jpg 1095w, https:\/\/www.auch-tourisme.com\/en\/wp-content\/uploads\/sites\/7\/2020\/03\/OT_Montaut_004-2-600x235.jpg 600w, https:\/\/www.auch-tourisme.com\/en\/wp-content\/uploads\/sites\/7\/2020\/03\/OT_Montaut_004-2-900x352.jpg 900w, https:\/\/www.auch-tourisme.com\/en\/wp-content\/uploads\/sites\/7\/2020\/03\/OT_Montaut_004-2-200x78.jpg 200w, https:\/\/www.auch-tourisme.com\/en\/wp-content\/uploads\/sites\/7\/2020\/03\/OT_Montaut_004-2-275x107.jpg 275w\" sizes=\"(max-width: 1095px) 100vw, 1095px\" \/><\/figure>\n\n\n\n<p class=\"is-style-default\">The town is arranged around a central street that was once protected at either end by a gate. The street passes through the middle of a market hall.<\/p>\n\n\n\n<div class=\"wp-block-media-text alignwide\" style=\"grid-template-columns:33% auto\"><figure class=\"wp-block-media-text__media\"><img loading=\"lazy\" width=\"800\" height=\"1200\" data-src=\"https:\/\/www.auch-tourisme.com\/en\/wp-content\/uploads\/2020\/03\/OT_Montaut_006.jpg\" alt=\"\" class=\"wp-image-9695\" data-srcset=\"https:\/\/www.auch-tourisme.com\/en\/wp-content\/uploads\/sites\/7\/2020\/03\/OT_Montaut_006.jpg 800w, https:\/\/www.auch-tourisme.com\/en\/wp-content\/uploads\/sites\/7\/2020\/03\/OT_Montaut_006-400x600.jpg 400w, https:\/\/www.auch-tourisme.com\/en\/wp-content\/uploads\/sites\/7\/2020\/03\/OT_Montaut_006-600x900.jpg 600w, https:\/\/www.auch-tourisme.com\/en\/wp-content\/uploads\/sites\/7\/2020\/03\/OT_Montaut_006-200x300.jpg 200w, https:\/\/www.auch-tourisme.com\/en\/wp-content\/uploads\/sites\/7\/2020\/03\/OT_Montaut_006-275x413.jpg 275w\" sizes=\"(max-width: 800px) 100vw, 800px\" \/><\/figure><div class=\"wp-block-media-text__content\">\n<p class=\"has-large-font-size\">The private<strong>&nbsp;12th-century castle<\/strong>&nbsp;is surrounded by landscaped grounds. It is made up of two wings off a central dungeon. The upper part is crenelated, which explains the origin of the name &#8220;<a rel=\"noreferrer noopener\" href=\"https:\/\/www.auch-tourisme.com\/en\/patrimoine-culturel\/village-de-montaut-les-creneaux\/\" target=\"_blank\">Montaut-les-Cr\u00e9neaux<\/a>&#8220;.<\/p>\n<\/div><\/div>\n\n\n\n<h3>A bucolic atmosphere <\/h3>\n\n\n\n<p>The village of <a rel=\"noreferrer noopener\" href=\"https:\/\/www.auch-tourisme.com\/en\/patrimoine-culturel\/village-de-montaut-les-creneaux\/\" target=\"_blank\">Montaut-les-Cr\u00e9neaux<\/a> offers a rural environment with : <\/p>\n\n\n\n<ul><li>Small public gardens newly landscaped, <\/li><li>Footpaths departing from the castle, including the castle loop and Philat woodland walks;<\/li><li>The &#8220;Coeur de Gascogne&#8221; GR footpath crosses through the village<\/li><\/ul>\n\n\n\n<figure class=\"wp-block-image alignfull size-large\"><img loading=\"lazy\" width=\"1193\" height=\"625\" data-src=\"https:\/\/www.auch-tourisme.com\/en\/wp-content\/uploads\/2020\/03\/OT_Montaut_002.jpg\" alt=\"\" class=\"wp-image-9692\" data-srcset=\"https:\/\/www.auch-tourisme.com\/en\/wp-content\/uploads\/sites\/7\/2020\/03\/OT_Montaut_002.jpg 1193w, https:\/\/www.auch-tourisme.com\/en\/wp-content\/uploads\/sites\/7\/2020\/03\/OT_Montaut_002-600x314.jpg 600w, https:\/\/www.auch-tourisme.com\/en\/wp-content\/uploads\/sites\/7\/2020\/03\/OT_Montaut_002-900x472.jpg 900w, https:\/\/www.auch-tourisme.com\/en\/wp-content\/uploads\/sites\/7\/2020\/03\/OT_Montaut_002-200x105.jpg 200w, https:\/\/www.auch-tourisme.com\/en\/wp-content\/uploads\/sites\/7\/2020\/03\/OT_Montaut_002-275x144.jpg 275w\" sizes=\"(max-width: 1193px) 100vw, 1193px\" \/><\/figure>\n\n\n\n<h3>For the treasure hunt enthousiast<\/h3>\n\n\n\n<p class=\"is-style-default\">You will love <a rel=\"noreferrer noopener\" aria-label=\"g\u00e9ocaching (s\u2019ouvre dans un nouvel onglet)\" href=\"https:\/\/www.auch-tourisme.com\/en\/2020\/01\/28\/geocaching-la-chasse-au-tresor-2-0\/\" target=\"_blank\">g\u00e9ocaching<\/a> ! With your mobilephone go and find the geocache in <a rel=\"noreferrer noopener\" href=\"https:\/\/www.auch-tourisme.com\/en\/patrimoine-culturel\/village-de-montaut-les-creneaux\/\" target=\"_blank\">Montaut-les-Cr\u00e9neaux<\/a>.<\/p>\n\n\n    <div class=\"wp-block-testimonial\">\n        <div class=\"container\">\n            <div class=\"wp-block-testimonial-thumbnail\">\n                <img data-src=\"https:\/\/www.auch-tourisme.com\/en\/wp-content\/uploads\/2020\/04\/Visite-guid\u00e9e-cath\u00e9drale-\u00a9-Grand-Auch-C\u0153ur-de-Gascogne-2-300x300.jpg\" alt=\"Greater Auch Art and History Country\">\n            <\/div>\n            <div class=\"wp-block-testimonial-content\">\n                <h3 class=\"wp-block-testimonial-content-title\">Greater Auch Art and History Country<\/h3>\n                <p class=\"wp-block-testimonial-meta-content-job\">Pays d&#8217;art et d&#8217;histoire<br>A whole program<\/p>\n                In summer, guided visits await you to discover the\u00a0<strong>heritage of the village<\/strong>.            <\/div>\n        <\/div>\n    <\/div>\n\n\n    <div class=\"wp-block-strate-full alignwide\">\n\n        <div class=\"wp-block-strate-full-thumbnail\" style=\"background-image:url(https:\/\/www.auch-tourisme.com\/en\/wp-content\/uploads\/wpetourisme\/CDT32_0033239.jpg)\"><\/div>\n\n        \n            <div class=\"wp-block-strate-full-content left\">\n                                    <h3 class=\"wp-block-strate-full-content-title\"> Les cr\u00e9neaux fleuris <\/h3>\n                                                    <p class=\"wp-block-strate-full-content-excerpt\"> the traditionnal flower and plants market takes place each year in May.  <\/p>\n                            <\/div>\n\n        \n    <\/div>\n\n\n\n<figure class=\"wp-block-gallery alignwide columns-3 is-cropped\"><ul class=\"blocks-gallery-grid\"><li class=\"blocks-gallery-item\"><figure><a href=\"https:\/\/www.auch-tourisme.com\/en\/wp-content\/uploads\/2020\/03\/OT_Montaut_012.jpg\"><img loading=\"lazy\" width=\"1190\" height=\"630\" data-src=\"https:\/\/www.auch-tourisme.com\/en\/wp-content\/uploads\/2020\/03\/OT_Montaut_012.jpg\" alt=\"\" data-id=\"9696\" data-full-url=\"https:\/\/www.auch-tourisme.com\/en\/wp-content\/uploads\/2020\/03\/OT_Montaut_012.jpg\" data-link=\"https:\/\/www.auch-tourisme.com\/en\/auch-c\u0153ur-de-gascogne-the-heart-of-gascony\/criss-cross-auch-and-the-heart-of-gascony\/montaut-les-creneaux\/ot_montaut_012\/\" class=\"wp-image-9696\" data-srcset=\"https:\/\/www.auch-tourisme.com\/en\/wp-content\/uploads\/sites\/7\/2020\/03\/OT_Montaut_012.jpg 1190w, https:\/\/www.auch-tourisme.com\/en\/wp-content\/uploads\/sites\/7\/2020\/03\/OT_Montaut_012-600x318.jpg 600w, https:\/\/www.auch-tourisme.com\/en\/wp-content\/uploads\/sites\/7\/2020\/03\/OT_Montaut_012-900x476.jpg 900w, https:\/\/www.auch-tourisme.com\/en\/wp-content\/uploads\/sites\/7\/2020\/03\/OT_Montaut_012-200x106.jpg 200w, https:\/\/www.auch-tourisme.com\/en\/wp-content\/uploads\/sites\/7\/2020\/03\/OT_Montaut_012-275x146.jpg 275w\" sizes=\"(max-width: 1190px) 100vw, 1190px\" \/><\/a><\/figure><\/li><li class=\"blocks-gallery-item\"><figure><a href=\"https:\/\/www.auch-tourisme.com\/en\/wp-content\/uploads\/2020\/03\/Montaut-Les-Cr\u00e9neaux.jpg\"><img loading=\"lazy\" width=\"1200\" height=\"800\" data-src=\"https:\/\/www.auch-tourisme.com\/en\/wp-content\/uploads\/2020\/03\/Montaut-Les-Cr\u00e9neaux.jpg\" alt=\"\" data-id=\"8286\" data-full-url=\"https:\/\/www.auch-tourisme.com\/en\/wp-content\/uploads\/2020\/03\/Montaut-Les-Cr\u00e9neaux.jpg\" data-link=\"https:\/\/www.auch-tourisme.com\/en\/party\/leisure-activities\/all-the-villages-of-auch-urban-area\/montaut-les-creneaux-2\/\" class=\"wp-image-8286\" data-srcset=\"https:\/\/www.auch-tourisme.com\/en\/wp-content\/uploads\/sites\/7\/2020\/03\/Montaut-Les-Cr\u00e9neaux.jpg 1200w, https:\/\/www.auch-tourisme.com\/en\/wp-content\/uploads\/sites\/7\/2020\/03\/Montaut-Les-Cr\u00e9neaux-600x400.jpg 600w, https:\/\/www.auch-tourisme.com\/en\/wp-content\/uploads\/sites\/7\/2020\/03\/Montaut-Les-Cr\u00e9neaux-900x600.jpg 900w, https:\/\/www.auch-tourisme.com\/en\/wp-content\/uploads\/sites\/7\/2020\/03\/Montaut-Les-Cr\u00e9neaux-200x133.jpg 200w, https:\/\/www.auch-tourisme.com\/en\/wp-content\/uploads\/sites\/7\/2020\/03\/Montaut-Les-Cr\u00e9neaux-275x183.jpg 275w\" sizes=\"(max-width: 1200px) 100vw, 1200px\" \/><\/a><\/figure><\/li><li class=\"blocks-gallery-item\"><figure><a href=\"https:\/\/www.auch-tourisme.com\/en\/wp-content\/uploads\/2020\/01\/21062015_Montaut-les-Crenaux-70-Copie.jpg\"><img loading=\"lazy\" width=\"1106\" height=\"830\" data-src=\"https:\/\/www.auch-tourisme.com\/en\/wp-content\/uploads\/2020\/01\/21062015_Montaut-les-Crenaux-70-Copie.jpg\" alt=\"\" data-id=\"6817\" data-full-url=\"https:\/\/www.auch-tourisme.com\/en\/wp-content\/uploads\/2020\/01\/21062015_Montaut-les-Crenaux-70-Copie.jpg\" data-link=\"https:\/\/www.auch-tourisme.com\/en\/2020\/01\/20\/ou-pique-niquer-a-auch-et-ses-villages-alentour\/21062015_montaut-les-crenaux-70-copie\/\" class=\"wp-image-6817\" data-srcset=\"https:\/\/www.auch-tourisme.com\/en\/wp-content\/uploads\/sites\/7\/2020\/01\/21062015_Montaut-les-Crenaux-70-Copie.jpg 1106w, https:\/\/www.auch-tourisme.com\/en\/wp-content\/uploads\/sites\/7\/2020\/01\/21062015_Montaut-les-Crenaux-70-Copie-600x450.jpg 600w, https:\/\/www.auch-tourisme.com\/en\/wp-content\/uploads\/sites\/7\/2020\/01\/21062015_Montaut-les-Crenaux-70-Copie-900x675.jpg 900w, https:\/\/www.auch-tourisme.com\/en\/wp-content\/uploads\/sites\/7\/2020\/01\/21062015_Montaut-les-Crenaux-70-Copie-200x150.jpg 200w, https:\/\/www.auch-tourisme.com\/en\/wp-content\/uploads\/sites\/7\/2020\/01\/21062015_Montaut-les-Crenaux-70-Copie-275x206.jpg 275w\" sizes=\"(max-width: 1106px) 100vw, 1106px\" \/><\/a><\/figure><\/li><\/ul><\/figure>\n\n\n\n<p class=\"is-style-default\"><\/p>\n\n\n    \n\n     \n    \n        <div class=\"map\" id=\"map\">\n            \n                \n                <div class=\"wp-block-map alignfull\">\n                    <div class=\"map\" id=\"map\">\n            \n                        <div id=\"map-kml\" data-kml=\"\"><\/div>\n            \n                                        \n                            <div class=\"marker hide\" data-lat=\"43.694182\" data-lng=\"0.657098\">\n                                <div>\n                                    <div class=\"infoBoxContainer\">\n                                        <div class=\"infoBoxContent infoBoxContent--noImage\">\n                                            <p class=\"infoBoxContentTitle\">\n                                                Montaut les Cr\u00e9neaux                                            <\/p>\n                                                                                                                                <\/div>\n                                    <\/div>\n                                <\/div>\n                            <\/div>\n            \n                                        \n                            <div class=\"marker hide\" data-lat=\"43.647008\" data-lng=\"0.585311\">\n                                <div>\n                                    <div class=\"infoBoxContainer\">\n                                        <div class=\"infoBoxContent infoBoxContent--noImage\">\n                                            <p class=\"infoBoxContentTitle\">\n                                                Auch                                            <\/p>\n                                                                                                                                <\/div>\n                                    <\/div>\n                                <\/div>\n                            <\/div>\n            \n                                \n                    <\/div>\n                <\/div>\n\n                \n                <div class=\"wp-block-map alignfull\">\n                    <div class=\"map\" id=\"map\">\n            \n                        <div id=\"map-kml\" data-kml=\"\"><\/div>\n            \n                                        \n                            <div class=\"marker hide\" data-lat=\"43.694182\" data-lng=\"0.657098\">\n                                <div>\n                                    <div class=\"infoBoxContainer\">\n                                        <div class=\"infoBoxContent infoBoxContent--noImage\">\n                                            <p class=\"infoBoxContentTitle\">\n                                                Montaut les Cr\u00e9neaux                                            <\/p>\n                                                                                                                                <\/div>\n                                    <\/div>\n                                <\/div>\n                            <\/div>\n            \n                                        \n                            <div class=\"marker hide\" data-lat=\"43.647008\" data-lng=\"0.585311\">\n                                <div>\n                                    <div class=\"infoBoxContainer\">\n                                        <div class=\"infoBoxContent infoBoxContent--noImage\">\n                                            <p class=\"infoBoxContentTitle\">\n                                                Auch                                            <\/p>\n                                                                                                                                <\/div>\n                                    <\/div>\n                                <\/div>\n                            <\/div>\n            \n                                \n                    <\/div>\n                <\/div>\n\n            \n        <\/div>\n\n    \n\n<div class=\"wp-block-related-post\">\n<h3>in the surrounding<\/h3>\n\n<div class=\"wp-block-related-post-inner alignfull\" id=\"relatedpostSlider--\">\n    <div class=\"wp-block-related-post-slider-block\">\n        \n        <div class=\"wp-block-related-post-inner-item js-click\" data-mh>\n            <div class=\"wp-block-related-post-inner-item-thumbnail\">\n                <img data-src=\"\"  alt=\"Guides tours and route to discover\">\n            <\/div>\n\n            <div class=\"wp-block-related-post-inner-item-content\">\n                \n                <p class=\"relatedpostItemContentTitle\">\n                    <a href=\"https:\/\/www.auch-tourisme.com\/en\/leisure\/guides-tours-and-route-to-discover\/\">Guides tours and route to discover<\/a>\n                <\/p>\n\n\n            <\/div>\n        <\/div>\n\n    \n        <div class=\"wp-block-related-post-inner-item js-click\" data-mh>\n            <div class=\"wp-block-related-post-inner-item-thumbnail\">\n                <img data-src=\"\"  alt=\"Famille Plus (french label)\">\n            <\/div>\n\n            <div class=\"wp-block-related-post-inner-item-content\">\n                \n                <p class=\"relatedpostItemContentTitle\">\n                    <a href=\"https:\/\/www.auch-tourisme.com\/en\/leisure\/famille-plus-french-label\/\">Famille Plus (french label)<\/a>\n                <\/p>\n\n\n            <\/div>\n        <\/div>\n\n    \n        <div class=\"wp-block-related-post-inner-item js-click\" data-mh>\n            <div class=\"wp-block-related-post-inner-item-thumbnail\">\n                <img data-src=\"https:\/\/www.auch-tourisme.com\/en\/wp-content\/uploads\/sites\/7\/2020\/01\/OT_Ferme_Castera_001-265x148.jpg\"  alt=\"Farm visits &#8211; agritourism\">\n            <\/div>\n\n            <div class=\"wp-block-related-post-inner-item-content\">\n                \n                <p class=\"relatedpostItemContentTitle\">\n                    <a href=\"https:\/\/www.auch-tourisme.com\/en\/leisure\/leisure-activities\/farm-visits-agritourism\/\">Farm visits &#8211; agritourism<\/a>\n                <\/p>\n\n\n            <\/div>\n        <\/div>\n\n        <\/div>\n<\/div>\n\n<div class=\"wp-block-related-post-button\">\n    <p class=\"wp-block-related-post-button-prev slick-prev\"><\/p>\n    <p class=\"wp-block-related-post-button-next slick-next\"><\/p>\n<\/div>\n<\/div>","protected":false},"excerpt":{"rendered":"<p>Joli et fleuri, Montaut-les-Cr\u00e9neaux castelnau du XIIe si\u00e8cle se r\u00e9v\u00e8le au fil de son chemin de ronde et ses ruelles. <\/p>\n","protected":false},"author":1,"featured_media":4742,"parent":72,"menu_order":50,"comment_status":"closed","ping_status":"closed","template":"","meta":[],"yoast_head":"<!-- This site is optimized with the Yoast SEO plugin v15.2.1 - https:\/\/yoast.com\/wordpress\/plugins\/seo\/ -->\n<meta name=\"description\" content=\"Joli et fleuri, Montaut-les-Cr\u00e9neaux castelnau du XIIe si\u00e8cle se r\u00e9v\u00e8le au fil de son chemin de ronde et ses ruelles.\" \/>\n<meta name=\"robots\" content=\"index, follow, max-snippet:-1, max-image-preview:large, max-video-preview:-1\" \/>\n<link rel=\"canonical\" href=\"https:\/\/www.auch-tourisme.com\/en\/auch-c\u0153ur-de-gascogne-the-heart-of-gascony\/criss-cross-auch-and-the-heart-of-gascony\/montaut-les-creneaux\/\" \/>\n<meta property=\"og:locale\" content=\"en_US\" \/>\n<meta property=\"og:type\" content=\"article\" \/>\n<meta property=\"og:title\" content=\"Montaut-les-Cr\u00e9neaux - Grand Auch Coeur de Gascogne tourist office, official website\" \/>\n<meta property=\"og:description\" content=\"Joli et fleuri, Montaut-les-Cr\u00e9neaux castelnau du XIIe si\u00e8cle se r\u00e9v\u00e8le au fil de son chemin de ronde et ses ruelles.\" \/>\n<meta property=\"og:url\" content=\"https:\/\/www.auch-tourisme.com\/en\/auch-c\u0153ur-de-gascogne-the-heart-of-gascony\/criss-cross-auch-and-the-heart-of-gascony\/montaut-les-creneaux\/\" \/>\n<meta property=\"og:site_name\" content=\"Grand Auch Coeur de Gascogne tourist office, official website\" \/>\n<meta property=\"article:publisher\" content=\"https:\/\/www.facebook.com\/TourismeAuch\" \/>\n<meta property=\"article:modified_time\" content=\"2020-07-13T08:17:18+00:00\" \/>\n<meta property=\"og:image\" content=\"https:\/\/www.auch-tourisme.com\/en\/wp-content\/uploads\/sites\/7\/2020\/03\/Vue-cath\u00e9drale-large-ciel-bleu-Copie.jpg\" \/>\n\t<meta property=\"og:image:width\" content=\"1654\" \/>\n\t<meta property=\"og:image:height\" content=\"1103\" \/>\n<meta name=\"twitter:card\" content=\"summary_large_image\" \/>\n<meta name=\"twitter:creator\" content=\"@tourismeauch\" \/>\n<meta name=\"twitter:site\" content=\"@tourismeauch\" \/>\n<meta name=\"twitter:label1\" content=\"Written by\">\n\t<meta name=\"twitter:data1\" content=\"IRIS Interactive\">\n\t<meta name=\"twitter:label2\" content=\"Est. reading time\">\n\t<meta name=\"twitter:data2\" content=\"1 minute\">\n<script type=\"application\/ld+json\" class=\"yoast-schema-graph\">{\"@context\":\"https:\/\/schema.org\",\"@graph\":[{\"@type\":\"WebSite\",\"@id\":\"https:\/\/www.auch-tourisme.com\/en\/#website\",\"url\":\"https:\/\/www.auch-tourisme.com\/en\/\",\"name\":\"Grand Auch Coeur de Gascogne tourist office, official website\",\"description\":\"Site suggesting tourist sites, accomadation and leisures, giving information to go sightseeing\",\"potentialAction\":[{\"@type\":\"SearchAction\",\"target\":\"https:\/\/www.auch-tourisme.com\/en\/?s={search_term_string}\",\"query-input\":\"required name=search_term_string\"}],\"inLanguage\":\"en-US\"},{\"@type\":\"ImageObject\",\"@id\":\"https:\/\/www.auch-tourisme.com\/en\/auch-c%c5%93ur-de-gascogne-the-heart-of-gascony\/criss-cross-auch-and-the-heart-of-gascony\/montaut-les-creneaux\/#primaryimage\",\"inLanguage\":\"en-US\",\"url\":\"\"},{\"@type\":\"WebPage\",\"@id\":\"https:\/\/www.auch-tourisme.com\/en\/auch-c%c5%93ur-de-gascogne-the-heart-of-gascony\/criss-cross-auch-and-the-heart-of-gascony\/montaut-les-creneaux\/#webpage\",\"url\":\"https:\/\/www.auch-tourisme.com\/en\/auch-c%c5%93ur-de-gascogne-the-heart-of-gascony\/criss-cross-auch-and-the-heart-of-gascony\/montaut-les-creneaux\/\",\"name\":\"Montaut-les-Cr\\u00e9neaux - Grand Auch Coeur de Gascogne tourist office, official website\",\"isPartOf\":{\"@id\":\"https:\/\/www.auch-tourisme.com\/en\/#website\"},\"primaryImageOfPage\":{\"@id\":\"https:\/\/www.auch-tourisme.com\/en\/auch-c%c5%93ur-de-gascogne-the-heart-of-gascony\/criss-cross-auch-and-the-heart-of-gascony\/montaut-les-creneaux\/#primaryimage\"},\"datePublished\":\"2020-05-28T07:50:37+00:00\",\"dateModified\":\"2020-07-13T08:17:18+00:00\",\"description\":\"Joli et fleuri, Montaut-les-Cr\\u00e9neaux castelnau du XIIe si\\u00e8cle se r\\u00e9v\\u00e8le au fil de son chemin de ronde et ses ruelles.\",\"breadcrumb\":{\"@id\":\"https:\/\/www.auch-tourisme.com\/en\/auch-c%c5%93ur-de-gascogne-the-heart-of-gascony\/criss-cross-auch-and-the-heart-of-gascony\/montaut-les-creneaux\/#breadcrumb\"},\"inLanguage\":\"en-US\",\"potentialAction\":[{\"@type\":\"ReadAction\",\"target\":[\"https:\/\/www.auch-tourisme.com\/en\/auch-c%c5%93ur-de-gascogne-the-heart-of-gascony\/criss-cross-auch-and-the-heart-of-gascony\/montaut-les-creneaux\/\"]}]},{\"@type\":\"BreadcrumbList\",\"@id\":\"https:\/\/www.auch-tourisme.com\/en\/auch-c%c5%93ur-de-gascogne-the-heart-of-gascony\/criss-cross-auch-and-the-heart-of-gascony\/montaut-les-creneaux\/#breadcrumb\",\"itemListElement\":[{\"@type\":\"ListItem\",\"position\":1,\"item\":{\"@type\":\"WebPage\",\"@id\":\"https:\/\/www.auch-tourisme.com\/en\/\",\"url\":\"https:\/\/www.auch-tourisme.com\/en\/\",\"name\":\"Home\"}},{\"@type\":\"ListItem\",\"position\":2,\"item\":{\"@type\":\"WebPage\",\"@id\":\"https:\/\/www.auch-tourisme.com\/en\/auch-c%c5%93ur-de-gascogne-the-heart-of-gascony\/\",\"url\":\"https:\/\/www.auch-tourisme.com\/en\/auch-c%c5%93ur-de-gascogne-the-heart-of-gascony\/\",\"name\":\"Auch, c\\u0153ur de Gascogne, the heart of Gascony\"}},{\"@type\":\"ListItem\",\"position\":3,\"item\":{\"@type\":\"WebPage\",\"@id\":\"https:\/\/www.auch-tourisme.com\/en\/auch-c%c5%93ur-de-gascogne-the-heart-of-gascony\/criss-cross-auch-and-the-heart-of-gascony\/\",\"url\":\"https:\/\/www.auch-tourisme.com\/en\/auch-c%c5%93ur-de-gascogne-the-heart-of-gascony\/criss-cross-auch-and-the-heart-of-gascony\/\",\"name\":\"Criss-cross Auch and the heart of Gascony\"}},{\"@type\":\"ListItem\",\"position\":4,\"item\":{\"@type\":\"WebPage\",\"@id\":\"https:\/\/www.auch-tourisme.com\/en\/auch-c%c5%93ur-de-gascogne-the-heart-of-gascony\/criss-cross-auch-and-the-heart-of-gascony\/montaut-les-creneaux\/\",\"url\":\"https:\/\/www.auch-tourisme.com\/en\/auch-c%c5%93ur-de-gascogne-the-heart-of-gascony\/criss-cross-auch-and-the-heart-of-gascony\/montaut-les-creneaux\/\",\"name\":\"Montaut-les-Cr\\u00e9neaux\"}}]}]}<\/script>\n<!-- \/ Yoast SEO plugin. -->","_links":{"self":[{"href":"https:\/\/www.auch-tourisme.com\/en\/wp-json\/wp\/v2\/pages\/90"}],"collection":[{"href":"https:\/\/www.auch-tourisme.com\/en\/wp-json\/wp\/v2\/pages"}],"about":[{"href":"https:\/\/www.auch-tourisme.com\/en\/wp-json\/wp\/v2\/types\/page"}],"author":[{"embeddable":true,"href":"https:\/\/www.auch-tourisme.com\/en\/wp-json\/wp\/v2\/users\/1"}],"replies":[{"embeddable":true,"href":"https:\/\/www.auch-tourisme.com\/en\/wp-json\/wp\/v2\/comments?post=90"}],"version-history":[{"count":53,"href":"https:\/\/www.auch-tourisme.com\/en\/wp-json\/wp\/v2\/pages\/90\/revisions"}],"predecessor-version":[{"id":18934,"href":"https:\/\/www.auch-tourisme.com\/en\/wp-json\/wp\/v2\/pages\/90\/revisions\/18934"}],"up":[{"embeddable":true,"href":"https:\/\/www.auch-tourisme.com\/en\/wp-json\/wp\/v2\/pages\/72"}],"wp:featuredmedia":[{"embeddable":true,"href":"https:\/\/www.auch-tourisme.com\/en\/wp-json\/wp\/v2\/media\/4742"}],"wp:attachment":[{"href":"https:\/\/www.auch-tourisme.com\/en\/wp-json\/wp\/v2\/media?parent=90"}],"curies":[{"name":"wp","href":"https:\/\/api.w.org\/{rel}","templated":true}]}}