{"id":88,"date":"2020-05-28T08:50:37","date_gmt":"2020-05-28T07:50:37","guid":{"rendered":"https:\/\/www.auch-tourisme.com\/en\/the-village-of-lavardens-and-its-chateau"},"modified":"2020-10-08T16:20:09","modified_gmt":"2020-10-08T14:20:09","slug":"the-village-of-lavardens-and-its-chateau","status":"publish","type":"page","link":"https:\/\/www.auch-tourisme.com\/en\/auch-c%c5%93ur-de-gascogne-the-heart-of-gascony\/criss-cross-auch-and-the-heart-of-gascony\/the-village-of-lavardens-and-its-chateau\/","title":{"rendered":"the village of Lavardens and its chateau"},"content":{"rendered":"\n<p>The medieval village of <a rel=\"noreferrer noopener\" href=\"https:\/\/www.auch-tourisme.com\/en\/patrimoine-culturel\/village-de-lavardens\/\" target=\"_blank\">Lavardens<\/a>&nbsp; is a prime spot to enjoy the beautiful landscapes so unique to the Gers.<\/p>\n\n\n\n<figure class=\"wp-block-image alignfull size-large\"><img data-src=\"https:\/\/www.auch-tourisme.com\/en\/wp-content\/uploads\/wpetourisme\/CDT32_0073729.jpg\" alt=\"\" class=\"wp-image-5886\"\/><\/figure>\n\n\n\n<h2>A part of the Most Beautiful Villages of France<\/h2>\n\n\n\n<p>A few minutes north of Auch, set on a hill,  <a rel=\"noreferrer noopener\" href=\"https:\/\/www.auch-tourisme.com\/en\/patrimoine-culturel\/village-de-lavardens\/\" target=\"_blank\">Lavardens<\/a> is a village castral that has always been under the rule of its ch\u00e2teau, surrounding the Gascony countryside. <\/p>\n\n\n\n<figure class=\"wp-block-image alignfull size-large\"><img data-src=\"https:\/\/www.auch-tourisme.com\/en\/wp-content\/uploads\/wpetourisme\/CDT32_0073730.jpg\" alt=\"\" class=\"wp-image-5884\"\/><\/figure>\n\n\n\n<h2>Charming lanes<\/h2>\n\n\n\n<p class=\"is-style-default\"><a rel=\"noreferrer noopener\" href=\"https:\/\/www.auch-tourisme.com\/en\/patrimoine-culturel\/village-de-lavardens\/\" target=\"_blank\">O<\/a>f feudal origin, fief of the counts of Armagnac, <a rel=\"noreferrer noopener\" href=\"https:\/\/www.auch-tourisme.com\/en\/patrimoine-culturel\/village-de-lavardens\/\" target=\"_blank\">Lavardens<\/a> is a charming&nbsp;mix of authentic stone homes, narrow cobblestone streets and artisan shops.<\/p>\n\n\n\n<figure class=\"wp-block-image alignfull size-large\"><img loading=\"lazy\" width=\"1200\" height=\"900\" data-src=\"https:\/\/www.auch-tourisme.com\/en\/wp-content\/uploads\/2020\/03\/Lavardens-\u00a9-OT-Grand-Auch-coeur-de-Gascogne-6-1200x900.jpg\" alt=\"\" class=\"wp-image-8979\" data-srcset=\"https:\/\/www.auch-tourisme.com\/en\/wp-content\/uploads\/sites\/7\/2020\/03\/Lavardens-\u00a9-OT-Grand-Auch-coeur-de-Gascogne-6-1200x900.jpg 1200w, https:\/\/www.auch-tourisme.com\/en\/wp-content\/uploads\/sites\/7\/2020\/03\/Lavardens-\u00a9-OT-Grand-Auch-coeur-de-Gascogne-6-600x450.jpg 600w, https:\/\/www.auch-tourisme.com\/en\/wp-content\/uploads\/sites\/7\/2020\/03\/Lavardens-\u00a9-OT-Grand-Auch-coeur-de-Gascogne-6-900x675.jpg 900w, https:\/\/www.auch-tourisme.com\/en\/wp-content\/uploads\/sites\/7\/2020\/03\/Lavardens-\u00a9-OT-Grand-Auch-coeur-de-Gascogne-6-1536x1152.jpg 1536w, https:\/\/www.auch-tourisme.com\/en\/wp-content\/uploads\/sites\/7\/2020\/03\/Lavardens-\u00a9-OT-Grand-Auch-coeur-de-Gascogne-6-200x150.jpg 200w, https:\/\/www.auch-tourisme.com\/en\/wp-content\/uploads\/sites\/7\/2020\/03\/Lavardens-\u00a9-OT-Grand-Auch-coeur-de-Gascogne-6-275x206.jpg 275w, https:\/\/www.auch-tourisme.com\/en\/wp-content\/uploads\/sites\/7\/2020\/03\/Lavardens-\u00a9-OT-Grand-Auch-coeur-de-Gascogne-6.jpg 1920w\" sizes=\"(max-width: 1200px) 100vw, 1200px\" \/><\/figure>\n\n\n\n<h2> The interesting church<\/h2>\n\n\n\n<p>Dating from the 15th century the church has an spiral staircase running up one corner of the tower. <\/p>\n\n\n\n<p class=\"is-style-default\"> The restaurants <a href=\"https:\/\/www.auch-tourisme.com\/en\/restaurant\/le-malthus\/\">Malthus<\/a> and <a href=\"https:\/\/www.auch-tourisme.com\/en\/restaurant\/le-restaurant-du-chateau\/\">Restaurant du Ch\u00e2teau<\/a> welcome for lunch, diner or just a drink.<\/p>\n\n\n\n<figure class=\"wp-block-image alignfull size-large\"><img data-src=\"https:\/\/www.auch-tourisme.com\/en\/wp-content\/uploads\/wpetourisme\/CDT32_0073603.jpg\" alt=\"\" class=\"wp-image-6241\"\/><\/figure>\n\n\n\n<h2>Un village vivant<\/h2>\n\n\n\n<p>In summer, the village organises night markets. The huge and beautiful rooms of the castle host exhibitions of great quality throughout the year (Camille Claudel, Dali, Proven\u00e7al Christmas crib figures&#8230;..). <\/p>\n\n\n\n<figure class=\"wp-block-image alignfull size-large\"><a href=\"https:\/\/www.auch-tourisme.com\/en\/2020\/03\/25\/une-annee-au-chateau\/\" target=\"_blank\" rel=\"noopener noreferrer\"><img data-src=\"https:\/\/www.auch-tourisme.com\/en\/wp-content\/uploads\/wpetourisme\/CDT32_0109369.jpg\" alt=\"\" class=\"wp-image-5756\"\/><\/a><figcaption>Trumpet towers<\/figcaption><\/figure>\n\n\n\n<h2>The ch\u00e2teau <\/h2>\n\n\n\n<p>The <a rel=\"noreferrer noopener\" href=\"https:\/\/www.auch-tourisme.com\/en\/patrimoine-culturel\/chateau-de-lavardens\/\" target=\"_blank\">castle<\/a> of the village is remarkable for its dominant position and stature. Classed as an Historic Monument, the Chateau, 12th to 17th century, shows unique architectural prowess as trumpet towers.  <\/p>\n\n\n\n<figure class=\"wp-block-image alignfull size-large\"><img loading=\"lazy\" width=\"965\" height=\"635\" data-src=\"https:\/\/www.auch-tourisme.com\/en\/wp-content\/uploads\/2020\/03\/Cour-du-chateau\u00a9ADGreco_OTGACG-redim.jpg\" alt=\"\" class=\"wp-image-8890\" data-srcset=\"https:\/\/www.auch-tourisme.com\/en\/wp-content\/uploads\/sites\/7\/2020\/03\/Cour-du-chateau\u00a9ADGreco_OTGACG-redim.jpg 965w, https:\/\/www.auch-tourisme.com\/en\/wp-content\/uploads\/sites\/7\/2020\/03\/Cour-du-chateau\u00a9ADGreco_OTGACG-redim-600x395.jpg 600w, https:\/\/www.auch-tourisme.com\/en\/wp-content\/uploads\/sites\/7\/2020\/03\/Cour-du-chateau\u00a9ADGreco_OTGACG-redim-900x592.jpg 900w, https:\/\/www.auch-tourisme.com\/en\/wp-content\/uploads\/sites\/7\/2020\/03\/Cour-du-chateau\u00a9ADGreco_OTGACG-redim-200x132.jpg 200w, https:\/\/www.auch-tourisme.com\/en\/wp-content\/uploads\/sites\/7\/2020\/03\/Cour-du-chateau\u00a9ADGreco_OTGACG-redim-275x181.jpg 275w\" sizes=\"(max-width: 965px) 100vw, 965px\" \/><\/figure>\n\n\n\n<p class=\"is-style-default\">Inside, see the splendid ornamental floor tiles.<\/p>\n\n\n\n<figure class=\"wp-block-image alignfull size-large\"><img loading=\"lazy\" width=\"1024\" height=\"672\" data-src=\"https:\/\/www.auch-tourisme.com\/en\/wp-content\/uploads\/2020\/03\/IMG_8813-D.jpg\" alt=\"\" class=\"wp-image-9616\" data-srcset=\"https:\/\/www.auch-tourisme.com\/en\/wp-content\/uploads\/sites\/7\/2020\/03\/IMG_8813-D.jpg 1024w, https:\/\/www.auch-tourisme.com\/en\/wp-content\/uploads\/sites\/7\/2020\/03\/IMG_8813-D-600x394.jpg 600w, https:\/\/www.auch-tourisme.com\/en\/wp-content\/uploads\/sites\/7\/2020\/03\/IMG_8813-D-900x591.jpg 900w, https:\/\/www.auch-tourisme.com\/en\/wp-content\/uploads\/sites\/7\/2020\/03\/IMG_8813-D-200x131.jpg 200w, https:\/\/www.auch-tourisme.com\/en\/wp-content\/uploads\/sites\/7\/2020\/03\/IMG_8813-D-275x180.jpg 275w\" sizes=\"(max-width: 1024px) 100vw, 1024px\" \/><\/figure>\n\n\n\n<figure class=\"wp-block-gallery alignwide columns-4 is-cropped\"><ul class=\"blocks-gallery-grid\"><li class=\"blocks-gallery-item\"><figure><a href=\"https:\/\/www.auch-tourisme.com\/en\/wp-content\/uploads\/2020\/04\/Village-Lavardens-\u00a9Linstant-C_-Office-de-Tourisme-Grand-Auch-coeur-de-Gascogne.jpg\"><img loading=\"lazy\" width=\"1200\" height=\"1200\" data-src=\"https:\/\/www.auch-tourisme.com\/en\/wp-content\/uploads\/2020\/04\/Village-Lavardens-\u00a9Linstant-C_-Office-de-Tourisme-Grand-Auch-coeur-de-Gascogne-1200x1200.jpg\" alt=\"Village-Lavardens-\u00a9Linstant-C_-Office-de-Tourisme-Grand-Auch-coeur-de-Gascogne\" data-id=\"10949\" data-full-url=\"https:\/\/www.auch-tourisme.com\/en\/wp-content\/uploads\/2020\/04\/Village-Lavardens-\u00a9Linstant-C_-Office-de-Tourisme-Grand-Auch-coeur-de-Gascogne.jpg\" data-link=\"https:\/\/www.auch-tourisme.com\/en\/auch-c\u0153ur-de-gascogne-the-heart-of-gascony\/criss-cross-auch-and-the-heart-of-gascony\/the-village-of-lavardens-and-its-chateau\/village-lavardens-linstant-c_-office-de-tourisme-grand-auch-coeur-de-gascogne\/\" class=\"wp-image-10949\" data-srcset=\"https:\/\/www.auch-tourisme.com\/en\/wp-content\/uploads\/sites\/7\/2020\/04\/Village-Lavardens-\u00a9Linstant-C_-Office-de-Tourisme-Grand-Auch-coeur-de-Gascogne-1200x1200.jpg 1200w, https:\/\/www.auch-tourisme.com\/en\/wp-content\/uploads\/sites\/7\/2020\/04\/Village-Lavardens-\u00a9Linstant-C_-Office-de-Tourisme-Grand-Auch-coeur-de-Gascogne-600x600.jpg 600w, https:\/\/www.auch-tourisme.com\/en\/wp-content\/uploads\/sites\/7\/2020\/04\/Village-Lavardens-\u00a9Linstant-C_-Office-de-Tourisme-Grand-Auch-coeur-de-Gascogne-300x300.jpg 300w, https:\/\/www.auch-tourisme.com\/en\/wp-content\/uploads\/sites\/7\/2020\/04\/Village-Lavardens-\u00a9Linstant-C_-Office-de-Tourisme-Grand-Auch-coeur-de-Gascogne-900x900.jpg 900w, https:\/\/www.auch-tourisme.com\/en\/wp-content\/uploads\/sites\/7\/2020\/04\/Village-Lavardens-\u00a9Linstant-C_-Office-de-Tourisme-Grand-Auch-coeur-de-Gascogne-210x210.jpg 210w, https:\/\/www.auch-tourisme.com\/en\/wp-content\/uploads\/sites\/7\/2020\/04\/Village-Lavardens-\u00a9Linstant-C_-Office-de-Tourisme-Grand-Auch-coeur-de-Gascogne-200x200.jpg 200w, https:\/\/www.auch-tourisme.com\/en\/wp-content\/uploads\/sites\/7\/2020\/04\/Village-Lavardens-\u00a9Linstant-C_-Office-de-Tourisme-Grand-Auch-coeur-de-Gascogne-275x275.jpg 275w, https:\/\/www.auch-tourisme.com\/en\/wp-content\/uploads\/sites\/7\/2020\/04\/Village-Lavardens-\u00a9Linstant-C_-Office-de-Tourisme-Grand-Auch-coeur-de-Gascogne.jpg 1349w\" sizes=\"(max-width: 1200px) 100vw, 1200px\" \/><\/a><\/figure><\/li><li class=\"blocks-gallery-item\"><figure><a href=\"https:\/\/www.auch-tourisme.com\/en\/wp-content\/uploads\/2020\/03\/Lavardens-en-CV-\u00a9Linstant-C_-Office-de-Tourisme-Grand-Auch-coeur-de-Gascogne.jpg\"><img loading=\"lazy\" width=\"1200\" height=\"800\" data-src=\"https:\/\/www.auch-tourisme.com\/en\/wp-content\/uploads\/2020\/03\/Lavardens-en-CV-\u00a9Linstant-C_-Office-de-Tourisme-Grand-Auch-coeur-de-Gascogne-1200x800.jpg\" alt=\"\" data-id=\"8984\" data-full-url=\"https:\/\/www.auch-tourisme.com\/en\/wp-content\/uploads\/2020\/03\/Lavardens-en-CV-\u00a9Linstant-C_-Office-de-Tourisme-Grand-Auch-coeur-de-Gascogne.jpg\" data-link=\"https:\/\/www.auch-tourisme.com\/en\/auch-c\u0153ur-de-gascogne-the-heart-of-gascony\/criss-cross-auch-and-the-heart-of-gascony\/the-most-beautiful-villages-of-france\/lavardens-en-cv-linstant-c_-office-de-tourisme-grand-auch-coeur-de-gascogne\/\" class=\"wp-image-8984\" data-srcset=\"https:\/\/www.auch-tourisme.com\/en\/wp-content\/uploads\/sites\/7\/2020\/03\/Lavardens-en-CV-\u00a9Linstant-C_-Office-de-Tourisme-Grand-Auch-coeur-de-Gascogne-1200x800.jpg 1200w, https:\/\/www.auch-tourisme.com\/en\/wp-content\/uploads\/sites\/7\/2020\/03\/Lavardens-en-CV-\u00a9Linstant-C_-Office-de-Tourisme-Grand-Auch-coeur-de-Gascogne-600x400.jpg 600w, https:\/\/www.auch-tourisme.com\/en\/wp-content\/uploads\/sites\/7\/2020\/03\/Lavardens-en-CV-\u00a9Linstant-C_-Office-de-Tourisme-Grand-Auch-coeur-de-Gascogne-900x600.jpg 900w, https:\/\/www.auch-tourisme.com\/en\/wp-content\/uploads\/sites\/7\/2020\/03\/Lavardens-en-CV-\u00a9Linstant-C_-Office-de-Tourisme-Grand-Auch-coeur-de-Gascogne-1536x1024.jpg 1536w, https:\/\/www.auch-tourisme.com\/en\/wp-content\/uploads\/sites\/7\/2020\/03\/Lavardens-en-CV-\u00a9Linstant-C_-Office-de-Tourisme-Grand-Auch-coeur-de-Gascogne-200x133.jpg 200w, https:\/\/www.auch-tourisme.com\/en\/wp-content\/uploads\/sites\/7\/2020\/03\/Lavardens-en-CV-\u00a9Linstant-C_-Office-de-Tourisme-Grand-Auch-coeur-de-Gascogne-275x183.jpg 275w, https:\/\/www.auch-tourisme.com\/en\/wp-content\/uploads\/sites\/7\/2020\/03\/Lavardens-en-CV-\u00a9Linstant-C_-Office-de-Tourisme-Grand-Auch-coeur-de-Gascogne.jpg 1920w\" sizes=\"(max-width: 1200px) 100vw, 1200px\" \/><\/a><\/figure><\/li><li class=\"blocks-gallery-item\"><figure><a href=\"https:\/\/www.auch-tourisme.com\/en\/wp-content\/uploads\/2020\/04\/2CV-Lavardens-place-\u00a9Linstant-C_-Office-de-Tourisme-Grand-Auch-coeur-de-Gascogne.jpg\"><img loading=\"lazy\" width=\"1200\" height=\"800\" data-src=\"https:\/\/www.auch-tourisme.com\/en\/wp-content\/uploads\/2020\/04\/2CV-Lavardens-place-\u00a9Linstant-C_-Office-de-Tourisme-Grand-Auch-coeur-de-Gascogne-1200x800.jpg\" alt=\"\" data-id=\"10948\" data-full-url=\"https:\/\/www.auch-tourisme.com\/en\/wp-content\/uploads\/2020\/04\/2CV-Lavardens-place-\u00a9Linstant-C_-Office-de-Tourisme-Grand-Auch-coeur-de-Gascogne.jpg\" data-link=\"https:\/\/www.auch-tourisme.com\/en\/auch-c\u0153ur-de-gascogne-the-heart-of-gascony\/criss-cross-auch-and-the-heart-of-gascony\/the-village-of-lavardens-and-its-chateau\/2cv-lavardens-place-linstant-c_-office-de-tourisme-grand-auch-coeur-de-gascogne\/\" class=\"wp-image-10948\" data-srcset=\"https:\/\/www.auch-tourisme.com\/en\/wp-content\/uploads\/sites\/7\/2020\/04\/2CV-Lavardens-place-\u00a9Linstant-C_-Office-de-Tourisme-Grand-Auch-coeur-de-Gascogne-1200x800.jpg 1200w, https:\/\/www.auch-tourisme.com\/en\/wp-content\/uploads\/sites\/7\/2020\/04\/2CV-Lavardens-place-\u00a9Linstant-C_-Office-de-Tourisme-Grand-Auch-coeur-de-Gascogne-600x400.jpg 600w, https:\/\/www.auch-tourisme.com\/en\/wp-content\/uploads\/sites\/7\/2020\/04\/2CV-Lavardens-place-\u00a9Linstant-C_-Office-de-Tourisme-Grand-Auch-coeur-de-Gascogne-900x600.jpg 900w, https:\/\/www.auch-tourisme.com\/en\/wp-content\/uploads\/sites\/7\/2020\/04\/2CV-Lavardens-place-\u00a9Linstant-C_-Office-de-Tourisme-Grand-Auch-coeur-de-Gascogne-200x133.jpg 200w, https:\/\/www.auch-tourisme.com\/en\/wp-content\/uploads\/sites\/7\/2020\/04\/2CV-Lavardens-place-\u00a9Linstant-C_-Office-de-Tourisme-Grand-Auch-coeur-de-Gascogne-275x183.jpg 275w, https:\/\/www.auch-tourisme.com\/en\/wp-content\/uploads\/sites\/7\/2020\/04\/2CV-Lavardens-place-\u00a9Linstant-C_-Office-de-Tourisme-Grand-Auch-coeur-de-Gascogne.jpg 1354w\" sizes=\"(max-width: 1200px) 100vw, 1200px\" \/><\/a><\/figure><\/li><li class=\"blocks-gallery-item\"><figure><a href=\"https:\/\/www.auch-tourisme.com\/en\/wp-content\/uploads\/wpetourisme\/CDT32_0136722.jpg\"><img data-src=\"https:\/\/www.auch-tourisme.com\/en\/wp-content\/uploads\/wpetourisme\/CDT32_0136722.jpg\" alt=\"\" data-id=\"5887\" data-full-url=\"https:\/\/www.auch-tourisme.com\/en\/wp-content\/uploads\/wpetourisme\/CDT32_0136722.jpg\" data-link=\"https:\/\/www.auch-tourisme.com\/en\/patrimoine-culturel\/village-de-lavardens\/lavardens\/\" class=\"wp-image-5887\"\/><\/a><\/figure><\/li><li class=\"blocks-gallery-item\"><figure><a href=\"https:\/\/www.auch-tourisme.com\/en\/wp-content\/uploads\/wpetourisme\/CDT32_0131484.jpg\"><img data-src=\"https:\/\/www.auch-tourisme.com\/en\/wp-content\/uploads\/wpetourisme\/CDT32_0131484.jpg\" alt=\"\" data-id=\"8336\" data-full-url=\"https:\/\/www.auch-tourisme.com\/en\/wp-content\/uploads\/wpetourisme\/CDT32_0131484.jpg\" data-link=\"https:\/\/www.auch-tourisme.com\/en\/agenda\/journee-nature-et-patrimoine\/randonnee\/\" class=\"wp-image-8336\"\/><\/a><\/figure><\/li><li class=\"blocks-gallery-item\"><figure><a href=\"https:\/\/www.auch-tourisme.com\/en\/wp-content\/uploads\/2020\/04\/2CV-Lavardens-\u00a9Linstant-C_-Office-de-Tourisme-Grand-Auch-coeur-de-Gascogne.jpg\"><img loading=\"lazy\" width=\"1132\" height=\"755\" data-src=\"https:\/\/www.auch-tourisme.com\/en\/wp-content\/uploads\/2020\/04\/2CV-Lavardens-\u00a9Linstant-C_-Office-de-Tourisme-Grand-Auch-coeur-de-Gascogne.jpg\" alt=\"\" data-id=\"10947\" data-full-url=\"https:\/\/www.auch-tourisme.com\/en\/wp-content\/uploads\/2020\/04\/2CV-Lavardens-\u00a9Linstant-C_-Office-de-Tourisme-Grand-Auch-coeur-de-Gascogne.jpg\" data-link=\"https:\/\/www.auch-tourisme.com\/en\/auch-c\u0153ur-de-gascogne-the-heart-of-gascony\/criss-cross-auch-and-the-heart-of-gascony\/the-village-of-lavardens-and-its-chateau\/2cv-lavardens-linstant-c_-office-de-tourisme-grand-auch-coeur-de-gascogne\/\" class=\"wp-image-10947\" data-srcset=\"https:\/\/www.auch-tourisme.com\/en\/wp-content\/uploads\/sites\/7\/2020\/04\/2CV-Lavardens-\u00a9Linstant-C_-Office-de-Tourisme-Grand-Auch-coeur-de-Gascogne.jpg 1132w, https:\/\/www.auch-tourisme.com\/en\/wp-content\/uploads\/sites\/7\/2020\/04\/2CV-Lavardens-\u00a9Linstant-C_-Office-de-Tourisme-Grand-Auch-coeur-de-Gascogne-600x400.jpg 600w, https:\/\/www.auch-tourisme.com\/en\/wp-content\/uploads\/sites\/7\/2020\/04\/2CV-Lavardens-\u00a9Linstant-C_-Office-de-Tourisme-Grand-Auch-coeur-de-Gascogne-900x600.jpg 900w, https:\/\/www.auch-tourisme.com\/en\/wp-content\/uploads\/sites\/7\/2020\/04\/2CV-Lavardens-\u00a9Linstant-C_-Office-de-Tourisme-Grand-Auch-coeur-de-Gascogne-200x133.jpg 200w, https:\/\/www.auch-tourisme.com\/en\/wp-content\/uploads\/sites\/7\/2020\/04\/2CV-Lavardens-\u00a9Linstant-C_-Office-de-Tourisme-Grand-Auch-coeur-de-Gascogne-275x183.jpg 275w\" sizes=\"(max-width: 1132px) 100vw, 1132px\" \/><\/a><\/figure><\/li><\/ul><\/figure>\n\n\n<div class=\"wp-block-related-post\">\n<h3>Places to go<\/h3>\n\n<div class=\"wp-block-related-post-inner alignfull\" id=\"relatedpostSlider--\">\n    <div class=\"wp-block-related-post-slider-block\">\n            <\/div>\n<\/div>\n\n<div class=\"wp-block-related-post-button\">\n    <p class=\"wp-block-related-post-button-prev slick-prev\"><\/p>\n    <p class=\"wp-block-related-post-button-next slick-next\"><\/p>\n<\/div>\n<\/div>","protected":false},"excerpt":{"rendered":"<p>Un des 6 Plus Beaux Villages de France du Gers aux ruelles m\u00e9di\u00e9vales invitant \u00e0 la fl\u00e2nerie et au ch\u00e2teau imposant ! <\/p>\n","protected":false},"author":1,"featured_media":8879,"parent":72,"menu_order":30,"comment_status":"closed","ping_status":"closed","template":"","meta":[],"yoast_head":"<!-- This site is optimized with the Yoast SEO plugin v15.2.1 - https:\/\/yoast.com\/wordpress\/plugins\/seo\/ -->\n<meta name=\"description\" content=\"Un des 6 Plus Beaux Villages de France du Gers aux ruelles m\u00e9di\u00e9vales invitant \u00e0 la fl\u00e2nerie et au ch\u00e2teau imposant !\" \/>\n<meta name=\"robots\" content=\"index, follow, max-snippet:-1, max-image-preview:large, max-video-preview:-1\" \/>\n<link rel=\"canonical\" href=\"https:\/\/www.auch-tourisme.com\/en\/auch-c\u0153ur-de-gascogne-the-heart-of-gascony\/criss-cross-auch-and-the-heart-of-gascony\/the-village-of-lavardens-and-its-chateau\/\" \/>\n<meta property=\"og:locale\" content=\"en_US\" \/>\n<meta property=\"og:type\" content=\"article\" \/>\n<meta property=\"og:title\" content=\"the village of Lavardens and its chateau - Grand Auch Coeur de Gascogne tourist office, official website\" \/>\n<meta property=\"og:description\" content=\"Un des 6 Plus Beaux Villages de France du Gers aux ruelles m\u00e9di\u00e9vales invitant \u00e0 la fl\u00e2nerie et au ch\u00e2teau imposant !\" \/>\n<meta property=\"og:url\" content=\"https:\/\/www.auch-tourisme.com\/en\/auch-c\u0153ur-de-gascogne-the-heart-of-gascony\/criss-cross-auch-and-the-heart-of-gascony\/the-village-of-lavardens-and-its-chateau\/\" \/>\n<meta property=\"og:site_name\" content=\"Grand Auch Coeur de Gascogne tourist office, official website\" \/>\n<meta property=\"article:publisher\" content=\"https:\/\/www.facebook.com\/TourismeAuch\" \/>\n<meta property=\"article:modified_time\" content=\"2020-10-08T14:20:09+00:00\" \/>\n<meta property=\"og:image\" content=\"https:\/\/www.auch-tourisme.com\/en\/wp-content\/uploads\/sites\/7\/2020\/03\/Lavardens-vue-a\u00e9rienne\u00a9Isasouri.jpg\" \/>\n\t<meta property=\"og:image:width\" content=\"900\" \/>\n\t<meta property=\"og:image:height\" content=\"600\" \/>\n<meta name=\"twitter:card\" content=\"summary_large_image\" \/>\n<meta name=\"twitter:creator\" content=\"@tourismeauch\" \/>\n<meta name=\"twitter:site\" content=\"@tourismeauch\" \/>\n<meta name=\"twitter:label1\" content=\"Written by\">\n\t<meta name=\"twitter:data1\" content=\"IRIS Interactive\">\n\t<meta name=\"twitter:label2\" content=\"Est. reading time\">\n\t<meta name=\"twitter:data2\" content=\"1 minute\">\n<script type=\"application\/ld+json\" class=\"yoast-schema-graph\">{\"@context\":\"https:\/\/schema.org\",\"@graph\":[{\"@type\":\"WebSite\",\"@id\":\"https:\/\/www.auch-tourisme.com\/en\/#website\",\"url\":\"https:\/\/www.auch-tourisme.com\/en\/\",\"name\":\"Grand Auch Coeur de Gascogne tourist office, official website\",\"description\":\"Site suggesting tourist sites, accomadation and leisures, giving information to go sightseeing\",\"potentialAction\":[{\"@type\":\"SearchAction\",\"target\":\"https:\/\/www.auch-tourisme.com\/en\/?s={search_term_string}\",\"query-input\":\"required name=search_term_string\"}],\"inLanguage\":\"en-US\"},{\"@type\":\"ImageObject\",\"@id\":\"https:\/\/www.auch-tourisme.com\/en\/auch-c%c5%93ur-de-gascogne-the-heart-of-gascony\/criss-cross-auch-and-the-heart-of-gascony\/the-village-of-lavardens-and-its-chateau\/#primaryimage\",\"inLanguage\":\"en-US\",\"url\":\"https:\/\/www.auch-tourisme.com\/en\/wp-content\/uploads\/sites\/7\/2020\/03\/Lavardens-vue-a\\u00e9rienne\\u00a9Isasouri.jpg\",\"width\":900,\"height\":600,\"caption\":\"Le village de Lavardens\"},{\"@type\":\"WebPage\",\"@id\":\"https:\/\/www.auch-tourisme.com\/en\/auch-c%c5%93ur-de-gascogne-the-heart-of-gascony\/criss-cross-auch-and-the-heart-of-gascony\/the-village-of-lavardens-and-its-chateau\/#webpage\",\"url\":\"https:\/\/www.auch-tourisme.com\/en\/auch-c%c5%93ur-de-gascogne-the-heart-of-gascony\/criss-cross-auch-and-the-heart-of-gascony\/the-village-of-lavardens-and-its-chateau\/\",\"name\":\"the village of Lavardens and its chateau - Grand Auch Coeur de Gascogne tourist office, official website\",\"isPartOf\":{\"@id\":\"https:\/\/www.auch-tourisme.com\/en\/#website\"},\"primaryImageOfPage\":{\"@id\":\"https:\/\/www.auch-tourisme.com\/en\/auch-c%c5%93ur-de-gascogne-the-heart-of-gascony\/criss-cross-auch-and-the-heart-of-gascony\/the-village-of-lavardens-and-its-chateau\/#primaryimage\"},\"datePublished\":\"2020-05-28T07:50:37+00:00\",\"dateModified\":\"2020-10-08T14:20:09+00:00\",\"description\":\"Un des 6 Plus Beaux Villages de France du Gers aux ruelles m\\u00e9di\\u00e9vales invitant \\u00e0 la fl\\u00e2nerie et au ch\\u00e2teau imposant !\",\"breadcrumb\":{\"@id\":\"https:\/\/www.auch-tourisme.com\/en\/auch-c%c5%93ur-de-gascogne-the-heart-of-gascony\/criss-cross-auch-and-the-heart-of-gascony\/the-village-of-lavardens-and-its-chateau\/#breadcrumb\"},\"inLanguage\":\"en-US\",\"potentialAction\":[{\"@type\":\"ReadAction\",\"target\":[\"https:\/\/www.auch-tourisme.com\/en\/auch-c%c5%93ur-de-gascogne-the-heart-of-gascony\/criss-cross-auch-and-the-heart-of-gascony\/the-village-of-lavardens-and-its-chateau\/\"]}]},{\"@type\":\"BreadcrumbList\",\"@id\":\"https:\/\/www.auch-tourisme.com\/en\/auch-c%c5%93ur-de-gascogne-the-heart-of-gascony\/criss-cross-auch-and-the-heart-of-gascony\/the-village-of-lavardens-and-its-chateau\/#breadcrumb\",\"itemListElement\":[{\"@type\":\"ListItem\",\"position\":1,\"item\":{\"@type\":\"WebPage\",\"@id\":\"https:\/\/www.auch-tourisme.com\/en\/\",\"url\":\"https:\/\/www.auch-tourisme.com\/en\/\",\"name\":\"Home\"}},{\"@type\":\"ListItem\",\"position\":2,\"item\":{\"@type\":\"WebPage\",\"@id\":\"https:\/\/www.auch-tourisme.com\/en\/auch-c%c5%93ur-de-gascogne-the-heart-of-gascony\/\",\"url\":\"https:\/\/www.auch-tourisme.com\/en\/auch-c%c5%93ur-de-gascogne-the-heart-of-gascony\/\",\"name\":\"Auch, c\\u0153ur de Gascogne, the heart of Gascony\"}},{\"@type\":\"ListItem\",\"position\":3,\"item\":{\"@type\":\"WebPage\",\"@id\":\"https:\/\/www.auch-tourisme.com\/en\/auch-c%c5%93ur-de-gascogne-the-heart-of-gascony\/criss-cross-auch-and-the-heart-of-gascony\/\",\"url\":\"https:\/\/www.auch-tourisme.com\/en\/auch-c%c5%93ur-de-gascogne-the-heart-of-gascony\/criss-cross-auch-and-the-heart-of-gascony\/\",\"name\":\"Criss-cross Auch and the heart of Gascony\"}},{\"@type\":\"ListItem\",\"position\":4,\"item\":{\"@type\":\"WebPage\",\"@id\":\"https:\/\/www.auch-tourisme.com\/en\/auch-c%c5%93ur-de-gascogne-the-heart-of-gascony\/criss-cross-auch-and-the-heart-of-gascony\/the-village-of-lavardens-and-its-chateau\/\",\"url\":\"https:\/\/www.auch-tourisme.com\/en\/auch-c%c5%93ur-de-gascogne-the-heart-of-gascony\/criss-cross-auch-and-the-heart-of-gascony\/the-village-of-lavardens-and-its-chateau\/\",\"name\":\"the village of Lavardens and its chateau\"}}]}]}<\/script>\n<!-- \/ Yoast SEO plugin. -->","_links":{"self":[{"href":"https:\/\/www.auch-tourisme.com\/en\/wp-json\/wp\/v2\/pages\/88"}],"collection":[{"href":"https:\/\/www.auch-tourisme.com\/en\/wp-json\/wp\/v2\/pages"}],"about":[{"href":"https:\/\/www.auch-tourisme.com\/en\/wp-json\/wp\/v2\/types\/page"}],"author":[{"embeddable":true,"href":"https:\/\/www.auch-tourisme.com\/en\/wp-json\/wp\/v2\/users\/1"}],"replies":[{"embeddable":true,"href":"https:\/\/www.auch-tourisme.com\/en\/wp-json\/wp\/v2\/comments?post=88"}],"version-history":[{"count":75,"href":"https:\/\/www.auch-tourisme.com\/en\/wp-json\/wp\/v2\/pages\/88\/revisions"}],"predecessor-version":[{"id":19744,"href":"https:\/\/www.auch-tourisme.com\/en\/wp-json\/wp\/v2\/pages\/88\/revisions\/19744"}],"up":[{"embeddable":true,"href":"https:\/\/www.auch-tourisme.com\/en\/wp-json\/wp\/v2\/pages\/72"}],"wp:featuredmedia":[{"embeddable":true,"href":"https:\/\/www.auch-tourisme.com\/en\/wp-json\/wp\/v2\/media\/8879"}],"wp:attachment":[{"href":"https:\/\/www.auch-tourisme.com\/en\/wp-json\/wp\/v2\/media?parent=88"}],"curies":[{"name":"wp","href":"https:\/\/api.w.org\/{rel}","templated":true}]}}