{"id":78,"date":"2020-05-28T08:50:37","date_gmt":"2020-05-28T07:50:37","guid":{"rendered":"https:\/\/www.auch-tourisme.com\/en\/vineyard-in-the-gers"},"modified":"2020-09-07T09:46:44","modified_gmt":"2020-09-07T07:46:44","slug":"vineyard-in-the-gers","status":"publish","type":"page","link":"https:\/\/www.auch-tourisme.com\/en\/auch-c%c5%93ur-de-gascogne-the-heart-of-gascony\/vineyard-in-the-gers\/","title":{"rendered":"Vineyard in the Gers"},"content":{"rendered":"\n    <div class=\"wp-block-strate-full alignfull\">\n\n        <div class=\"wp-block-strate-full-thumbnail\" style=\"background-image:url(https:\/\/www.auch-tourisme.com\/en\/wp-content\/uploads\/2020\/03\/Grappe-mosa\u00efques-seviac.jpg)\"><\/div>\n\n        \n            <div class=\"wp-block-strate-full-content left\">\n                                    <h3 class=\"wp-block-strate-full-content-title\"> An ancient culture <\/h3>\n                                                    <p class=\"wp-block-strate-full-content-excerpt\"> The superb mosaics dated of Roman times discovered in the Gallo-Roman villa in S\u00e9viac bear witness.  <\/p>\n                            <\/div>\n\n        \n    <\/div>\n\n\n\n<p>Thanks to their know-how, grape varieties and the terroirs, vineyards of Gascony give generous wines.<\/p>\n\n\n\n<p>Vines cover over 50% of the Gers region, which borders the Pyr\u00e9n\u00e9es-Atlantiques, the Hautes-Pyr\u00e9n\u00e9es, the Landes and the Lot-et-Garonne.<\/p>\n\n\n\n<h2> The map<\/h2>\n\n\n\n<div class=\"wp-block-image\"><figure class=\"aligncenter size-large\"><img loading=\"lazy\" width=\"593\" height=\"594\" data-src=\"https:\/\/www.auch-tourisme.com\/en\/wp-content\/uploads\/2020\/03\/Carte-vignoble-Gascogne-Armagnac.png\" alt=\"Carte vignoble Gascogne Armagnac - Gers \" class=\"wp-image-9449\" data-srcset=\"https:\/\/www.auch-tourisme.com\/en\/wp-content\/uploads\/sites\/7\/2020\/03\/Carte-vignoble-Gascogne-Armagnac.png 593w, https:\/\/www.auch-tourisme.com\/en\/wp-content\/uploads\/sites\/7\/2020\/03\/Carte-vignoble-Gascogne-Armagnac-300x300.png 300w, https:\/\/www.auch-tourisme.com\/en\/wp-content\/uploads\/sites\/7\/2020\/03\/Carte-vignoble-Gascogne-Armagnac-210x210.png 210w, https:\/\/www.auch-tourisme.com\/en\/wp-content\/uploads\/sites\/7\/2020\/03\/Carte-vignoble-Gascogne-Armagnac-200x200.png 200w, https:\/\/www.auch-tourisme.com\/en\/wp-content\/uploads\/sites\/7\/2020\/03\/Carte-vignoble-Gascogne-Armagnac-275x275.png 275w\" sizes=\"(max-width: 593px) 100vw, 593px\" \/><\/figure><\/div>\n\n\n\n<h2> &#8220;\u00e0 la carte&#8221; <\/h2>\n\n\n\n<p>Winegrowers produce a wide range of wines steeped in an identity unique to the Gers. From appetizer to dessert, the aroma varieties are able to accompany your dishes.<\/p>\n\n\n\n<figure class=\"wp-block-image alignfull size-large\"><img loading=\"lazy\" width=\"1200\" height=\"800\" data-src=\"https:\/\/www.auch-tourisme.com\/en\/wp-content\/uploads\/2020\/03\/Tapas-vins-Gers-\u00a9Filieres-viticoles-Gers-1200x800.jpg\" alt=\"Ap\u00e9ritif productions viticoles du Gers \u00a9Floc de Gascogne\" class=\"wp-image-9209\" data-srcset=\"https:\/\/www.auch-tourisme.com\/en\/wp-content\/uploads\/sites\/7\/2020\/03\/Tapas-vins-Gers-\u00a9Filieres-viticoles-Gers-1200x800.jpg 1200w, https:\/\/www.auch-tourisme.com\/en\/wp-content\/uploads\/sites\/7\/2020\/03\/Tapas-vins-Gers-\u00a9Filieres-viticoles-Gers-600x400.jpg 600w, https:\/\/www.auch-tourisme.com\/en\/wp-content\/uploads\/sites\/7\/2020\/03\/Tapas-vins-Gers-\u00a9Filieres-viticoles-Gers-900x600.jpg 900w, https:\/\/www.auch-tourisme.com\/en\/wp-content\/uploads\/sites\/7\/2020\/03\/Tapas-vins-Gers-\u00a9Filieres-viticoles-Gers-1536x1024.jpg 1536w, https:\/\/www.auch-tourisme.com\/en\/wp-content\/uploads\/sites\/7\/2020\/03\/Tapas-vins-Gers-\u00a9Filieres-viticoles-Gers-200x133.jpg 200w, https:\/\/www.auch-tourisme.com\/en\/wp-content\/uploads\/sites\/7\/2020\/03\/Tapas-vins-Gers-\u00a9Filieres-viticoles-Gers-275x183.jpg 275w, https:\/\/www.auch-tourisme.com\/en\/wp-content\/uploads\/sites\/7\/2020\/03\/Tapas-vins-Gers-\u00a9Filieres-viticoles-Gers.jpg 1743w\" sizes=\"(max-width: 1200px) 100vw, 1200px\" \/><\/figure>\n\n\n\n<h3>The C\u00f4tes de Gascogne and C\u00f4tes du Condommois (PGI)<\/h3>\n\n\n\n<p>The C\u00f4tes de Gascogne vineyard is made up of three main types of terroirs, each one corresponding to the historic areas defining the original areas for Armagnacs.<\/p>\n\n\n\n<p>Appreciate light and fruity whites, mellow and intense reds, or tender, gourmet sweet wines.<\/p>\n\n\n\n<h3>C\u00f4tes de Saint-Mont (V.D.Q.S) <\/h3>\n\n\n\n<p>In the Gers department, is a unique appellation where Gascon wine growers create their heritage from authentic varieties. These wine growers all share \u201cthe passion for Saint Mont\u201d, a respect for the traditions of cultivation, the diversity of varieties, the maintenance of hand-picked harvesting and the protection of old plots as the plot of Sarragachies, registered as an Historical Monument.<\/p>\n\n\n\n<figure class=\"wp-block-image alignfull size-large\"><img loading=\"lazy\" width=\"1200\" height=\"818\" data-src=\"https:\/\/www.auch-tourisme.com\/en\/wp-content\/uploads\/2020\/03\/Plaimont-\u00a9OT-GrandAuchCoeurDeGascogne-1200x818.jpg\" alt=\"D\u00e9gustation de vins de Plaimont \u00a9OT GrandAuchCoeurDeGascogne\" class=\"wp-image-9202\" data-srcset=\"https:\/\/www.auch-tourisme.com\/en\/wp-content\/uploads\/sites\/7\/2020\/03\/Plaimont-\u00a9OT-GrandAuchCoeurDeGascogne-1200x818.jpg 1200w, https:\/\/www.auch-tourisme.com\/en\/wp-content\/uploads\/sites\/7\/2020\/03\/Plaimont-\u00a9OT-GrandAuchCoeurDeGascogne-600x409.jpg 600w, https:\/\/www.auch-tourisme.com\/en\/wp-content\/uploads\/sites\/7\/2020\/03\/Plaimont-\u00a9OT-GrandAuchCoeurDeGascogne-900x613.jpg 900w, https:\/\/www.auch-tourisme.com\/en\/wp-content\/uploads\/sites\/7\/2020\/03\/Plaimont-\u00a9OT-GrandAuchCoeurDeGascogne-1536x1046.jpg 1536w, https:\/\/www.auch-tourisme.com\/en\/wp-content\/uploads\/sites\/7\/2020\/03\/Plaimont-\u00a9OT-GrandAuchCoeurDeGascogne-200x136.jpg 200w, https:\/\/www.auch-tourisme.com\/en\/wp-content\/uploads\/sites\/7\/2020\/03\/Plaimont-\u00a9OT-GrandAuchCoeurDeGascogne-275x187.jpg 275w, https:\/\/www.auch-tourisme.com\/en\/wp-content\/uploads\/sites\/7\/2020\/03\/Plaimont-\u00a9OT-GrandAuchCoeurDeGascogne.jpg 1920w\" sizes=\"(max-width: 1200px) 100vw, 1200px\" \/><\/figure>\n\n\n\n<h3> Madiran (AOC) and Pacherenc<\/h3>\n\n\n\n<p>Particularly original as Madiran is an appellation that only produces reds and Pacherenc du Vic-Bilh, a small, little known appellation with sweet and dry whites.<\/p>\n\n\n\n<p>Madiran is well known because of its delicate aromatic richness. The late harvests have established the fame of sweet Pacherenc.<\/p>\n\n\n    <div class=\"wp-block-testimonial\">\n        <div class=\"container\">\n            <div class=\"wp-block-testimonial-thumbnail\">\n                <img data-src=\"https:\/\/www.auch-tourisme.com\/en\/wp-content\/uploads\/2020\/03\/Bruno-hotel-de-france-\u00a9OT-GrandAuchCoeurDeGascogne-300x300.jpeg\" alt=\"the wise advice of Bruno CASASSUS\">\n            <\/div>\n            <div class=\"wp-block-testimonial-content\">\n                <h3 class=\"wp-block-testimonial-content-title\">the wise advice of Bruno CASASSUS<\/h3>\n                <p class=\"wp-block-testimonial-meta-content-job\">Ma\u00eetre d&#8217;h\u00f4tel MOF in the restaurants &#8220;La Grande Salle&#8221; and &#8220;Le  Neuvi\u00e8me&#8221;<\/p>\n                Dry Pacherenc du Vic-Bilh<br>With freshness as its keyword, its light, fruity, lively and fresh character gives easy-going and adaptable wines.            <\/div>\n        <\/div>\n    <\/div>\n\n\n<h3>Armagnac<\/h3>\n\n\n\n<p><\/p>\n\n\n\n    <div class=\"wp-block-strate-full alignfull\">\n\n        <div class=\"wp-block-strate-full-thumbnail\" style=\"background-image:url(https:\/\/www.auch-tourisme.com\/en\/wp-content\/uploads\/2020\/03\/Linstant-C-11.jpg)\"><\/div>\n\n        \n            <div class=\"wp-block-strate-full-content left\">\n                                                    <p class=\"wp-block-strate-full-content-excerpt\"> The oldest wine based eau-de-vie produced in southwest France, in the heart of Gascony. <\/p>\n                            <\/div>\n\n        \n    <\/div>\n\n\n\n<p>Bas-Armagnac, Armagnac Tenar\u00e8ze and Haut-Armagnac together constitute a vineyard in the form of a vine leaf that represents 15 000 hectares of vines planted over a part of the three departments: The Gers, the Landes and the Lot-et-Garonne.&nbsp;<\/p>\n\n\n\n<figure class=\"wp-block-gallery alignfull columns-3 is-cropped\"><ul class=\"blocks-gallery-grid\"><li class=\"blocks-gallery-item\"><figure><img loading=\"lazy\" width=\"1200\" height=\"800\" data-src=\"https:\/\/www.auch-tourisme.com\/en\/wp-content\/uploads\/2020\/03\/Linstant-C-07-1-1200x800.jpg\" alt=\"\" data-id=\"9238\" data-link=\"https:\/\/www.auch-tourisme.com\/en\/auch-c\u0153ur-de-gascogne-the-heart-of-gascony\/vineyard-in-the-gers\/linstant-c-07-1\/\" class=\"wp-image-9238\" data-srcset=\"https:\/\/www.auch-tourisme.com\/en\/wp-content\/uploads\/sites\/7\/2020\/03\/Linstant-C-07-1-1200x800.jpg 1200w, https:\/\/www.auch-tourisme.com\/en\/wp-content\/uploads\/sites\/7\/2020\/03\/Linstant-C-07-1-600x400.jpg 600w, https:\/\/www.auch-tourisme.com\/en\/wp-content\/uploads\/sites\/7\/2020\/03\/Linstant-C-07-1-900x600.jpg 900w, https:\/\/www.auch-tourisme.com\/en\/wp-content\/uploads\/sites\/7\/2020\/03\/Linstant-C-07-1-1536x1024.jpg 1536w, https:\/\/www.auch-tourisme.com\/en\/wp-content\/uploads\/sites\/7\/2020\/03\/Linstant-C-07-1-200x133.jpg 200w, https:\/\/www.auch-tourisme.com\/en\/wp-content\/uploads\/sites\/7\/2020\/03\/Linstant-C-07-1-275x183.jpg 275w, https:\/\/www.auch-tourisme.com\/en\/wp-content\/uploads\/sites\/7\/2020\/03\/Linstant-C-07-1.jpg 1920w\" sizes=\"(max-width: 1200px) 100vw, 1200px\" \/><\/figure><\/li><li class=\"blocks-gallery-item\"><figure><img loading=\"lazy\" width=\"1200\" height=\"800\" data-src=\"https:\/\/www.auch-tourisme.com\/en\/wp-content\/uploads\/2020\/03\/Linstant-C-01-1-1200x800.jpg\" alt=\"\" data-id=\"9239\" data-link=\"https:\/\/www.auch-tourisme.com\/en\/auch-c\u0153ur-de-gascogne-the-heart-of-gascony\/vineyard-in-the-gers\/linstant-c-01-1\/\" class=\"wp-image-9239\" data-srcset=\"https:\/\/www.auch-tourisme.com\/en\/wp-content\/uploads\/sites\/7\/2020\/03\/Linstant-C-01-1-1200x800.jpg 1200w, https:\/\/www.auch-tourisme.com\/en\/wp-content\/uploads\/sites\/7\/2020\/03\/Linstant-C-01-1-600x400.jpg 600w, https:\/\/www.auch-tourisme.com\/en\/wp-content\/uploads\/sites\/7\/2020\/03\/Linstant-C-01-1-900x600.jpg 900w, https:\/\/www.auch-tourisme.com\/en\/wp-content\/uploads\/sites\/7\/2020\/03\/Linstant-C-01-1-1536x1024.jpg 1536w, https:\/\/www.auch-tourisme.com\/en\/wp-content\/uploads\/sites\/7\/2020\/03\/Linstant-C-01-1-200x133.jpg 200w, https:\/\/www.auch-tourisme.com\/en\/wp-content\/uploads\/sites\/7\/2020\/03\/Linstant-C-01-1-275x183.jpg 275w, https:\/\/www.auch-tourisme.com\/en\/wp-content\/uploads\/sites\/7\/2020\/03\/Linstant-C-01-1.jpg 1920w\" sizes=\"(max-width: 1200px) 100vw, 1200px\" \/><\/figure><\/li><li class=\"blocks-gallery-item\"><figure><img loading=\"lazy\" width=\"1200\" height=\"800\" data-src=\"https:\/\/www.auch-tourisme.com\/en\/wp-content\/uploads\/2020\/03\/Linstant-C-05-1200x800.jpg\" alt=\"\" data-id=\"9240\" data-link=\"https:\/\/www.auch-tourisme.com\/en\/auch-c\u0153ur-de-gascogne-the-heart-of-gascony\/vineyard-in-the-gers\/linstant-c-05\/\" class=\"wp-image-9240\" data-srcset=\"https:\/\/www.auch-tourisme.com\/en\/wp-content\/uploads\/sites\/7\/2020\/03\/Linstant-C-05-1200x800.jpg 1200w, https:\/\/www.auch-tourisme.com\/en\/wp-content\/uploads\/sites\/7\/2020\/03\/Linstant-C-05-600x400.jpg 600w, https:\/\/www.auch-tourisme.com\/en\/wp-content\/uploads\/sites\/7\/2020\/03\/Linstant-C-05-900x600.jpg 900w, https:\/\/www.auch-tourisme.com\/en\/wp-content\/uploads\/sites\/7\/2020\/03\/Linstant-C-05-1536x1024.jpg 1536w, https:\/\/www.auch-tourisme.com\/en\/wp-content\/uploads\/sites\/7\/2020\/03\/Linstant-C-05-200x133.jpg 200w, https:\/\/www.auch-tourisme.com\/en\/wp-content\/uploads\/sites\/7\/2020\/03\/Linstant-C-05-275x183.jpg 275w, https:\/\/www.auch-tourisme.com\/en\/wp-content\/uploads\/sites\/7\/2020\/03\/Linstant-C-05.jpg 1920w\" sizes=\"(max-width: 1200px) 100vw, 1200px\" \/><\/figure><\/li><\/ul><\/figure>\n\n\n\n<h3>Floc de Gascogne<\/h3>\n\n\n\n<p>White or red, Flocs de Gascogne are the elegant combination of two thirds fresh grape juice and one third young Armagnac.<\/p>\n\n\n\n<figure class=\"wp-block-image alignfull size-full\"><img loading=\"lazy\" width=\"1200\" height=\"800\" data-src=\"https:\/\/www.auch-tourisme.com\/en\/wp-content\/uploads\/2020\/03\/2-bouteilles-terrasse-\u00a9Floc-de-Gascogne.jpg\" alt=\"Floc en terrasse \u00a9Floc de Gascogne\" class=\"wp-image-9207\" data-srcset=\"https:\/\/www.auch-tourisme.com\/en\/wp-content\/uploads\/sites\/7\/2020\/03\/2-bouteilles-terrasse-\u00a9Floc-de-Gascogne.jpg 1200w, https:\/\/www.auch-tourisme.com\/en\/wp-content\/uploads\/sites\/7\/2020\/03\/2-bouteilles-terrasse-\u00a9Floc-de-Gascogne-600x400.jpg 600w, https:\/\/www.auch-tourisme.com\/en\/wp-content\/uploads\/sites\/7\/2020\/03\/2-bouteilles-terrasse-\u00a9Floc-de-Gascogne-900x600.jpg 900w, https:\/\/www.auch-tourisme.com\/en\/wp-content\/uploads\/sites\/7\/2020\/03\/2-bouteilles-terrasse-\u00a9Floc-de-Gascogne-200x133.jpg 200w, https:\/\/www.auch-tourisme.com\/en\/wp-content\/uploads\/sites\/7\/2020\/03\/2-bouteilles-terrasse-\u00a9Floc-de-Gascogne-275x183.jpg 275w\" sizes=\"(max-width: 1200px) 100vw, 1200px\" \/><\/figure>\n\n\n\n<p class=\"is-style-excerpt\">\u00abLou Floc de Nouste\u00bb, \u00abthe bouquet of flowers of our home\u00bb, literally translated, was therefore christened Floc de Gascogne in 1976, when it was first put on the market.<\/p>\n\n\n\n<p class=\"is-style-highlight\">There is not just ONE Floc de Gascogne but MORE THAN ONE HUNDRED AND FIFTY! Try these <a href=\"http:\/\/flocdegascogne.fr\/recipes\/\" target=\"_blank\" rel=\"noreferrer noopener\">recipes<\/a>&#8230;<\/p>\n\n\n\n<figure class=\"wp-block-gallery alignfull columns-3 is-cropped\"><ul class=\"blocks-gallery-grid\"><li class=\"blocks-gallery-item\"><figure><img loading=\"lazy\" width=\"801\" height=\"1200\" data-src=\"https:\/\/www.auch-tourisme.com\/en\/wp-content\/uploads\/2020\/03\/Floc-Gourmand-Blanc-Rouge_new-801x1200.jpg\" alt=\"\" data-id=\"9262\" class=\"wp-image-9262\" data-srcset=\"https:\/\/www.auch-tourisme.com\/en\/wp-content\/uploads\/sites\/7\/2020\/03\/Floc-Gourmand-Blanc-Rouge_new-801x1200.jpg 801w, https:\/\/www.auch-tourisme.com\/en\/wp-content\/uploads\/sites\/7\/2020\/03\/Floc-Gourmand-Blanc-Rouge_new-401x600.jpg 401w, https:\/\/www.auch-tourisme.com\/en\/wp-content\/uploads\/sites\/7\/2020\/03\/Floc-Gourmand-Blanc-Rouge_new-601x900.jpg 601w, https:\/\/www.auch-tourisme.com\/en\/wp-content\/uploads\/sites\/7\/2020\/03\/Floc-Gourmand-Blanc-Rouge_new-1026x1536.jpg 1026w, https:\/\/www.auch-tourisme.com\/en\/wp-content\/uploads\/sites\/7\/2020\/03\/Floc-Gourmand-Blanc-Rouge_new-200x300.jpg 200w, https:\/\/www.auch-tourisme.com\/en\/wp-content\/uploads\/sites\/7\/2020\/03\/Floc-Gourmand-Blanc-Rouge_new-275x412.jpg 275w, https:\/\/www.auch-tourisme.com\/en\/wp-content\/uploads\/sites\/7\/2020\/03\/Floc-Gourmand-Blanc-Rouge_new.jpg 1282w\" sizes=\"(max-width: 801px) 100vw, 801px\" \/><\/figure><\/li><li class=\"blocks-gallery-item\"><figure><img loading=\"lazy\" width=\"800\" height=\"1200\" data-src=\"https:\/\/www.auch-tourisme.com\/en\/wp-content\/uploads\/2020\/03\/mojifloc-\u00a9Floc-de-Gascogne-800x1200.jpg\" alt=\"\" data-id=\"9264\" data-full-url=\"https:\/\/www.auch-tourisme.com\/en\/wp-content\/uploads\/2020\/03\/mojifloc-\u00a9Floc-de-Gascogne.jpg\" data-link=\"https:\/\/www.auch-tourisme.com\/en\/auch-c\u0153ur-de-gascogne-the-heart-of-gascony\/vineyard-in-the-gers\/mojifloc-floc-de-gascogne\/\" class=\"wp-image-9264\" data-srcset=\"https:\/\/www.auch-tourisme.com\/en\/wp-content\/uploads\/sites\/7\/2020\/03\/mojifloc-\u00a9Floc-de-Gascogne-800x1200.jpg 800w, https:\/\/www.auch-tourisme.com\/en\/wp-content\/uploads\/sites\/7\/2020\/03\/mojifloc-\u00a9Floc-de-Gascogne-400x600.jpg 400w, https:\/\/www.auch-tourisme.com\/en\/wp-content\/uploads\/sites\/7\/2020\/03\/mojifloc-\u00a9Floc-de-Gascogne-600x900.jpg 600w, https:\/\/www.auch-tourisme.com\/en\/wp-content\/uploads\/sites\/7\/2020\/03\/mojifloc-\u00a9Floc-de-Gascogne-1024x1536.jpg 1024w, https:\/\/www.auch-tourisme.com\/en\/wp-content\/uploads\/sites\/7\/2020\/03\/mojifloc-\u00a9Floc-de-Gascogne-200x300.jpg 200w, https:\/\/www.auch-tourisme.com\/en\/wp-content\/uploads\/sites\/7\/2020\/03\/mojifloc-\u00a9Floc-de-Gascogne-275x413.jpg 275w, https:\/\/www.auch-tourisme.com\/en\/wp-content\/uploads\/sites\/7\/2020\/03\/mojifloc-\u00a9Floc-de-Gascogne.jpg 1280w\" sizes=\"(max-width: 800px) 100vw, 800px\" \/><\/figure><\/li><li class=\"blocks-gallery-item\"><figure><img loading=\"lazy\" width=\"800\" height=\"1200\" data-src=\"https:\/\/www.auch-tourisme.com\/en\/wp-content\/uploads\/2020\/03\/Ap\u00e9ro-Floc-Rouge-Floc-Blanc-Cocktail-new-800x1200.jpg\" alt=\"\" data-id=\"9263\" data-link=\"https:\/\/www.auch-tourisme.com\/en\/auch-c\u0153ur-de-gascogne-the-heart-of-gascony\/vineyard-in-the-gers\/apero-floc-rouge-floc-blanc-cocktail-new\/\" class=\"wp-image-9263\" data-srcset=\"https:\/\/www.auch-tourisme.com\/en\/wp-content\/uploads\/sites\/7\/2020\/03\/Ap\u00e9ro-Floc-Rouge-Floc-Blanc-Cocktail-new-800x1200.jpg 800w, https:\/\/www.auch-tourisme.com\/en\/wp-content\/uploads\/sites\/7\/2020\/03\/Ap\u00e9ro-Floc-Rouge-Floc-Blanc-Cocktail-new-400x600.jpg 400w, https:\/\/www.auch-tourisme.com\/en\/wp-content\/uploads\/sites\/7\/2020\/03\/Ap\u00e9ro-Floc-Rouge-Floc-Blanc-Cocktail-new-600x900.jpg 600w, https:\/\/www.auch-tourisme.com\/en\/wp-content\/uploads\/sites\/7\/2020\/03\/Ap\u00e9ro-Floc-Rouge-Floc-Blanc-Cocktail-new-1024x1536.jpg 1024w, https:\/\/www.auch-tourisme.com\/en\/wp-content\/uploads\/sites\/7\/2020\/03\/Ap\u00e9ro-Floc-Rouge-Floc-Blanc-Cocktail-new-200x300.jpg 200w, https:\/\/www.auch-tourisme.com\/en\/wp-content\/uploads\/sites\/7\/2020\/03\/Ap\u00e9ro-Floc-Rouge-Floc-Blanc-Cocktail-new-275x413.jpg 275w, https:\/\/www.auch-tourisme.com\/en\/wp-content\/uploads\/sites\/7\/2020\/03\/Ap\u00e9ro-Floc-Rouge-Floc-Blanc-Cocktail-new.jpg 1280w\" sizes=\"(max-width: 800px) 100vw, 800px\" \/><\/figure><\/li><\/ul><\/figure>\n\n\n\n<h2>The discovery <\/h2>\n\n\n\n<p>The wine growers never miss an opportunity to tell the vineyard story, to encourage people to sample their wines. Cellars and ch\u00e2teaux welcome you to perfect your wine-tasting experience.<\/p>\n\n\n\n<p>Discover the terroir and taste the various and sometimes very different styles made by the talented winegrowers of Gascony.<\/p>\n\n\n<div class=\"wp-block-related-post\">\n<h3>The way of life<\/h3>\n\n<div class=\"wp-block-related-post-inner alignfull\" id=\"relatedpostSlider--\">\n    <div class=\"wp-block-related-post-slider-block\">\n            <\/div>\n<\/div>\n\n<div class=\"wp-block-related-post-button\">\n    <p class=\"wp-block-related-post-button-prev slick-prev\"><\/p>\n    <p class=\"wp-block-related-post-button-next slick-next\"><\/p>\n<\/div>\n<\/div>\n\n\n<p>Wine-growing, heritage, gastronomy and culture, share the passion of our wine growers<\/p>\n\n\n\n<h3>Estates with recognised classification \u201c Vignobles &amp; D\u00e9couvertes \u201d <\/h3>\n\n\n\n<p>&#8220;Vignobles et D\u00e9couvertes&#8221; is a quality classification that guarantee visitors a warm welcome and a quality production.&nbsp;<\/p>\n\n\n\n<h3>Information ans brochures<\/h3>\n\n\n\n<p>All information for a stay, a visit, an accomodation and all kind of useful adress about le Gers are <a href=\"http:\/\/www.holidays-gers.com\/\" target=\"_blank\" rel=\"noreferrer noopener\">here<\/a>.<\/p>\n\n\n\n<p>The map\u201c Route des vignobles du Gers et de la Gascogne \u201d is available in the tourist offices.<\/p>\n\n\n\n<p><em>Excessive drinking is dangerous for the health; alcoholic beverages should be consumed with moderation.<\/em><\/p>\n","protected":false},"excerpt":{"rendered":"<p>Armagnac, Floc de Gascogne, vins C\u00f4tes de Gascogne : le trio viticole du Gers accompagne le repas du d\u00e9but \u00e0 la fin !<\/p>\n","protected":false},"author":1,"featured_media":9257,"parent":62,"menu_order":70,"comment_status":"closed","ping_status":"closed","template":"","meta":[],"yoast_head":"<!-- This site is optimized with the Yoast SEO plugin v15.2.1 - https:\/\/yoast.com\/wordpress\/plugins\/seo\/ -->\n<meta name=\"description\" content=\"Armagnac, Floc de Gascogne, vins C\u00f4tes de Gascogne : le trio viticole du Gers accompagne le repas du d\u00e9but \u00e0 la fin !\" \/>\n<meta name=\"robots\" content=\"index, follow, max-snippet:-1, max-image-preview:large, max-video-preview:-1\" \/>\n<link rel=\"canonical\" href=\"https:\/\/www.auch-tourisme.com\/en\/auch-c\u0153ur-de-gascogne-the-heart-of-gascony\/vineyard-in-the-gers\/\" \/>\n<meta property=\"og:locale\" content=\"en_US\" \/>\n<meta property=\"og:type\" content=\"article\" \/>\n<meta property=\"og:title\" content=\"Vineyard in the Gers - Grand Auch Coeur de Gascogne tourist office, official website\" \/>\n<meta property=\"og:description\" content=\"Armagnac, Floc de Gascogne, vins C\u00f4tes de Gascogne : le trio viticole du Gers accompagne le repas du d\u00e9but \u00e0 la fin !\" \/>\n<meta property=\"og:url\" content=\"https:\/\/www.auch-tourisme.com\/en\/auch-c\u0153ur-de-gascogne-the-heart-of-gascony\/vineyard-in-the-gers\/\" \/>\n<meta property=\"og:site_name\" content=\"Grand Auch Coeur de Gascogne tourist office, official website\" \/>\n<meta property=\"article:publisher\" content=\"https:\/\/www.facebook.com\/TourismeAuch\" \/>\n<meta property=\"article:modified_time\" content=\"2020-09-07T07:46:44+00:00\" \/>\n<meta property=\"og:image\" content=\"https:\/\/www.auch-tourisme.com\/en\/wp-content\/uploads\/sites\/7\/2020\/03\/Vignes-Saint-Jean-Poutge-Herrebouc-\u00a9David-REMAZEILLES-5.jpg\" \/>\n\t<meta property=\"og:image:width\" content=\"1916\" \/>\n\t<meta property=\"og:image:height\" content=\"1277\" \/>\n<meta name=\"twitter:card\" content=\"summary_large_image\" \/>\n<meta name=\"twitter:creator\" content=\"@tourismeauch\" \/>\n<meta name=\"twitter:site\" content=\"@tourismeauch\" \/>\n<meta name=\"twitter:label1\" content=\"Written by\">\n\t<meta name=\"twitter:data1\" content=\"IRIS Interactive\">\n\t<meta name=\"twitter:label2\" content=\"Est. reading time\">\n\t<meta name=\"twitter:data2\" content=\"2 minutes\">\n<script type=\"application\/ld+json\" class=\"yoast-schema-graph\">{\"@context\":\"https:\/\/schema.org\",\"@graph\":[{\"@type\":\"WebSite\",\"@id\":\"https:\/\/www.auch-tourisme.com\/en\/#website\",\"url\":\"https:\/\/www.auch-tourisme.com\/en\/\",\"name\":\"Grand Auch Coeur de Gascogne tourist office, official website\",\"description\":\"Site suggesting tourist sites, accomadation and leisures, giving information to go sightseeing\",\"potentialAction\":[{\"@type\":\"SearchAction\",\"target\":\"https:\/\/www.auch-tourisme.com\/en\/?s={search_term_string}\",\"query-input\":\"required name=search_term_string\"}],\"inLanguage\":\"en-US\"},{\"@type\":\"ImageObject\",\"@id\":\"https:\/\/www.auch-tourisme.com\/en\/auch-c%c5%93ur-de-gascogne-the-heart-of-gascony\/vineyard-in-the-gers\/#primaryimage\",\"inLanguage\":\"en-US\",\"url\":\"https:\/\/www.auch-tourisme.com\/en\/wp-content\/uploads\/sites\/7\/2020\/03\/Vignes-Saint-Jean-Poutge-Herrebouc-\\u00a9David-REMAZEILLES-5.jpg\",\"width\":1916,\"height\":1277,\"caption\":\"Vignes Saint-Jean-Poutge Herrebouc \\u00a9David REMAZEILLES (5)\"},{\"@type\":\"WebPage\",\"@id\":\"https:\/\/www.auch-tourisme.com\/en\/auch-c%c5%93ur-de-gascogne-the-heart-of-gascony\/vineyard-in-the-gers\/#webpage\",\"url\":\"https:\/\/www.auch-tourisme.com\/en\/auch-c%c5%93ur-de-gascogne-the-heart-of-gascony\/vineyard-in-the-gers\/\",\"name\":\"Vineyard in the Gers - Grand Auch Coeur de Gascogne tourist office, official website\",\"isPartOf\":{\"@id\":\"https:\/\/www.auch-tourisme.com\/en\/#website\"},\"primaryImageOfPage\":{\"@id\":\"https:\/\/www.auch-tourisme.com\/en\/auch-c%c5%93ur-de-gascogne-the-heart-of-gascony\/vineyard-in-the-gers\/#primaryimage\"},\"datePublished\":\"2020-05-28T07:50:37+00:00\",\"dateModified\":\"2020-09-07T07:46:44+00:00\",\"description\":\"Armagnac, Floc de Gascogne, vins C\\u00f4tes de Gascogne : le trio viticole du Gers accompagne le repas du d\\u00e9but \\u00e0 la fin !\",\"breadcrumb\":{\"@id\":\"https:\/\/www.auch-tourisme.com\/en\/auch-c%c5%93ur-de-gascogne-the-heart-of-gascony\/vineyard-in-the-gers\/#breadcrumb\"},\"inLanguage\":\"en-US\",\"potentialAction\":[{\"@type\":\"ReadAction\",\"target\":[\"https:\/\/www.auch-tourisme.com\/en\/auch-c%c5%93ur-de-gascogne-the-heart-of-gascony\/vineyard-in-the-gers\/\"]}]},{\"@type\":\"BreadcrumbList\",\"@id\":\"https:\/\/www.auch-tourisme.com\/en\/auch-c%c5%93ur-de-gascogne-the-heart-of-gascony\/vineyard-in-the-gers\/#breadcrumb\",\"itemListElement\":[{\"@type\":\"ListItem\",\"position\":1,\"item\":{\"@type\":\"WebPage\",\"@id\":\"https:\/\/www.auch-tourisme.com\/en\/\",\"url\":\"https:\/\/www.auch-tourisme.com\/en\/\",\"name\":\"Home\"}},{\"@type\":\"ListItem\",\"position\":2,\"item\":{\"@type\":\"WebPage\",\"@id\":\"https:\/\/www.auch-tourisme.com\/en\/auch-c%c5%93ur-de-gascogne-the-heart-of-gascony\/\",\"url\":\"https:\/\/www.auch-tourisme.com\/en\/auch-c%c5%93ur-de-gascogne-the-heart-of-gascony\/\",\"name\":\"Auch, c\\u0153ur de Gascogne, the heart of Gascony\"}},{\"@type\":\"ListItem\",\"position\":3,\"item\":{\"@type\":\"WebPage\",\"@id\":\"https:\/\/www.auch-tourisme.com\/en\/auch-c%c5%93ur-de-gascogne-the-heart-of-gascony\/vineyard-in-the-gers\/\",\"url\":\"https:\/\/www.auch-tourisme.com\/en\/auch-c%c5%93ur-de-gascogne-the-heart-of-gascony\/vineyard-in-the-gers\/\",\"name\":\"Vineyard in the Gers\"}}]}]}<\/script>\n<!-- \/ Yoast SEO plugin. -->","_links":{"self":[{"href":"https:\/\/www.auch-tourisme.com\/en\/wp-json\/wp\/v2\/pages\/78"}],"collection":[{"href":"https:\/\/www.auch-tourisme.com\/en\/wp-json\/wp\/v2\/pages"}],"about":[{"href":"https:\/\/www.auch-tourisme.com\/en\/wp-json\/wp\/v2\/types\/page"}],"author":[{"embeddable":true,"href":"https:\/\/www.auch-tourisme.com\/en\/wp-json\/wp\/v2\/users\/1"}],"replies":[{"embeddable":true,"href":"https:\/\/www.auch-tourisme.com\/en\/wp-json\/wp\/v2\/comments?post=78"}],"version-history":[{"count":122,"href":"https:\/\/www.auch-tourisme.com\/en\/wp-json\/wp\/v2\/pages\/78\/revisions"}],"predecessor-version":[{"id":19309,"href":"https:\/\/www.auch-tourisme.com\/en\/wp-json\/wp\/v2\/pages\/78\/revisions\/19309"}],"up":[{"embeddable":true,"href":"https:\/\/www.auch-tourisme.com\/en\/wp-json\/wp\/v2\/pages\/62"}],"wp:featuredmedia":[{"embeddable":true,"href":"https:\/\/www.auch-tourisme.com\/en\/wp-json\/wp\/v2\/media\/9257"}],"wp:attachment":[{"href":"https:\/\/www.auch-tourisme.com\/en\/wp-json\/wp\/v2\/media?parent=78"}],"curies":[{"name":"wp","href":"https:\/\/api.w.org\/{rel}","templated":true}]}}