{"id":77,"date":"2020-05-28T08:50:37","date_gmt":"2020-05-28T07:50:37","guid":{"rendered":"https:\/\/www.auch-tourisme.com\/en\/discover-the-musee-des-ameriques-%e2%80%93-auch"},"modified":"2020-10-08T16:35:48","modified_gmt":"2020-10-08T14:35:48","slug":"discover-the-musee-des-ameriques-%e2%80%93-auch","status":"publish","type":"page","link":"https:\/\/www.auch-tourisme.com\/en\/auch-c%c5%93ur-de-gascogne-the-heart-of-gascony\/discover-the-musee-des-ameriques-%e2%80%93-auch\/","title":{"rendered":"Discover the Mus\u00e9e des Am\u00e9riques \u2013 Auch"},"content":{"rendered":"\n<p class=\"is-style-excerpt\">In <a rel=\"noreferrer noopener\" href=\"https:\/\/www.auch-tourisme.com\/en\/patrimoine-culturel\/ville-dauch\/\" target=\"_blank\">Auch<\/a>, a brilliant museum has the second-largest hoard of pre-Columbian art in all of France, and so much : the <a rel=\"noreferrer noopener\" href=\"https:\/\/www.auch-tourisme.com\/en\/patrimoine-culturel\/musee-des-ameriques-auch\/\" target=\"_blank\">Mus\u00e9e des Am\u00e9riques-Auch<\/a>.<\/p>\n\n\n\n<figure class=\"wp-block-image alignfull size-large\"><img data-src=\"https:\/\/www.auch-tourisme.com\/en\/wp-content\/uploads\/wpetourisme\/CDT32_0099413.jpg\" alt=\"\" class=\"wp-image-5632\"\/><\/figure>\n\n\n\n<h2>The Museum<\/h2>\n\n\n\n<p>Hidden in <a rel=\"noreferrer noopener\" href=\"https:\/\/www.auch-tourisme.com\/en\/patrimoine-culturel\/ville-dauch\/\" target=\"_blank\">Auch<\/a> old town&#8217;s signature steep lanes, the <a rel=\"noreferrer noopener\" href=\"https:\/\/www.auch-tourisme.com\/en\/patrimoine-culturel\/musee-des-ameriques-auch\/\" target=\"_blank\">Mus\u00e9e des Am\u00e9riques-Auch<\/a> is housed in the former Jacobin convent. Opened in 1793, recently entirely restored and reworked, this museum is a fascinating journey into millennia of history and artistic traditions.<\/p>\n\n\n\n<h2>About the Roman Province<\/h2>\n\n\n\n<p>On the ground floor, an exhibition presents <strong>Augusta Auscurum<\/strong>, the antique city as well as art and artefacts including a 1st-century bust of Trajan, and medieval collections.<\/p>\n\n\n\n<figure class=\"wp-block-image alignfull size-large\"><img loading=\"lazy\" width=\"1019\" height=\"440\" data-src=\"https:\/\/www.auch-tourisme.com\/en\/wp-content\/uploads\/2020\/04\/Mosaique-ADG.jpg\" alt=\"\" class=\"wp-image-10394\" data-srcset=\"https:\/\/www.auch-tourisme.com\/en\/wp-content\/uploads\/sites\/7\/2020\/04\/Mosaique-ADG.jpg 1019w, https:\/\/www.auch-tourisme.com\/en\/wp-content\/uploads\/sites\/7\/2020\/04\/Mosaique-ADG-600x259.jpg 600w, https:\/\/www.auch-tourisme.com\/en\/wp-content\/uploads\/sites\/7\/2020\/04\/Mosaique-ADG-900x389.jpg 900w, https:\/\/www.auch-tourisme.com\/en\/wp-content\/uploads\/sites\/7\/2020\/04\/Mosaique-ADG-200x86.jpg 200w, https:\/\/www.auch-tourisme.com\/en\/wp-content\/uploads\/sites\/7\/2020\/04\/Mosaique-ADG-275x119.jpg 275w\" sizes=\"(max-width: 1019px) 100vw, 1019px\" \/><\/figure>\n\n\n\n<p>Many elements of the medieval town are shown too.<\/p>\n\n\n\n    <div class=\"wp-block-strate-full alignfull\">\n\n        <div class=\"wp-block-strate-full-thumbnail\" style=\"background-image:url(https:\/\/www.auch-tourisme.com\/wp-content\/uploads\/2020\/04\/Olifant.jpg)\"><\/div>\n\n        \n            <div class=\"wp-block-strate-full-content left\">\n                                    <h3 class=\"wp-block-strate-full-content-title\"> Ivory horn of Saint-Orens <\/h3>\n                                                    <p class=\"wp-block-strate-full-content-excerpt\"> Ivory, late 11th century. With the Maltese cross <\/p>\n                            <\/div>\n\n        \n    <\/div>\n\n\n\n<h2>Amazing Pre-Columbian collections<\/h2>\n\n\n\n<p class=\"is-style-default\">With items from the Teotihuacan, Zapotec, Mayan and Aztec civilisations, the&nbsp;<a rel=\"noreferrer noopener\" href=\"https:\/\/www.auch-tourisme.com\/en\/patrimoine-culturel\/musee-des-ameriques-auch\/\" target=\"_blank\">Mus\u00e9e des Am\u00e9riques-Auch<\/a> is home to the 2nd largest collection of Pre-Columbian art in France after the Quai Branly Museum in Paris.<\/p>\n\n\n\n<figure class=\"wp-block-image alignfull size-large\"><img data-src=\"https:\/\/www.auch-tourisme.com\/en\/wp-content\/uploads\/wpetourisme\/CDT32_0137192.jpg\" alt=\"\" class=\"wp-image-7375\"\/><\/figure>\n\n\n\n<p class=\"is-style-default\">The museum exhibits a comprehensive panorama of pre-Hispanic cultures from Peru, Ecuador, Central America and Mexico up until the Spanish Conquest.<\/p>\n\n\n\n<figure class=\"wp-block-image alignfull size-large\"><img loading=\"lazy\" width=\"1197\" height=\"778\" data-src=\"https:\/\/www.auch-tourisme.com\/en\/wp-content\/uploads\/2020\/04\/20200310_101151.jpg\" alt=\"\" class=\"wp-image-10404\" data-srcset=\"https:\/\/www.auch-tourisme.com\/en\/wp-content\/uploads\/sites\/7\/2020\/04\/20200310_101151.jpg 1197w, https:\/\/www.auch-tourisme.com\/en\/wp-content\/uploads\/sites\/7\/2020\/04\/20200310_101151-600x390.jpg 600w, https:\/\/www.auch-tourisme.com\/en\/wp-content\/uploads\/sites\/7\/2020\/04\/20200310_101151-900x585.jpg 900w, https:\/\/www.auch-tourisme.com\/en\/wp-content\/uploads\/sites\/7\/2020\/04\/20200310_101151-200x130.jpg 200w, https:\/\/www.auch-tourisme.com\/en\/wp-content\/uploads\/sites\/7\/2020\/04\/20200310_101151-275x179.jpg 275w\" sizes=\"(max-width: 1197px) 100vw, 1197px\" \/><\/figure>\n\n\n\n<h2>Focus on the Mass of St Gregory<\/h2>\n\n\n\n<p>The masterpiece of the collection, a mosaic made from feathers in Mexico City in 1539, and so the oldest piece of Christian art composed in the Americas. <\/p>\n\n\n\n<div class=\"wp-block-media-text alignwide is-stacked-on-mobile\" style=\"grid-template-columns:27% auto\"><figure class=\"wp-block-media-text__media\"><img loading=\"lazy\" width=\"240\" height=\"300\" data-src=\"https:\/\/www.auch-tourisme.com\/en\/wp-content\/uploads\/2020\/01\/Messe-de-Saint-Gr\u00e9goire-redim-240x300-1.jpg\" alt=\"\" class=\"wp-image-1566\" data-srcset=\"https:\/\/www.auch-tourisme.com\/en\/wp-content\/uploads\/sites\/7\/2020\/01\/Messe-de-Saint-Gr\u00e9goire-redim-240x300-1.jpg 240w, https:\/\/www.auch-tourisme.com\/en\/wp-content\/uploads\/sites\/7\/2020\/01\/Messe-de-Saint-Gr\u00e9goire-redim-240x300-1-200x250.jpg 200w\" sizes=\"(max-width: 240px) 100vw, 240px\" \/><\/figure><div class=\"wp-block-media-text__content\">\n<p class=\"has-large-font-size\"><a rel=\"noreferrer noopener\" href=\"https:\/\/www.auch-tourisme.com\/en\/2020\/01\/27\/la-messe-de-st-gregoire\/\" target=\"_blank\">The mass of<\/a><a href=\"https:\/\/www.auch-tourisme.com\/en\/2020\/01\/27\/la-messe-de-st-gregoire\/\" target=\"_blank\" rel=\"noreferrer noopener\"> <\/a><a rel=\"noreferrer noopener\" href=\"https:\/\/www.auch-tourisme.com\/en\/2020\/01\/27\/la-messe-de-st-gregoire\/\" target=\"_blank\">St Gregory<\/a><\/p>\n<\/div><\/div>\n\n\n\n<h2>about the featherwork<\/h2>\n\n\n\n<figure class=\"wp-block-embed-youtube wp-block-embed is-type-video is-provider-youtube wp-embed-aspect-16-9 wp-has-aspect-ratio\"><div class=\"wp-block-embed__wrapper\">\n<iframe title=\"Histoire tableaux plumes V2\" width=\"500\" height=\"281\" data-src=\"https:\/\/www.youtube.com\/embed\/XxvYALmGc3k?feature=oembed\" frameborder=\"0\" allow=\"accelerometer; autoplay; encrypted-media; gyroscope; picture-in-picture\" allowfullscreen><\/iframe>\n<\/div><\/figure>\n\n\n\n<h2>Gascona<\/h2>\n\n\n\n<p class=\"is-style-default\">Artefacts, tools, items, costums explain the Gacony traditions on the 3rd floor of the museum.<\/p>\n\n\n\n<figure class=\"wp-block-image alignfull size-large\"><img loading=\"lazy\" width=\"1200\" height=\"800\" data-src=\"https:\/\/www.auch-tourisme.com\/en\/wp-content\/uploads\/2020\/04\/OT_Jacobins_001.jpg\" alt=\"\" class=\"wp-image-10418\" data-srcset=\"https:\/\/www.auch-tourisme.com\/en\/wp-content\/uploads\/sites\/7\/2020\/04\/OT_Jacobins_001.jpg 1200w, https:\/\/www.auch-tourisme.com\/en\/wp-content\/uploads\/sites\/7\/2020\/04\/OT_Jacobins_001-600x400.jpg 600w, https:\/\/www.auch-tourisme.com\/en\/wp-content\/uploads\/sites\/7\/2020\/04\/OT_Jacobins_001-900x600.jpg 900w, https:\/\/www.auch-tourisme.com\/en\/wp-content\/uploads\/sites\/7\/2020\/04\/OT_Jacobins_001-200x133.jpg 200w, https:\/\/www.auch-tourisme.com\/en\/wp-content\/uploads\/sites\/7\/2020\/04\/OT_Jacobins_001-275x183.jpg 275w\" sizes=\"(max-width: 1200px) 100vw, 1200px\" \/><\/figure>\n\n\n\n<h2>Fine arts<\/h2>\n\n\n\n<p class=\"is-style-default\">Appreciate the sculptures, the paintings of Gascon artists or Gascon of adoption like Mario Cavaglieri.<\/p>\n\n\n\n<figure class=\"wp-block-image alignfull size-large\"><img data-src=\"https:\/\/www.auch-tourisme.com\/en\/wp-content\/uploads\/wpetourisme\/CDT32_0140499.jpg\" alt=\"\" class=\"wp-image-8093\"\/><\/figure>\n\n\n\n<figure class=\"wp-block-gallery alignwide columns-3 is-cropped\"><ul class=\"blocks-gallery-grid\"><li class=\"blocks-gallery-item\"><figure><a href=\"https:\/\/www.auch-tourisme.com\/en\/wp-content\/uploads\/2020\/03\/Mus\u00e9e-des-Am\u00e9riques-Auch.jpg\"><img loading=\"lazy\" width=\"1200\" height=\"900\" data-src=\"https:\/\/www.auch-tourisme.com\/en\/wp-content\/uploads\/2020\/03\/Mus\u00e9e-des-Am\u00e9riques-Auch-1200x900.jpg\" alt=\"\" data-id=\"8288\" data-full-url=\"https:\/\/www.auch-tourisme.com\/en\/wp-content\/uploads\/2020\/03\/Mus\u00e9e-des-Am\u00e9riques-Auch.jpg\" data-link=\"https:\/\/www.auch-tourisme.com\/en\/activites\/musees-et-sites-de-visite\/musee-des-ameriques-auch-3\/\" class=\"wp-image-8288\" data-srcset=\"https:\/\/www.auch-tourisme.com\/en\/wp-content\/uploads\/sites\/7\/2020\/03\/Mus\u00e9e-des-Am\u00e9riques-Auch-1200x900.jpg 1200w, https:\/\/www.auch-tourisme.com\/en\/wp-content\/uploads\/sites\/7\/2020\/03\/Mus\u00e9e-des-Am\u00e9riques-Auch-600x450.jpg 600w, https:\/\/www.auch-tourisme.com\/en\/wp-content\/uploads\/sites\/7\/2020\/03\/Mus\u00e9e-des-Am\u00e9riques-Auch-900x675.jpg 900w, https:\/\/www.auch-tourisme.com\/en\/wp-content\/uploads\/sites\/7\/2020\/03\/Mus\u00e9e-des-Am\u00e9riques-Auch-1536x1152.jpg 1536w, https:\/\/www.auch-tourisme.com\/en\/wp-content\/uploads\/sites\/7\/2020\/03\/Mus\u00e9e-des-Am\u00e9riques-Auch-200x150.jpg 200w, https:\/\/www.auch-tourisme.com\/en\/wp-content\/uploads\/sites\/7\/2020\/03\/Mus\u00e9e-des-Am\u00e9riques-Auch-275x206.jpg 275w, https:\/\/www.auch-tourisme.com\/en\/wp-content\/uploads\/sites\/7\/2020\/03\/Mus\u00e9e-des-Am\u00e9riques-Auch.jpg 1920w\" sizes=\"(max-width: 1200px) 100vw, 1200px\" \/><\/a><\/figure><\/li><li class=\"blocks-gallery-item\"><figure><a href=\"https:\/\/www.auch-tourisme.com\/en\/wp-content\/uploads\/wpetourisme\/CDT32_0140501.jpg\"><img data-src=\"https:\/\/www.auch-tourisme.com\/en\/wp-content\/uploads\/wpetourisme\/CDT32_0140501.jpg\" alt=\"\" data-id=\"8094\" data-full-url=\"https:\/\/www.auch-tourisme.com\/en\/wp-content\/uploads\/wpetourisme\/CDT32_0140501.jpg\" data-link=\"https:\/\/www.auch-tourisme.com\/en\/patrimoine-culturel\/musee-des-ameriques-auch\/musee-des-ameriques-auch-2\/\" class=\"wp-image-8094\"\/><\/a><\/figure><\/li><li class=\"blocks-gallery-item\"><figure><a href=\"https:\/\/www.auch-tourisme.com\/en\/wp-content\/uploads\/wpetourisme\/CDT32_0140494.jpg\"><img data-src=\"https:\/\/www.auch-tourisme.com\/en\/wp-content\/uploads\/wpetourisme\/CDT32_0140494.jpg\" alt=\"\" data-id=\"8087\" data-full-url=\"https:\/\/www.auch-tourisme.com\/en\/wp-content\/uploads\/wpetourisme\/CDT32_0140494.jpg\" data-link=\"https:\/\/www.auch-tourisme.com\/en\/patrimoine-culturel\/musee-des-ameriques-auch\/musee-des-ameriques-auch-2\/\" class=\"wp-image-8087\"\/><\/a><\/figure><\/li><\/ul><\/figure>\n","protected":false},"excerpt":{"rendered":"<p>Parmi sa collection d&#8217;art pr\u00e9colombien, la 2e de France, de prestigieux tableaux de plumes : un mus\u00e9e \u00e0 ne pas manquer !<\/p>\n","protected":false},"author":1,"featured_media":8288,"parent":62,"menu_order":60,"comment_status":"closed","ping_status":"closed","template":"","meta":[],"yoast_head":"<!-- This site is optimized with the Yoast SEO plugin v15.2.1 - https:\/\/yoast.com\/wordpress\/plugins\/seo\/ -->\n<meta name=\"description\" content=\"Parmi sa collection d&#039;art pr\u00e9colombien, la 2e de France, de prestigieux tableaux de plumes : un mus\u00e9e \u00e0 ne pas manquer !\" \/>\n<meta name=\"robots\" content=\"index, follow, max-snippet:-1, max-image-preview:large, max-video-preview:-1\" \/>\n<link rel=\"canonical\" href=\"https:\/\/www.auch-tourisme.com\/en\/auch-c\u0153ur-de-gascogne-the-heart-of-gascony\/discover-the-musee-des-ameriques-\u2013-auch\/\" \/>\n<meta property=\"og:locale\" content=\"en_US\" \/>\n<meta property=\"og:type\" content=\"article\" \/>\n<meta property=\"og:title\" content=\"Discover the Mus\u00e9e des Am\u00e9riques \u2013 Auch - Grand Auch Coeur de Gascogne tourist office, official website\" \/>\n<meta property=\"og:description\" content=\"Parmi sa collection d&#039;art pr\u00e9colombien, la 2e de France, de prestigieux tableaux de plumes : un mus\u00e9e \u00e0 ne pas manquer !\" \/>\n<meta property=\"og:url\" content=\"https:\/\/www.auch-tourisme.com\/en\/auch-c\u0153ur-de-gascogne-the-heart-of-gascony\/discover-the-musee-des-ameriques-\u2013-auch\/\" \/>\n<meta property=\"og:site_name\" content=\"Grand Auch Coeur de Gascogne tourist office, official website\" \/>\n<meta property=\"article:publisher\" content=\"https:\/\/www.facebook.com\/TourismeAuch\" \/>\n<meta property=\"article:modified_time\" content=\"2020-10-08T14:35:48+00:00\" \/>\n<meta property=\"og:image\" content=\"https:\/\/www.auch-tourisme.com\/en\/wp-content\/uploads\/sites\/7\/2020\/03\/Mus\u00e9e-des-Am\u00e9riques-Auch.jpg\" \/>\n\t<meta property=\"og:image:width\" content=\"1920\" \/>\n\t<meta property=\"og:image:height\" content=\"1440\" \/>\n<meta name=\"twitter:card\" content=\"summary_large_image\" \/>\n<meta name=\"twitter:creator\" content=\"@tourismeauch\" \/>\n<meta name=\"twitter:site\" content=\"@tourismeauch\" \/>\n<meta name=\"twitter:label1\" content=\"Written by\">\n\t<meta name=\"twitter:data1\" content=\"IRIS Interactive\">\n\t<meta name=\"twitter:label2\" content=\"Est. reading time\">\n\t<meta name=\"twitter:data2\" content=\"1 minute\">\n<script type=\"application\/ld+json\" class=\"yoast-schema-graph\">{\"@context\":\"https:\/\/schema.org\",\"@graph\":[{\"@type\":\"WebSite\",\"@id\":\"https:\/\/www.auch-tourisme.com\/en\/#website\",\"url\":\"https:\/\/www.auch-tourisme.com\/en\/\",\"name\":\"Grand Auch Coeur de Gascogne tourist office, official website\",\"description\":\"Site suggesting tourist sites, accomadation and leisures, giving information to go sightseeing\",\"potentialAction\":[{\"@type\":\"SearchAction\",\"target\":\"https:\/\/www.auch-tourisme.com\/en\/?s={search_term_string}\",\"query-input\":\"required name=search_term_string\"}],\"inLanguage\":\"en-US\"},{\"@type\":\"ImageObject\",\"@id\":\"https:\/\/www.auch-tourisme.com\/en\/auch-c%c5%93ur-de-gascogne-the-heart-of-gascony\/discover-the-musee-des-ameriques-%e2%80%93-auch\/#primaryimage\",\"inLanguage\":\"en-US\",\"url\":\"https:\/\/www.auch-tourisme.com\/en\/wp-content\/uploads\/sites\/7\/2020\/03\/Mus\\u00e9e-des-Am\\u00e9riques-Auch.jpg\",\"width\":1920,\"height\":1440},{\"@type\":\"WebPage\",\"@id\":\"https:\/\/www.auch-tourisme.com\/en\/auch-c%c5%93ur-de-gascogne-the-heart-of-gascony\/discover-the-musee-des-ameriques-%e2%80%93-auch\/#webpage\",\"url\":\"https:\/\/www.auch-tourisme.com\/en\/auch-c%c5%93ur-de-gascogne-the-heart-of-gascony\/discover-the-musee-des-ameriques-%e2%80%93-auch\/\",\"name\":\"Discover the Mus\\u00e9e des Am\\u00e9riques \\u2013 Auch - Grand Auch Coeur de Gascogne tourist office, official website\",\"isPartOf\":{\"@id\":\"https:\/\/www.auch-tourisme.com\/en\/#website\"},\"primaryImageOfPage\":{\"@id\":\"https:\/\/www.auch-tourisme.com\/en\/auch-c%c5%93ur-de-gascogne-the-heart-of-gascony\/discover-the-musee-des-ameriques-%e2%80%93-auch\/#primaryimage\"},\"datePublished\":\"2020-05-28T07:50:37+00:00\",\"dateModified\":\"2020-10-08T14:35:48+00:00\",\"description\":\"Parmi sa collection d'art pr\\u00e9colombien, la 2e de France, de prestigieux tableaux de plumes : un mus\\u00e9e \\u00e0 ne pas manquer !\",\"breadcrumb\":{\"@id\":\"https:\/\/www.auch-tourisme.com\/en\/auch-c%c5%93ur-de-gascogne-the-heart-of-gascony\/discover-the-musee-des-ameriques-%e2%80%93-auch\/#breadcrumb\"},\"inLanguage\":\"en-US\",\"potentialAction\":[{\"@type\":\"ReadAction\",\"target\":[\"https:\/\/www.auch-tourisme.com\/en\/auch-c%c5%93ur-de-gascogne-the-heart-of-gascony\/discover-the-musee-des-ameriques-%e2%80%93-auch\/\"]}]},{\"@type\":\"BreadcrumbList\",\"@id\":\"https:\/\/www.auch-tourisme.com\/en\/auch-c%c5%93ur-de-gascogne-the-heart-of-gascony\/discover-the-musee-des-ameriques-%e2%80%93-auch\/#breadcrumb\",\"itemListElement\":[{\"@type\":\"ListItem\",\"position\":1,\"item\":{\"@type\":\"WebPage\",\"@id\":\"https:\/\/www.auch-tourisme.com\/en\/\",\"url\":\"https:\/\/www.auch-tourisme.com\/en\/\",\"name\":\"Home\"}},{\"@type\":\"ListItem\",\"position\":2,\"item\":{\"@type\":\"WebPage\",\"@id\":\"https:\/\/www.auch-tourisme.com\/en\/auch-c%c5%93ur-de-gascogne-the-heart-of-gascony\/\",\"url\":\"https:\/\/www.auch-tourisme.com\/en\/auch-c%c5%93ur-de-gascogne-the-heart-of-gascony\/\",\"name\":\"Auch, c\\u0153ur de Gascogne, the heart of Gascony\"}},{\"@type\":\"ListItem\",\"position\":3,\"item\":{\"@type\":\"WebPage\",\"@id\":\"https:\/\/www.auch-tourisme.com\/en\/auch-c%c5%93ur-de-gascogne-the-heart-of-gascony\/discover-the-musee-des-ameriques-%e2%80%93-auch\/\",\"url\":\"https:\/\/www.auch-tourisme.com\/en\/auch-c%c5%93ur-de-gascogne-the-heart-of-gascony\/discover-the-musee-des-ameriques-%e2%80%93-auch\/\",\"name\":\"Discover the Mus\\u00e9e des Am\\u00e9riques \\u2013 Auch\"}}]}]}<\/script>\n<!-- \/ Yoast SEO plugin. -->","_links":{"self":[{"href":"https:\/\/www.auch-tourisme.com\/en\/wp-json\/wp\/v2\/pages\/77"}],"collection":[{"href":"https:\/\/www.auch-tourisme.com\/en\/wp-json\/wp\/v2\/pages"}],"about":[{"href":"https:\/\/www.auch-tourisme.com\/en\/wp-json\/wp\/v2\/types\/page"}],"author":[{"embeddable":true,"href":"https:\/\/www.auch-tourisme.com\/en\/wp-json\/wp\/v2\/users\/1"}],"replies":[{"embeddable":true,"href":"https:\/\/www.auch-tourisme.com\/en\/wp-json\/wp\/v2\/comments?post=77"}],"version-history":[{"count":59,"href":"https:\/\/www.auch-tourisme.com\/en\/wp-json\/wp\/v2\/pages\/77\/revisions"}],"predecessor-version":[{"id":19767,"href":"https:\/\/www.auch-tourisme.com\/en\/wp-json\/wp\/v2\/pages\/77\/revisions\/19767"}],"up":[{"embeddable":true,"href":"https:\/\/www.auch-tourisme.com\/en\/wp-json\/wp\/v2\/pages\/62"}],"wp:featuredmedia":[{"embeddable":true,"href":"https:\/\/www.auch-tourisme.com\/en\/wp-json\/wp\/v2\/media\/8288"}],"wp:attachment":[{"href":"https:\/\/www.auch-tourisme.com\/en\/wp-json\/wp\/v2\/media?parent=77"}],"curies":[{"name":"wp","href":"https:\/\/api.w.org\/{rel}","templated":true}]}}