{"id":51,"date":"2020-05-28T08:50:37","date_gmt":"2020-05-28T07:50:37","guid":{"rendered":"https:\/\/www.auch-tourisme.com\/en\/legal-notices"},"modified":"2020-10-06T10:47:07","modified_gmt":"2020-10-06T08:47:07","slug":"legal-notices","status":"publish","type":"page","link":"https:\/\/www.auch-tourisme.com\/en\/legal-notices\/","title":{"rendered":"Legal notices"},"content":{"rendered":"\n<p>By visiting the pages of its web site, the Internet user acknowledges having read and understood the limits of responsibility and the terms of use of the site. The Tourist Office Grand Auch c\u0153ur de Gascogne cannot be held responsible for difficulties in connecting to the Internet network or displaying the pages of the site. The Internet user acknowledges, in particular, being aware of the difference ways in which different navigation software present on the market may interpret the pages.<\/p>\n\n\n\n<h2>Editor<\/h2>\n\n\n\n<p>EPIC Tourist Office Grand Auch c\u0153ur de Gascogne <\/p>\n\n\n\n<p>Address : 3, place de la R\u00e9publique BP20174 F-32008 AUCH CEDEX <\/p>\n\n\n\n<p>montant du capital social :<\/p>\n\n\n\n<p>Tel. : +33(0)5 62 05 22 89 &#8211; Email : info@auch-tourisme.com<\/p>\n\n\n\n<p>Intra-community VAT number : FR 66 790512867<\/p>\n\n\n\n<h2>Publication director<\/h2>\n\n\n\n<p>PECHCONTAL Sylvain<\/p>\n\n\n\n<p>Address : 3, place de la R\u00e9publique BP 20174 F-32003 AUCH CEDEX<\/p>\n\n\n\n<h2>Production<\/h2>\n\n\n\n<h3>Assistance to owner<\/h3>\n\n\n\n<p>SILAOS<br>Address : 17 rue Isaac Newton F-17000 LA ROCHELLE<br>Website : <a href=\"http:\/\/www.silaos.fr\/\">www.silaos.fr<\/a>&nbsp;<\/p>\n\n\n\n<p>Name : IRIS Interactive <\/p>\n\n\n\n<p>Address :&nbsp;4 rue du PNDF F- 43000 LE PUY EN VELAY <\/p>\n\n\n\n<p>Email : contact@iris-interactive.fr<\/p>\n\n\n\n<h2>Web hosting<\/h2>\n\n\n\n<p>Name : IRIS Interactive<\/p>\n\n\n\n<p>Address :&nbsp;4 rue du PNDF&nbsp;F-43000 LE PUY EN VELAY <\/p>\n\n\n\n<p>Email : <a href=\"mailto:contact@iris-interactive.fr\">contact@iris-interactive.fr<\/a><br><\/p>\n\n\n\n<h2>Copyright \u00a9 \u2013 Links<\/h2>\n\n\n\n<h3>Reproduction in paper form<\/h3>\n\n\n\n<p>Reproduction on hard copy with the exception of the iconography, the reproduction of the pages of this site on hard copy is authorised, on the condition that the three following conditions are respected :<\/p>\n\n\n\n<ul><li>diffusion free of charge,&nbsp;<\/li><li>the integrity of the reproduced documents respected (no modification, or alteration whatsoever)&nbsp;<\/li><li>explicit quotation of the site www.auch-tourisme.com as source and the mention that the reproduction rights are reserved and strictly limited.<\/li><\/ul>\n\n\n\n<h3>Reproduction in electronic form<\/h3>\n\n\n\n<p>The reproduction of all or part of this site on electronic format is authorised provided that the source &#8221; Office de Tourisme Grand Auch c\u0153ur de Gascogne &#8221; and the mention \u201cAll rights reserved\u201d is added, clearly and legibly. The information used must only be of personal, associative or professional use, any commercial or advertising use is prohibited.<\/p>\n\n\n\n<h3>Set up a hyperlink to www.auch-tourisme.com<\/h3>\n\n\n\n<p>The Tourist Office Grand Auch c\u0153ur de Gascogne website authorises the setting up of a hypertext link pointing to its content, provided that :<\/p>\n\n\n\n<ul><li>the link does not use the deep linking technique, that is to say that the pages of the Tourist Office Grand Auch c\u0153ur de Gascogne website must not be nested inside the pages of another site but should become accessible by the opening of another window.<\/li><li>the link specifies the source, which will lead via a hypertext link directly to the targeted content.<\/li><\/ul>\n\n\n\n<p>The information should only be used for personal, associative or professional purposes; any use for commercial or advertising purposes is excluded.<br>This authorisation does not apply to websites that disseminate information of a controversial, pornographic or xenophobic nature or that may, to a greater extent, affect the sensitivity of the greatest number.<\/p>\n\n\n\n<p>For other uses, please contact us.<\/p>\n\n\n\n<h2>Editorial content<\/h2>\n\n\n\n<p>Despite the careful collection of information and the realisation of the site using the latest techniques, errors, inaccuracies, omissions or additions beyond our control may remain or be inserted on this site. \u00c0 COMPL\u00c9TER cannot, for this reason, be held to warranty, either expressly or implicitly, for any of the content on this website; users of the site and of the information it contains acknowledge that they use it at their own risk and that The Tourist Office Grand Auch c\u0153ur de Gascogne therefore cannot be held liable for any prejudice, direct or indirect, of any nature whatsoever resulting entirely or partly from the use of information on the website. Similarly, he Tourist Office Grand Auch c\u0153ur de Gascogne cannot be held liable for the nature or content of the sites referenced on the following pages, and in particular those which it possible to access via hypertext links on the pages of this website. According to the law n\u00b0 78-17 of 6th January 1978, you have a right of access and rectification to the data concerning you.<\/p>\n\n\n\n<h2>The Tourist Information System<\/h2>\n\n\n\n<p>The database is protected by the law of 1st July 1998 and the French copyright system. Any use or extraction of elements of the site not authorised by the the Tourist Office Grand Auch c\u0153ur de Gascogne is unlawful and will be subject to penal sanctions for counterfeiting.<\/p>\n\n\n\n<h2>On line reservation system<\/h2>\n\n\n\n<p>The reservation system is provided by the \u00c0 COMPL\u00c9TER solution. The Tourist Office Grand Auch c\u0153ur de Gascogne does not act as a sales agency.<\/p>\n\n\n\n<p>Its role is limited to hosting online postings (texts, photos, etc.) by the professionals either directly or via departmental bookings centres, as well as the requests of their clients.<\/p>\n\n\n\n<p>Thus, the Tourist Office Grand Auch c\u0153ur de Gascogne :<\/p>\n\n\n\n<p>\u2022 is not involved in the transactions between the buyer and the seller.<\/p>\n\n\n\n<p>\u2022 cannot ensure that sellers and buyers will conclude and execute the transaction.<\/p>\n\n\n\n<p>\u2022 provides no guarantee regarding online postings, in particular regarding availability of the sellers, the accuracy of their advertisements, the quality of the products or the services offered.<\/p>\n\n\n\n<p>\u2022 provides no guarantee for buyers, including with respect to their ability to pay for the goods or services that they book.<\/p>\n\n\n\n<p>Because the Tourist Office Grand Auch c\u0153ur de Gascogne is not involved in the transactions between buyers and sellers, it may not be held liable in case of dispute or for any damages, present or future.<\/p>\n\n\n\n<p>All statements, offers of services or products marketed via : <\/p>\n\n\n\n<p>https:\/\/www.paypal.com<br>https:\/\/www.bookatable.com<br>https:\/\/hotelmix.fr <br>https:\/\/webbooking.louvre-hotels.fr <br>https:\/\/all.accor.com <br>https:\/\/secure.accor.com <br>http:\/\/hotel.reservit.com<br>http:\/\/contacthotel.reservit.com <br>http:\/\/reservation-hotel.logishotels.com\/reservit <br>http:\/\/www.menu-on-line-france.com<br>https:\/\/premium.secureholiday.net <br>https:\/\/www.tourisme-gers.com\/reservation_en_ligne_ <br>https:\/\/festik.net<br>https:\/\/indiv.themisweb.fr <br>http:\/\/www.gers-gites-france.com\/resa <br>https:\/\/www.ledaroles.com\/eservations <br>https:\/\/eviivo.com<br>http:\/\/www.boutiquegasconne.com <br>http:\/\/www.gers-gites-france.com\/resa <br>http:\/\/www.munierfleursboutique.com<br>https:\/\/www.elloha.com <br>https:\/\/www.certishopping.com <br>https:\/\/www.gers-reservation.com <br>https:\/\/castelfruits.fr\/#\/commande-en-ligne<br>http:\/\/www.axtem-lafayettelectromenager.fr<\/p>\n\n\n\n<p>fall under the sole responsibility of the author.<\/p>\n\n\n\n<h2>Data Protection<\/h2>\n\n\n\n<p>Click on&nbsp;the&nbsp;following&nbsp;link&nbsp;to view our <a href=\"https:\/\/www.auch-tourisme.com\/en\/privacy\" target=\"_blank\" rel=\"noreferrer noopener\">privacy policy<\/a>.<\/p>\n","protected":false},"excerpt":{"rendered":"<p>By visiting the pages of its web site, the Internet user acknowledges having read and understood the limits of responsibility and the terms of use of the site. The Tourist Office Grand Auch c\u0153ur de Gascogne cannot be held responsible for difficulties in connecting to the Internet network or displaying the pages of the site. [&hellip;]<\/p>\n","protected":false},"author":1,"featured_media":0,"parent":0,"menu_order":980,"comment_status":"closed","ping_status":"closed","template":"","meta":[],"yoast_head":"<!-- This site is optimized with the Yoast SEO plugin v15.2.1 - https:\/\/yoast.com\/wordpress\/plugins\/seo\/ -->\n<meta name=\"description\" content=\"By visiting the pages of its web site, the Internet user acknowledges having read and understood the limits of responsibility and the terms of use of the\" \/>\n<meta name=\"robots\" content=\"index, follow, max-snippet:-1, max-image-preview:large, max-video-preview:-1\" \/>\n<link rel=\"canonical\" href=\"https:\/\/www.auch-tourisme.com\/en\/legal-notices\/\" \/>\n<meta property=\"og:locale\" content=\"en_US\" \/>\n<meta property=\"og:type\" content=\"article\" \/>\n<meta property=\"og:title\" content=\"Legal notices - Grand Auch Coeur de Gascogne tourist office, official website\" \/>\n<meta property=\"og:description\" content=\"By visiting the pages of its web site, the Internet user acknowledges having read and understood the limits of responsibility and the terms of use of the\" \/>\n<meta property=\"og:url\" content=\"https:\/\/www.auch-tourisme.com\/en\/legal-notices\/\" \/>\n<meta property=\"og:site_name\" content=\"Grand Auch Coeur de Gascogne tourist office, official website\" \/>\n<meta property=\"article:publisher\" content=\"https:\/\/www.facebook.com\/TourismeAuch\" \/>\n<meta property=\"article:modified_time\" content=\"2020-10-06T08:47:07+00:00\" \/>\n<meta property=\"og:image\" content=\"https:\/\/www.auch-tourisme.com\/en\/wp-content\/uploads\/sites\/7\/2020\/03\/Vue-cath\u00e9drale-large-ciel-bleu-Copie.jpg\" \/>\n\t<meta property=\"og:image:width\" content=\"1654\" \/>\n\t<meta property=\"og:image:height\" content=\"1103\" \/>\n<meta name=\"twitter:card\" content=\"summary_large_image\" \/>\n<meta name=\"twitter:creator\" content=\"@tourismeauch\" \/>\n<meta name=\"twitter:site\" content=\"@tourismeauch\" \/>\n<meta name=\"twitter:label1\" content=\"Written by\">\n\t<meta name=\"twitter:data1\" content=\"IRIS Interactive\">\n\t<meta name=\"twitter:label2\" content=\"Est. reading time\">\n\t<meta name=\"twitter:data2\" content=\"4 minutes\">\n<script type=\"application\/ld+json\" class=\"yoast-schema-graph\">{\"@context\":\"https:\/\/schema.org\",\"@graph\":[{\"@type\":\"WebSite\",\"@id\":\"https:\/\/www.auch-tourisme.com\/en\/#website\",\"url\":\"https:\/\/www.auch-tourisme.com\/en\/\",\"name\":\"Grand Auch Coeur de Gascogne tourist office, official website\",\"description\":\"Site suggesting tourist sites, accomadation and leisures, giving information to go sightseeing\",\"potentialAction\":[{\"@type\":\"SearchAction\",\"target\":\"https:\/\/www.auch-tourisme.com\/en\/?s={search_term_string}\",\"query-input\":\"required name=search_term_string\"}],\"inLanguage\":\"en-US\"},{\"@type\":\"WebPage\",\"@id\":\"https:\/\/www.auch-tourisme.com\/en\/legal-notices\/#webpage\",\"url\":\"https:\/\/www.auch-tourisme.com\/en\/legal-notices\/\",\"name\":\"Legal notices - Grand Auch Coeur de Gascogne tourist office, official website\",\"isPartOf\":{\"@id\":\"https:\/\/www.auch-tourisme.com\/en\/#website\"},\"datePublished\":\"2020-05-28T07:50:37+00:00\",\"dateModified\":\"2020-10-06T08:47:07+00:00\",\"description\":\"By visiting the pages of its web site, the Internet user acknowledges having read and understood the limits of responsibility and the terms of use of the\",\"breadcrumb\":{\"@id\":\"https:\/\/www.auch-tourisme.com\/en\/legal-notices\/#breadcrumb\"},\"inLanguage\":\"en-US\",\"potentialAction\":[{\"@type\":\"ReadAction\",\"target\":[\"https:\/\/www.auch-tourisme.com\/en\/legal-notices\/\"]}]},{\"@type\":\"BreadcrumbList\",\"@id\":\"https:\/\/www.auch-tourisme.com\/en\/legal-notices\/#breadcrumb\",\"itemListElement\":[{\"@type\":\"ListItem\",\"position\":1,\"item\":{\"@type\":\"WebPage\",\"@id\":\"https:\/\/www.auch-tourisme.com\/en\/\",\"url\":\"https:\/\/www.auch-tourisme.com\/en\/\",\"name\":\"Home\"}},{\"@type\":\"ListItem\",\"position\":2,\"item\":{\"@type\":\"WebPage\",\"@id\":\"https:\/\/www.auch-tourisme.com\/en\/legal-notices\/\",\"url\":\"https:\/\/www.auch-tourisme.com\/en\/legal-notices\/\",\"name\":\"Legal notices\"}}]}]}<\/script>\n<!-- \/ Yoast SEO plugin. -->","_links":{"self":[{"href":"https:\/\/www.auch-tourisme.com\/en\/wp-json\/wp\/v2\/pages\/51"}],"collection":[{"href":"https:\/\/www.auch-tourisme.com\/en\/wp-json\/wp\/v2\/pages"}],"about":[{"href":"https:\/\/www.auch-tourisme.com\/en\/wp-json\/wp\/v2\/types\/page"}],"author":[{"embeddable":true,"href":"https:\/\/www.auch-tourisme.com\/en\/wp-json\/wp\/v2\/users\/1"}],"replies":[{"embeddable":true,"href":"https:\/\/www.auch-tourisme.com\/en\/wp-json\/wp\/v2\/comments?post=51"}],"version-history":[{"count":42,"href":"https:\/\/www.auch-tourisme.com\/en\/wp-json\/wp\/v2\/pages\/51\/revisions"}],"predecessor-version":[{"id":19723,"href":"https:\/\/www.auch-tourisme.com\/en\/wp-json\/wp\/v2\/pages\/51\/revisions\/19723"}],"wp:attachment":[{"href":"https:\/\/www.auch-tourisme.com\/en\/wp-json\/wp\/v2\/media?parent=51"}],"curies":[{"name":"wp","href":"https:\/\/api.w.org\/{rel}","templated":true}]}}