{"id":188,"date":"2020-05-28T08:50:37","date_gmt":"2020-05-28T07:50:37","guid":{"rendered":"https:\/\/www.auch-tourisme.com\/en\/pro-area"},"modified":"2020-09-22T09:17:31","modified_gmt":"2020-09-22T07:17:31","slug":"pro-area","status":"publish","type":"page","link":"https:\/\/www.auch-tourisme.com\/en\/pro-area\/","title":{"rendered":"Pro area"},"content":{"rendered":"\n<p>The toursit office serve the\u00a0tourism development of Grand Auch C\u0153ur de Gascogne conurbation and of its socio-professional.<\/p>\n","protected":false},"excerpt":{"rendered":"<p>Toute l&#8217;ann\u00e9e, l&#8217;Office de Tourisme Grand Auch c\u0153ur de Gascogne au service des socio professionnels du tourisme de l&#8217;agglom\u00e9ration. <\/p>\n","protected":false},"author":1,"featured_media":0,"parent":0,"menu_order":90,"comment_status":"closed","ping_status":"closed","template":"page-templates\/intermediaire.php","meta":[],"yoast_head":"<!-- This site is optimized with the Yoast SEO plugin v15.2.1 - https:\/\/yoast.com\/wordpress\/plugins\/seo\/ -->\n<meta name=\"description\" content=\"Toute l&#039;ann\u00e9e, l&#039;Office de Tourisme Grand Auch c\u0153ur de Gascogne au service des socio professionnels du tourisme de l&#039;agglom\u00e9ration.\" \/>\n<meta name=\"robots\" content=\"index, follow, max-snippet:-1, max-image-preview:large, max-video-preview:-1\" \/>\n<link rel=\"canonical\" href=\"https:\/\/www.auch-tourisme.com\/en\/pro-area\/\" \/>\n<meta property=\"og:locale\" content=\"en_US\" \/>\n<meta property=\"og:type\" content=\"article\" \/>\n<meta property=\"og:title\" content=\"Pro area - Grand Auch Coeur de Gascogne tourist office, official website\" \/>\n<meta property=\"og:description\" content=\"Toute l&#039;ann\u00e9e, l&#039;Office de Tourisme Grand Auch c\u0153ur de Gascogne au service des socio professionnels du tourisme de l&#039;agglom\u00e9ration.\" \/>\n<meta property=\"og:url\" content=\"https:\/\/www.auch-tourisme.com\/en\/pro-area\/\" \/>\n<meta property=\"og:site_name\" content=\"Grand Auch Coeur de Gascogne tourist office, official website\" \/>\n<meta property=\"article:publisher\" content=\"https:\/\/www.facebook.com\/TourismeAuch\" \/>\n<meta property=\"article:modified_time\" content=\"2020-09-22T07:17:31+00:00\" \/>\n<meta property=\"og:image\" content=\"https:\/\/www.auch-tourisme.com\/en\/wp-content\/uploads\/sites\/7\/2020\/03\/Vue-cath\u00e9drale-large-ciel-bleu-Copie.jpg\" \/>\n\t<meta property=\"og:image:width\" content=\"1654\" \/>\n\t<meta property=\"og:image:height\" content=\"1103\" \/>\n<meta name=\"twitter:card\" content=\"summary_large_image\" \/>\n<meta name=\"twitter:creator\" content=\"@tourismeauch\" \/>\n<meta name=\"twitter:site\" content=\"@tourismeauch\" \/>\n<meta name=\"twitter:label1\" content=\"Written by\">\n\t<meta name=\"twitter:data1\" content=\"IRIS Interactive\">\n\t<meta name=\"twitter:label2\" content=\"Est. reading time\">\n\t<meta name=\"twitter:data2\" content=\"0 minutes\">\n<script type=\"application\/ld+json\" class=\"yoast-schema-graph\">{\"@context\":\"https:\/\/schema.org\",\"@graph\":[{\"@type\":\"WebSite\",\"@id\":\"https:\/\/www.auch-tourisme.com\/en\/#website\",\"url\":\"https:\/\/www.auch-tourisme.com\/en\/\",\"name\":\"Grand Auch Coeur de Gascogne tourist office, official website\",\"description\":\"Site suggesting tourist sites, accomadation and leisures, giving information to go sightseeing\",\"potentialAction\":[{\"@type\":\"SearchAction\",\"target\":\"https:\/\/www.auch-tourisme.com\/en\/?s={search_term_string}\",\"query-input\":\"required name=search_term_string\"}],\"inLanguage\":\"en-US\"},{\"@type\":\"WebPage\",\"@id\":\"https:\/\/www.auch-tourisme.com\/en\/pro-area\/#webpage\",\"url\":\"https:\/\/www.auch-tourisme.com\/en\/pro-area\/\",\"name\":\"Pro area - Grand Auch Coeur de Gascogne tourist office, official website\",\"isPartOf\":{\"@id\":\"https:\/\/www.auch-tourisme.com\/en\/#website\"},\"datePublished\":\"2020-05-28T07:50:37+00:00\",\"dateModified\":\"2020-09-22T07:17:31+00:00\",\"description\":\"Toute l'ann\\u00e9e, l'Office de Tourisme Grand Auch c\\u0153ur de Gascogne au service des socio professionnels du tourisme de l'agglom\\u00e9ration.\",\"breadcrumb\":{\"@id\":\"https:\/\/www.auch-tourisme.com\/en\/pro-area\/#breadcrumb\"},\"inLanguage\":\"en-US\",\"potentialAction\":[{\"@type\":\"ReadAction\",\"target\":[\"https:\/\/www.auch-tourisme.com\/en\/pro-area\/\"]}]},{\"@type\":\"BreadcrumbList\",\"@id\":\"https:\/\/www.auch-tourisme.com\/en\/pro-area\/#breadcrumb\",\"itemListElement\":[{\"@type\":\"ListItem\",\"position\":1,\"item\":{\"@type\":\"WebPage\",\"@id\":\"https:\/\/www.auch-tourisme.com\/en\/\",\"url\":\"https:\/\/www.auch-tourisme.com\/en\/\",\"name\":\"Home\"}},{\"@type\":\"ListItem\",\"position\":2,\"item\":{\"@type\":\"WebPage\",\"@id\":\"https:\/\/www.auch-tourisme.com\/en\/pro-area\/\",\"url\":\"https:\/\/www.auch-tourisme.com\/en\/pro-area\/\",\"name\":\"Pro area\"}}]}]}<\/script>\n<!-- \/ Yoast SEO plugin. -->","_links":{"self":[{"href":"https:\/\/www.auch-tourisme.com\/en\/wp-json\/wp\/v2\/pages\/188"}],"collection":[{"href":"https:\/\/www.auch-tourisme.com\/en\/wp-json\/wp\/v2\/pages"}],"about":[{"href":"https:\/\/www.auch-tourisme.com\/en\/wp-json\/wp\/v2\/types\/page"}],"author":[{"embeddable":true,"href":"https:\/\/www.auch-tourisme.com\/en\/wp-json\/wp\/v2\/users\/1"}],"replies":[{"embeddable":true,"href":"https:\/\/www.auch-tourisme.com\/en\/wp-json\/wp\/v2\/comments?post=188"}],"version-history":[{"count":7,"href":"https:\/\/www.auch-tourisme.com\/en\/wp-json\/wp\/v2\/pages\/188\/revisions"}],"predecessor-version":[{"id":19628,"href":"https:\/\/www.auch-tourisme.com\/en\/wp-json\/wp\/v2\/pages\/188\/revisions\/19628"}],"wp:attachment":[{"href":"https:\/\/www.auch-tourisme.com\/en\/wp-json\/wp\/v2\/media?parent=188"}],"curies":[{"name":"wp","href":"https:\/\/api.w.org\/{rel}","templated":true}]}}