{"id":167,"date":"2020-05-28T08:50:37","date_gmt":"2020-05-28T07:50:37","guid":{"rendered":"https:\/\/www.auch-tourisme.com\/en\/health-emergency"},"modified":"2021-06-21T11:15:00","modified_gmt":"2021-06-21T09:15:00","slug":"health-emergency","status":"publish","type":"page","link":"https:\/\/www.auch-tourisme.com\/en\/your-stay\/everyday-life\/health-emergency\/","title":{"rendered":"Health &#8211; Emergency"},"content":{"rendered":"\n<h2>Emergency<\/h2>\n\n\n\n<p>Tel. 112 <\/p>\n\n\n\n<h2>Samu &#8211; <strong>Emergency Medical Service<\/strong><\/h2>\n\n\n\n<p>Tel. 15 ou 3966<\/p>\n\n\n\n<h2>Fire brigade<\/h2>\n\n\n\n<p>Tel. 18<\/p>\n\n\n\n<h2>Police <\/h2>\n\n\n\n<p>Tel. 17<br>or +33 (0)5 62 61 54 54 and +33 (0)5 62 61 54 98<\/p>\n\n\n\n<p>Police station <br> 7 rue Arnaud de Moles &#8211; 32000 Auch<\/p>\n\n\n\n<h2>Poison center<\/h2>\n\n\n\n<p>Emergency and assistance Tel. +33 (0)5 61 49 33 33<br>Poison center Tel. +33 (0)5 61 77 74 47<\/p>\n\n\n\n<h2>Gas safety and emergency<\/h2>\n\n\n\n<p>Tel. +33 (0)800 47 33 33<\/p>\n\n\n\n<h2>Hospital of Auch<\/h2>\n\n\n\n<p>Route de Tarbes &#8211; 32000 Auch<br>Emergency : Tel. +33 (0)5 62 61 32 03<br>Reception : Tel. +33 (0)5 62 61 32 32<\/p>\n\n\n\n<h2>Care<\/h2>\n\n\n\n<p><strong>Doctor on call<\/strong> : Tel. 3966 or your office practices.<\/p>\n\n\n\n<p><strong>Pharmacy <\/strong>: Outside normal opening hours, a notice is displaied giving the address of the nearest&nbsp;duty pharmacy.<br>At night, on Sunday and during the holidays : call up the police station Tel. +33 (0)5 62 61 54 54<br>(7, rue Arnaud de Moles &#8211; 32000 Auch)<\/p>\n\n\n\n<h2>General practitioner<\/h2>\n\n\n\n<p class=\"is-style-blockquote\">Auch<\/p>\n\n\n\n<p>A.M.C. Cabinet M\u00e9dical 55 avenue Sambre et Meuse , Tel. +33 (0)5 62 63 56 57<br>Cabinet Arago (Mme Duran, Mme Carmen Perez, M. Anglezio) 3 impasse Arago, Tel.+33 (0)5 62 05 31 83<br>Bernard Augustin 1 rue Viala , Tel.+33 (0)5 62 05 93 23<br>Luc Massaud 1 rue Viala, Tel.+33 (0)5 62 05 29 35<br>Fr\u00e9d\u00e9ric P\u00e8ne 2 quai des Marroniers, Tel.+33 (0)5 62 05 28 30<br>Loc Ben Truong 24 rue henri IV, Tel.+33 (0)5 62 05 80 03<br>Marie-Brigitte Dufour-Roz\u00e8s 22 av Alsace, Tel.+33 (0)5 62 05 01 49<br>Andr\u00e9 Briffod 2 pl ancien foirail, Tel.+33 (0)5 62 05 32 33<br>Jean-Fran\u00e7ois Despax 2 pl ancien foirail, Tel. +33 (0)5 62 63 45 09<br>Dominique Baute 56 av Pyr\u00e9n\u00e9es 32000 Auch, Tel.+33 (0)5 62 61 26 65<br>Jean-Max Bessi\u00e8res 55 rue Lorraine, Tel.+33 (0)5 62 05 14 98<br>Isabelle Lehrmann Bianchi 33 rue dessoles, Tel.+33 (0)5 62 05 42 86<br>Jacques Estingoy 12 av Yser, Tel. +33 (0)5 62 60 01 60<br>Pierre Laborde 16 rue Pont National, Tel.+33 (0)5 62 05 24 12 <br>Groupe m\u00e9dical des docteurs Lorteau, Cancio, Lagoute, Chaumette, Tachousin 3 place Porte Trompette, Tel.+33 (0)5 62 05 16 95<br>Patrick Rem 37 rue de Metz, Tel.+33 (0)5 62 61 87 54<br>Jean-Claude Miranda 15 pl Fontaine, Tel.+33 (0)5 62 05 67 68<br>Patrick Lachapele et M. Campistron 6 rue Lucie Aubrac, Tel.+33 (0)5 62 60 62 50<br>Jean-Louis Large 48 rue de Metz, Tel.+33 (0)5 62 05 67 76<\/p>\n\n\n\n<p class=\"is-style-blockquote\">Castera-Verduzan<\/p>\n\n\n\n<p>Groupe m\u00e9dical Docteurs Garcia Jean-Michel et Espiet Dalia 36, avenue des Thermes, Tel.+33 (0)5 62 68 11 33<br>Claude Gallardo le Bourg, Tel.+33 (0)5 62 68 13 18<\/p>\n\n\n\n<p class=\"is-style-blockquote\">Jegun<\/p>\n\n\n\n<p><br>Brahim Amajjarkou Bd Nord 32360 J\u00e9gun, Tel.+33 (0)5 62 64 50 04<\/p>\n\n\n\n<p class=\"is-style-blockquote\">Duran<\/p>\n\n\n\n<p>Philippe M\u00e9lan place Libert\u00e9 32810 Duran, Tel.+33 (0)5 62 05 33 43<\/p>\n\n\n\n<p class=\"is-style-blockquote\">Preignan<\/p>\n\n\n\n<p><br>Fabrice Elasri, Jean Luc Kuentzmann, benjamin lapeyre &#8220;centre commercial Les Arcades&#8221; Tel.+33 (0)5 62 65 51 77<\/p>\n\n\n\n<p>Find also a doctor on this <a href=\"https:\/\/www.conseil-national.medecin.fr\/annuaire\" target=\"_blank\" rel=\"noreferrer noopener\">website<\/a>.<\/p>\n\n\n\n<h2>Paediatrician<\/h2>\n\n\n\n<p>Mich\u00e8le Carsenti, Jean-Louis Cabos, Pierre-Louis Lamonzie R\u00e9sidence Mass\u00e9na, 1 rue Mass\u00e9na 32000 Auch, Tel. +33 (0)5 62 05 54 20<br>Abdellatif Allia, Jean-Pierre Duquesne, Val\u00e9rie Asensio Hospital of Auch, Tel. +33 (0)5 62 61 32 45<\/p>\n\n\n\n<h2>Pharmacies<\/h2>\n\n\n\n<p class=\"is-style-blockquote\">Auch<\/p>\n\n\n\n<p>Pharmacie Saint Pierre &#8211; P\u00e9r\u00e9s 50 bd Sadi Carnot, Tel. +33 (0)5 62 05 05 18<br>Pharmacie de Gascogne 54v rue du 8 Mai, Tel.+33 (0)5 62 05 02 00<br>Pharmacie Fieux 2 avenue Alsace, Tel.+33 (0)5 62 05 03 44<br>Pharmacie Agn\u00e8s Leygue Mauroux Zone Endoumingue 223 route d&#8217;Agen, Tel.+33 (0)5 62 05 34 71<br>Pharmacie Hoche Sandrine 13 place Lib\u00e9ration, Tel.+33 (0)5 62 05 00 52<br>Pharmacie Cahuzac 19 avenue Alsace, Tel.+33 (0)5 62 05 01 05<br>Pharmacie Founeau 35 bis avenue Pyr\u00e9n\u00e9es, Tel.+33 (0)5 62 05 00 53<br>Pharmacie Lafayette occitane 37 avenue Yser, Tel.+33 (0)5 62 05 08 25<br>Pharmacie du Garros Centre commercial, 17 place Fontaine, Tel.+33 (0)5 62 05 39 32<\/p>\n\n\n\n<p class=\"is-style-blockquote\">Pavie<\/p>\n\n\n\n<p>Pharmacie Fassero Louis 2 rue Carmes, Tel.+33 (0)5 62 05 20 52<\/p>\n\n\n\n<p class=\"is-style-blockquote\">Jegun<\/p>\n\n\n\n<p>Pharmacie Foures 18 place de la Bascule, Tel.+33 (0)5 62 64 50 11<\/p>\n\n\n\n<p class=\"is-style-blockquote\">Preignan<\/p>\n\n\n\n<p>Pharmacie Ricau Fourcade Centre commercial, Tel.+33 (0)5 62 65 50 66<\/p>\n\n\n\n<p class=\"is-style-blockquote\">Puycasquier<\/p>\n\n\n\n<p><br>Pharmacie de Puycasquier rue principale, Tel.+33 (0)5 62 65 14 34<\/p>\n\n\n\n<p class=\"is-style-blockquote\">Castera-Verduzan<\/p>\n\n\n\n<p>Pharmacie Albaret 23 avenue T\u00e9nar\u00e8ze, Tel.+33 (0)5 62 68 13 20<\/p>\n\n\n\n<h2>Medical laboratory<\/h2>\n\n\n\n<p>Laboratoire d&#8217;Analyses de Biologie M\u00e9dicale<br>13, avenue Alsace 32000 Auch, Tel.+33 (0)5 62 05 06 56<\/p>\n\n\n\n<p>Occitanie Pathologie<br>101, avenue Yser 32000 Auch, Tel.+33 (0)5 62 63 54 54<\/p>\n\n\n\n<p>Laboratoire Analyses M\u00e9dicales Gascogne<br>52, boulevard Sadi Carnot 32000 Auch, Tel.+33 (0)5 62 61 23 45<\/p>\n\n\n\n<h2>Nurse<\/h2>\n\n\n\n<p>See <a href=\"https:\/\/www.pagesjaunes.fr\/annuaire\/auch-32\/infirmiers-cabinets-soins-a-domicile\" target=\"_blank\" rel=\"noreferrer noopener\">directory<\/a><\/p>\n\n\n\n<h2>Dentist<\/h2>\n\n\n\n<p>See <a href=\"https:\/\/www.pagesjaunes.fr\/annuaire\/auch-32\/dentistes\" target=\"_blank\" rel=\"noreferrer noopener\">directory<\/a><\/p>\n\n\n\n<h2>Childcare, plaything<\/h2>\n\n\n\n<p class=\"is-style-blockquote\">Auch<\/p>\n\n\n\n<p>AUBERT Zone Endoumingue, route de Roquelaure, Tel.+33 (0)5 62 05 66 28<br>OKA\u00cfDI 30 avenue Alsace, Tel.+33 (0)5 62 60 21 34<br>ORCHESTRA ZAC de Clarac, Tel.+33 (0)5 62 05 83 98<br>DISTRI CENTER Lotissement La Caillaou\u00e8re, Tel.+33 (0)5 62 05 36 79<br>Jou\u00e9 Club la Hotte aux jouets 8 rue dessoles, Tel.+33 (0)5 62 05 28 73<br>Maxi Toys France ZAC Endoumingue, route de Roquelaure, Tel.+33 (0)5 62 05 69 43<br>GIFI  Zone du Grand Ch\u00eane, Tel.+33 (0)5 62 06 80 37<\/p>\n","protected":false},"excerpt":{"rendered":"<p>Emergency, pharmacy, general practitioner  <\/p>\n","protected":false},"author":1,"featured_media":18719,"parent":141,"menu_order":80,"comment_status":"closed","ping_status":"closed","template":"","meta":[],"yoast_head":"<!-- This site is optimized with the Yoast SEO plugin v15.2.1 - https:\/\/yoast.com\/wordpress\/plugins\/seo\/ -->\n<meta name=\"description\" content=\"Emergency, pharmacy, general practitioner\" \/>\n<meta name=\"robots\" content=\"index, follow, max-snippet:-1, max-image-preview:large, max-video-preview:-1\" \/>\n<link rel=\"canonical\" href=\"https:\/\/www.auch-tourisme.com\/en\/your-stay\/everyday-life\/health-emergency\/\" \/>\n<meta property=\"og:locale\" content=\"en_US\" \/>\n<meta property=\"og:type\" content=\"article\" \/>\n<meta property=\"og:title\" content=\"Health - Emergency - Grand Auch Coeur de Gascogne tourist office, official website\" \/>\n<meta property=\"og:description\" content=\"Emergency, pharmacy, general practitioner\" \/>\n<meta property=\"og:url\" content=\"https:\/\/www.auch-tourisme.com\/en\/your-stay\/everyday-life\/health-emergency\/\" \/>\n<meta property=\"og:site_name\" content=\"Grand Auch Coeur de Gascogne tourist office, official website\" \/>\n<meta property=\"article:publisher\" content=\"https:\/\/www.facebook.com\/TourismeAuch\" \/>\n<meta property=\"article:modified_time\" content=\"2021-06-21T09:15:00+00:00\" \/>\n<meta property=\"og:image\" content=\"https:\/\/www.auch-tourisme.com\/en\/wp-content\/uploads\/sites\/7\/sites\/7\/wpetourisme\/CDT32_0026356.jpg\" \/>\n\t<meta property=\"og:image:width\" content=\"1024\" \/>\n\t<meta property=\"og:image:height\" content=\"683\" \/>\n<meta name=\"twitter:card\" content=\"summary_large_image\" \/>\n<meta name=\"twitter:creator\" content=\"@tourismeauch\" \/>\n<meta name=\"twitter:site\" content=\"@tourismeauch\" \/>\n<meta name=\"twitter:label1\" content=\"Written by\">\n\t<meta name=\"twitter:data1\" content=\"IRIS Interactive\">\n\t<meta name=\"twitter:label2\" content=\"Est. reading time\">\n\t<meta name=\"twitter:data2\" content=\"2 minutes\">\n<script type=\"application\/ld+json\" class=\"yoast-schema-graph\">{\"@context\":\"https:\/\/schema.org\",\"@graph\":[{\"@type\":\"WebSite\",\"@id\":\"https:\/\/www.auch-tourisme.com\/en\/#website\",\"url\":\"https:\/\/www.auch-tourisme.com\/en\/\",\"name\":\"Grand Auch Coeur de Gascogne tourist office, official website\",\"description\":\"Site suggesting tourist sites, accomadation and leisures, giving information to go sightseeing\",\"potentialAction\":[{\"@type\":\"SearchAction\",\"target\":\"https:\/\/www.auch-tourisme.com\/en\/?s={search_term_string}\",\"query-input\":\"required name=search_term_string\"}],\"inLanguage\":\"en-US\"},{\"@type\":\"ImageObject\",\"@id\":\"https:\/\/www.auch-tourisme.com\/en\/your-stay\/everyday-life\/health-emergency\/#primaryimage\",\"inLanguage\":\"en-US\",\"url\":\"https:\/\/www.auch-tourisme.com\/en\/wp-content\/uploads\/sites\/7\/sites\/7\/wpetourisme\/CDT32_0026356.jpg\",\"width\":1024,\"height\":683,\"caption\":\"Soins Gers\"},{\"@type\":\"WebPage\",\"@id\":\"https:\/\/www.auch-tourisme.com\/en\/your-stay\/everyday-life\/health-emergency\/#webpage\",\"url\":\"https:\/\/www.auch-tourisme.com\/en\/your-stay\/everyday-life\/health-emergency\/\",\"name\":\"Health - Emergency - Grand Auch Coeur de Gascogne tourist office, official website\",\"isPartOf\":{\"@id\":\"https:\/\/www.auch-tourisme.com\/en\/#website\"},\"primaryImageOfPage\":{\"@id\":\"https:\/\/www.auch-tourisme.com\/en\/your-stay\/everyday-life\/health-emergency\/#primaryimage\"},\"datePublished\":\"2020-05-28T07:50:37+00:00\",\"dateModified\":\"2021-06-21T09:15:00+00:00\",\"description\":\"Emergency, pharmacy, general practitioner\",\"breadcrumb\":{\"@id\":\"https:\/\/www.auch-tourisme.com\/en\/your-stay\/everyday-life\/health-emergency\/#breadcrumb\"},\"inLanguage\":\"en-US\",\"potentialAction\":[{\"@type\":\"ReadAction\",\"target\":[\"https:\/\/www.auch-tourisme.com\/en\/your-stay\/everyday-life\/health-emergency\/\"]}]},{\"@type\":\"BreadcrumbList\",\"@id\":\"https:\/\/www.auch-tourisme.com\/en\/your-stay\/everyday-life\/health-emergency\/#breadcrumb\",\"itemListElement\":[{\"@type\":\"ListItem\",\"position\":1,\"item\":{\"@type\":\"WebPage\",\"@id\":\"https:\/\/www.auch-tourisme.com\/en\/\",\"url\":\"https:\/\/www.auch-tourisme.com\/en\/\",\"name\":\"Home\"}},{\"@type\":\"ListItem\",\"position\":2,\"item\":{\"@type\":\"WebPage\",\"@id\":\"https:\/\/www.auch-tourisme.com\/en\/your-stay\/\",\"url\":\"https:\/\/www.auch-tourisme.com\/en\/your-stay\/\",\"name\":\"Your stay\"}},{\"@type\":\"ListItem\",\"position\":3,\"item\":{\"@type\":\"WebPage\",\"@id\":\"https:\/\/www.auch-tourisme.com\/en\/your-stay\/everyday-life\/\",\"url\":\"https:\/\/www.auch-tourisme.com\/en\/your-stay\/everyday-life\/\",\"name\":\"Everyday life\"}},{\"@type\":\"ListItem\",\"position\":4,\"item\":{\"@type\":\"WebPage\",\"@id\":\"https:\/\/www.auch-tourisme.com\/en\/your-stay\/everyday-life\/health-emergency\/\",\"url\":\"https:\/\/www.auch-tourisme.com\/en\/your-stay\/everyday-life\/health-emergency\/\",\"name\":\"Health &#8211; Emergency\"}}]}]}<\/script>\n<!-- \/ Yoast SEO plugin. -->","_links":{"self":[{"href":"https:\/\/www.auch-tourisme.com\/en\/wp-json\/wp\/v2\/pages\/167"}],"collection":[{"href":"https:\/\/www.auch-tourisme.com\/en\/wp-json\/wp\/v2\/pages"}],"about":[{"href":"https:\/\/www.auch-tourisme.com\/en\/wp-json\/wp\/v2\/types\/page"}],"author":[{"embeddable":true,"href":"https:\/\/www.auch-tourisme.com\/en\/wp-json\/wp\/v2\/users\/1"}],"replies":[{"embeddable":true,"href":"https:\/\/www.auch-tourisme.com\/en\/wp-json\/wp\/v2\/comments?post=167"}],"version-history":[{"count":25,"href":"https:\/\/www.auch-tourisme.com\/en\/wp-json\/wp\/v2\/pages\/167\/revisions"}],"predecessor-version":[{"id":20911,"href":"https:\/\/www.auch-tourisme.com\/en\/wp-json\/wp\/v2\/pages\/167\/revisions\/20911"}],"up":[{"embeddable":true,"href":"https:\/\/www.auch-tourisme.com\/en\/wp-json\/wp\/v2\/pages\/141"}],"wp:featuredmedia":[{"embeddable":true,"href":"https:\/\/www.auch-tourisme.com\/en\/wp-json\/wp\/v2\/media\/18719"}],"wp:attachment":[{"href":"https:\/\/www.auch-tourisme.com\/en\/wp-json\/wp\/v2\/media?parent=167"}],"curies":[{"name":"wp","href":"https:\/\/api.w.org\/{rel}","templated":true}]}}