{"id":161,"date":"2020-05-28T08:50:37","date_gmt":"2020-05-28T07:50:37","guid":{"rendered":"https:\/\/www.auch-tourisme.com\/en\/the-picnic-spots-playgrounds"},"modified":"2020-10-08T16:03:55","modified_gmt":"2020-10-08T14:03:55","slug":"the-picnic-spots-playgrounds","status":"publish","type":"page","link":"https:\/\/www.auch-tourisme.com\/en\/your-stay\/everyday-life\/the-picnic-spots-playgrounds\/","title":{"rendered":"The Picnic Spots &#038; playgrounds"},"content":{"rendered":"\n<p>In the lower town or the upper town of <a rel=\"noreferrer noopener\" href=\"https:\/\/www.auch-tourisme.com\/en\/patrimoine-culturel\/ville-dauch\/\" target=\"_blank\">Auch<\/a>, in villages, here the cool places to be for relaxing, having fun and picnic !<\/p>\n","protected":false},"excerpt":{"rendered":"<p>En ville haute et ville basse \u00e0 Auch, dans les villages : les aires de jeux et pique-nique id\u00e9ales sur vos itin\u00e9raires de vacances dans le Gers. <\/p>\n","protected":false},"author":1,"featured_media":19733,"parent":141,"menu_order":20,"comment_status":"closed","ping_status":"closed","template":"page-templates\/sit.php","meta":[],"yoast_head":"<!-- This site is optimized with the Yoast SEO plugin v15.2.1 - https:\/\/yoast.com\/wordpress\/plugins\/seo\/ -->\n<meta name=\"description\" content=\"En ville haute et ville basse \u00e0 Auch, dans les villages : les aires de jeux et pique-nique id\u00e9ales sur vos itin\u00e9raires de vacances dans le Gers.\" \/>\n<meta name=\"robots\" content=\"index, follow, max-snippet:-1, max-image-preview:large, max-video-preview:-1\" \/>\n<link rel=\"canonical\" href=\"https:\/\/www.auch-tourisme.com\/en\/your-stay\/everyday-life\/the-picnic-spots-playgrounds\/\" \/>\n<meta property=\"og:locale\" content=\"en_US\" \/>\n<meta property=\"og:type\" content=\"article\" \/>\n<meta property=\"og:title\" content=\"The Picnic Spots &amp; playgrounds - Grand Auch Coeur de Gascogne tourist office, official website\" \/>\n<meta property=\"og:description\" content=\"En ville haute et ville basse \u00e0 Auch, dans les villages : les aires de jeux et pique-nique id\u00e9ales sur vos itin\u00e9raires de vacances dans le Gers.\" \/>\n<meta property=\"og:url\" content=\"https:\/\/www.auch-tourisme.com\/en\/your-stay\/everyday-life\/the-picnic-spots-playgrounds\/\" \/>\n<meta property=\"og:site_name\" content=\"Grand Auch Coeur de Gascogne tourist office, official website\" \/>\n<meta property=\"article:publisher\" content=\"https:\/\/www.facebook.com\/TourismeAuch\" \/>\n<meta property=\"article:modified_time\" content=\"2020-10-08T14:03:55+00:00\" \/>\n<meta property=\"og:image\" content=\"https:\/\/www.auch-tourisme.com\/en\/wp-content\/uploads\/sites\/7\/2020\/10\/Pique-nique-Jegun.jpg\" \/>\n\t<meta property=\"og:image:width\" content=\"1277\" \/>\n\t<meta property=\"og:image:height\" content=\"852\" \/>\n<meta name=\"twitter:card\" content=\"summary_large_image\" \/>\n<meta name=\"twitter:creator\" content=\"@tourismeauch\" \/>\n<meta name=\"twitter:site\" content=\"@tourismeauch\" \/>\n<meta name=\"twitter:label1\" content=\"Written by\">\n\t<meta name=\"twitter:data1\" content=\"IRIS Interactive\">\n\t<meta name=\"twitter:label2\" content=\"Est. reading time\">\n\t<meta name=\"twitter:data2\" content=\"0 minutes\">\n<script type=\"application\/ld+json\" class=\"yoast-schema-graph\">{\"@context\":\"https:\/\/schema.org\",\"@graph\":[{\"@type\":\"WebSite\",\"@id\":\"https:\/\/www.auch-tourisme.com\/en\/#website\",\"url\":\"https:\/\/www.auch-tourisme.com\/en\/\",\"name\":\"Grand Auch Coeur de Gascogne tourist office, official website\",\"description\":\"Site suggesting tourist sites, accomadation and leisures, giving information to go sightseeing\",\"potentialAction\":[{\"@type\":\"SearchAction\",\"target\":\"https:\/\/www.auch-tourisme.com\/en\/?s={search_term_string}\",\"query-input\":\"required name=search_term_string\"}],\"inLanguage\":\"en-US\"},{\"@type\":\"ImageObject\",\"@id\":\"https:\/\/www.auch-tourisme.com\/en\/your-stay\/everyday-life\/the-picnic-spots-playgrounds\/#primaryimage\",\"inLanguage\":\"en-US\",\"url\":\"https:\/\/www.auch-tourisme.com\/en\/wp-content\/uploads\/sites\/7\/2020\/10\/Pique-nique-Jegun.jpg\",\"width\":1277,\"height\":852,\"caption\":\"Pique-nique Jegun_Auch coeur de Gascogne\"},{\"@type\":\"WebPage\",\"@id\":\"https:\/\/www.auch-tourisme.com\/en\/your-stay\/everyday-life\/the-picnic-spots-playgrounds\/#webpage\",\"url\":\"https:\/\/www.auch-tourisme.com\/en\/your-stay\/everyday-life\/the-picnic-spots-playgrounds\/\",\"name\":\"The Picnic Spots & playgrounds - Grand Auch Coeur de Gascogne tourist office, official website\",\"isPartOf\":{\"@id\":\"https:\/\/www.auch-tourisme.com\/en\/#website\"},\"primaryImageOfPage\":{\"@id\":\"https:\/\/www.auch-tourisme.com\/en\/your-stay\/everyday-life\/the-picnic-spots-playgrounds\/#primaryimage\"},\"datePublished\":\"2020-05-28T07:50:37+00:00\",\"dateModified\":\"2020-10-08T14:03:55+00:00\",\"description\":\"En ville haute et ville basse \\u00e0 Auch, dans les villages : les aires de jeux et pique-nique id\\u00e9ales sur vos itin\\u00e9raires de vacances dans le Gers.\",\"breadcrumb\":{\"@id\":\"https:\/\/www.auch-tourisme.com\/en\/your-stay\/everyday-life\/the-picnic-spots-playgrounds\/#breadcrumb\"},\"inLanguage\":\"en-US\",\"potentialAction\":[{\"@type\":\"ReadAction\",\"target\":[\"https:\/\/www.auch-tourisme.com\/en\/your-stay\/everyday-life\/the-picnic-spots-playgrounds\/\"]}]},{\"@type\":\"BreadcrumbList\",\"@id\":\"https:\/\/www.auch-tourisme.com\/en\/your-stay\/everyday-life\/the-picnic-spots-playgrounds\/#breadcrumb\",\"itemListElement\":[{\"@type\":\"ListItem\",\"position\":1,\"item\":{\"@type\":\"WebPage\",\"@id\":\"https:\/\/www.auch-tourisme.com\/en\/\",\"url\":\"https:\/\/www.auch-tourisme.com\/en\/\",\"name\":\"Home\"}},{\"@type\":\"ListItem\",\"position\":2,\"item\":{\"@type\":\"WebPage\",\"@id\":\"https:\/\/www.auch-tourisme.com\/en\/your-stay\/\",\"url\":\"https:\/\/www.auch-tourisme.com\/en\/your-stay\/\",\"name\":\"Your stay\"}},{\"@type\":\"ListItem\",\"position\":3,\"item\":{\"@type\":\"WebPage\",\"@id\":\"https:\/\/www.auch-tourisme.com\/en\/your-stay\/everyday-life\/\",\"url\":\"https:\/\/www.auch-tourisme.com\/en\/your-stay\/everyday-life\/\",\"name\":\"Everyday life\"}},{\"@type\":\"ListItem\",\"position\":4,\"item\":{\"@type\":\"WebPage\",\"@id\":\"https:\/\/www.auch-tourisme.com\/en\/your-stay\/everyday-life\/the-picnic-spots-playgrounds\/\",\"url\":\"https:\/\/www.auch-tourisme.com\/en\/your-stay\/everyday-life\/the-picnic-spots-playgrounds\/\",\"name\":\"The Picnic Spots &#038; playgrounds\"}}]}]}<\/script>\n<!-- \/ Yoast SEO plugin. -->","_links":{"self":[{"href":"https:\/\/www.auch-tourisme.com\/en\/wp-json\/wp\/v2\/pages\/161"}],"collection":[{"href":"https:\/\/www.auch-tourisme.com\/en\/wp-json\/wp\/v2\/pages"}],"about":[{"href":"https:\/\/www.auch-tourisme.com\/en\/wp-json\/wp\/v2\/types\/page"}],"author":[{"embeddable":true,"href":"https:\/\/www.auch-tourisme.com\/en\/wp-json\/wp\/v2\/users\/1"}],"replies":[{"embeddable":true,"href":"https:\/\/www.auch-tourisme.com\/en\/wp-json\/wp\/v2\/comments?post=161"}],"version-history":[{"count":8,"href":"https:\/\/www.auch-tourisme.com\/en\/wp-json\/wp\/v2\/pages\/161\/revisions"}],"predecessor-version":[{"id":19574,"href":"https:\/\/www.auch-tourisme.com\/en\/wp-json\/wp\/v2\/pages\/161\/revisions\/19574"}],"up":[{"embeddable":true,"href":"https:\/\/www.auch-tourisme.com\/en\/wp-json\/wp\/v2\/pages\/141"}],"wp:featuredmedia":[{"embeddable":true,"href":"https:\/\/www.auch-tourisme.com\/en\/wp-json\/wp\/v2\/media\/19733"}],"wp:attachment":[{"href":"https:\/\/www.auch-tourisme.com\/en\/wp-json\/wp\/v2\/media?parent=161"}],"curies":[{"name":"wp","href":"https:\/\/api.w.org\/{rel}","templated":true}]}}