{"id":159,"date":"2020-05-28T08:50:37","date_gmt":"2020-05-28T07:50:37","guid":{"rendered":"https:\/\/www.auch-tourisme.com\/en\/car-parks-and-parking-lots"},"modified":"2020-10-08T16:33:45","modified_gmt":"2020-10-08T14:33:45","slug":"car-parks-and-parking-lots","status":"publish","type":"page","link":"https:\/\/www.auch-tourisme.com\/en\/your-stay\/everyday-life\/car-parks-and-parking-lots\/","title":{"rendered":"Car parks and parking lots"},"content":{"rendered":"\n<p>Lot of possibilities to find a car park free for example the underground parking garage &#8220;all\u00e9e Baylac&#8221; or the outdoor parking &#8220;Les All\u00e9es d&#8217;Etigny&#8221;, ideally situated in the historical center of Auch, &nbsp;for the visit of the old town. <\/p>\n\n\n<p><iframe src=\"https:\/\/www.google.com\/maps\/d\/embed?mid=1mCzckakV2yzK-Ewk865V9CZ_TUM&amp;hl=fr\" width=\"100%\" height=\"480\"><\/iframe><\/p>\n\n\n\n<h2>Camper van<\/h2>\n\n\n\n<h3>In Auch <\/h3>\n\n\n\n<p>The <a href=\"https:\/\/www.auch-tourisme.com\/en\/camping\/aire-de-camping-cars-de-lile-saint-martin\/\" target=\"_blank\" rel=\"noreferrer noopener\">camping car park<\/a> is situated avenue du G\u00e9n\u00e9ral de Gaulle (Ile Saint-Martin), located along the Gers river near the centre of Auch where the Promenade Claude Desbons , riverside walk, &nbsp;offers a pleasant, peaceful stroll along the Gers.&nbsp;Year round, 40 pitches available 24 hours a day with a terminal.<\/p>\n\n\n\n<ul><li>drainage<\/li><li>water refill (100 L)<\/li><li>electricity<\/li><\/ul>\n\n\n\n<p class=\"is-style-highlight\">Following <a href=\"https:\/\/www.auch-tourisme.com\/en\/itineraire-touristique\/promenade-claude-desbons\/\">promenade Claude Desbons<\/a> (walking and cycling path of Auch), you  reach the city center very easily and safely<\/p>\n\n\n\n<p>One day trip : <\/p>\n\n\n\n<ul><li><strong>free parking Quai Lissagaray<\/strong> close to the shopping area, easy access to the historical center.<\/li><li><strong>parking du Foirail<\/strong> in the upper town. <\/li><li><strong>parking des all\u00e9es d&#8217;Etigny<\/strong> close to the city hall.  <\/li><\/ul>\n\n\n\n<h3>In Cast\u00e9ra-Verduzan<\/h3>\n\n\n\n<p>For your day trip in this <a rel=\"noreferrer noopener\" href=\"https:\/\/www.auch-tourisme.com\/en\/auch-c\u0153ur-de-gascogne-the-heart-of-gascony\/criss-cross-auch-and-the-heart-of-gascony\/the-village-of-lavardens-and-its-chateau\/\" target=\"_blank\">spa village<\/a>, you will find a camping-car area by the lake. A shady parking with picnic tables available.<\/p>\n\n\n\n<h3>In Castelnau-Barbarens<\/h3>\n\n\n\n<p>For visiting this <a href=\"https:\/\/www.auch-tourisme.com\/en\/auch-c\u0153ur-de-gascogne-the-heart-of-gascony\/criss-cross-auch-and-the-heart-of-gascony\/castelnau-barbarens-village-medieval\/\" target=\"_blank\" rel=\"noreferrer noopener\">medieval village<\/a>, an area is at your deposal 24 hours a day close to the salle polyvalente, down the village. <\/p>\n\n\n<div class=\"wp-block-related-post\">\n<h3>Camping-car area<\/h3>\n\n<div class=\"wp-block-related-post-inner alignfull\" id=\"relatedpostSlider--\">\n    <div class=\"wp-block-related-post-slider-block\">\n            <\/div>\n<\/div>\n\n<div class=\"wp-block-related-post-button\">\n    <p class=\"wp-block-related-post-button-prev slick-prev\"><\/p>\n    <p class=\"wp-block-related-post-button-next slick-next\"><\/p>\n<\/div>\n<\/div>","protected":false},"excerpt":{"rendered":"<p>Les infos \u00e0 conna\u00eetre pour se garer facilement \u00e0 Auch, en voiture ou camping-cars. <\/p>\n","protected":false},"author":1,"featured_media":8163,"parent":141,"menu_order":10,"comment_status":"closed","ping_status":"closed","template":"","meta":[],"yoast_head":"<!-- This site is optimized with the Yoast SEO plugin v15.2.1 - https:\/\/yoast.com\/wordpress\/plugins\/seo\/ -->\n<meta name=\"description\" content=\"Les infos \u00e0 conna\u00eetre pour se garer facilement \u00e0 Auch, en voiture ou camping-cars.\" \/>\n<meta name=\"robots\" content=\"index, follow, max-snippet:-1, max-image-preview:large, max-video-preview:-1\" \/>\n<link rel=\"canonical\" href=\"https:\/\/www.auch-tourisme.com\/en\/your-stay\/everyday-life\/car-parks-and-parking-lots\/\" \/>\n<meta property=\"og:locale\" content=\"en_US\" \/>\n<meta property=\"og:type\" content=\"article\" \/>\n<meta property=\"og:title\" content=\"Car parks and parking lots - Grand Auch Coeur de Gascogne tourist office, official website\" \/>\n<meta property=\"og:description\" content=\"Les infos \u00e0 conna\u00eetre pour se garer facilement \u00e0 Auch, en voiture ou camping-cars.\" \/>\n<meta property=\"og:url\" content=\"https:\/\/www.auch-tourisme.com\/en\/your-stay\/everyday-life\/car-parks-and-parking-lots\/\" \/>\n<meta property=\"og:site_name\" content=\"Grand Auch Coeur de Gascogne tourist office, official website\" \/>\n<meta property=\"article:publisher\" content=\"https:\/\/www.facebook.com\/TourismeAuch\" \/>\n<meta property=\"article:modified_time\" content=\"2020-10-08T14:33:45+00:00\" \/>\n<meta property=\"og:image\" content=\"https:\/\/www.auch-tourisme.com\/en\/wp-content\/uploads\/sites\/7\/2020\/01\/bus.jpg\" \/>\n\t<meta property=\"og:image:width\" content=\"800\" \/>\n\t<meta property=\"og:image:height\" content=\"600\" \/>\n<meta name=\"twitter:card\" content=\"summary_large_image\" \/>\n<meta name=\"twitter:creator\" content=\"@tourismeauch\" \/>\n<meta name=\"twitter:site\" content=\"@tourismeauch\" \/>\n<meta name=\"twitter:label1\" content=\"Written by\">\n\t<meta name=\"twitter:data1\" content=\"IRIS Interactive\">\n\t<meta name=\"twitter:label2\" content=\"Est. reading time\">\n\t<meta name=\"twitter:data2\" content=\"1 minute\">\n<script type=\"application\/ld+json\" class=\"yoast-schema-graph\">{\"@context\":\"https:\/\/schema.org\",\"@graph\":[{\"@type\":\"WebSite\",\"@id\":\"https:\/\/www.auch-tourisme.com\/en\/#website\",\"url\":\"https:\/\/www.auch-tourisme.com\/en\/\",\"name\":\"Grand Auch Coeur de Gascogne tourist office, official website\",\"description\":\"Site suggesting tourist sites, accomadation and leisures, giving information to go sightseeing\",\"potentialAction\":[{\"@type\":\"SearchAction\",\"target\":\"https:\/\/www.auch-tourisme.com\/en\/?s={search_term_string}\",\"query-input\":\"required name=search_term_string\"}],\"inLanguage\":\"en-US\"},{\"@type\":\"ImageObject\",\"@id\":\"https:\/\/www.auch-tourisme.com\/en\/your-stay\/everyday-life\/car-parks-and-parking-lots\/#primaryimage\",\"inLanguage\":\"en-US\",\"url\":\"https:\/\/www.auch-tourisme.com\/en\/wp-content\/uploads\/sites\/7\/2020\/01\/bus.jpg\",\"width\":800,\"height\":600},{\"@type\":\"WebPage\",\"@id\":\"https:\/\/www.auch-tourisme.com\/en\/your-stay\/everyday-life\/car-parks-and-parking-lots\/#webpage\",\"url\":\"https:\/\/www.auch-tourisme.com\/en\/your-stay\/everyday-life\/car-parks-and-parking-lots\/\",\"name\":\"Car parks and parking lots - Grand Auch Coeur de Gascogne tourist office, official website\",\"isPartOf\":{\"@id\":\"https:\/\/www.auch-tourisme.com\/en\/#website\"},\"primaryImageOfPage\":{\"@id\":\"https:\/\/www.auch-tourisme.com\/en\/your-stay\/everyday-life\/car-parks-and-parking-lots\/#primaryimage\"},\"datePublished\":\"2020-05-28T07:50:37+00:00\",\"dateModified\":\"2020-10-08T14:33:45+00:00\",\"description\":\"Les infos \\u00e0 conna\\u00eetre pour se garer facilement \\u00e0 Auch, en voiture ou camping-cars.\",\"breadcrumb\":{\"@id\":\"https:\/\/www.auch-tourisme.com\/en\/your-stay\/everyday-life\/car-parks-and-parking-lots\/#breadcrumb\"},\"inLanguage\":\"en-US\",\"potentialAction\":[{\"@type\":\"ReadAction\",\"target\":[\"https:\/\/www.auch-tourisme.com\/en\/your-stay\/everyday-life\/car-parks-and-parking-lots\/\"]}]},{\"@type\":\"BreadcrumbList\",\"@id\":\"https:\/\/www.auch-tourisme.com\/en\/your-stay\/everyday-life\/car-parks-and-parking-lots\/#breadcrumb\",\"itemListElement\":[{\"@type\":\"ListItem\",\"position\":1,\"item\":{\"@type\":\"WebPage\",\"@id\":\"https:\/\/www.auch-tourisme.com\/en\/\",\"url\":\"https:\/\/www.auch-tourisme.com\/en\/\",\"name\":\"Home\"}},{\"@type\":\"ListItem\",\"position\":2,\"item\":{\"@type\":\"WebPage\",\"@id\":\"https:\/\/www.auch-tourisme.com\/en\/your-stay\/\",\"url\":\"https:\/\/www.auch-tourisme.com\/en\/your-stay\/\",\"name\":\"Your stay\"}},{\"@type\":\"ListItem\",\"position\":3,\"item\":{\"@type\":\"WebPage\",\"@id\":\"https:\/\/www.auch-tourisme.com\/en\/your-stay\/everyday-life\/\",\"url\":\"https:\/\/www.auch-tourisme.com\/en\/your-stay\/everyday-life\/\",\"name\":\"Everyday life\"}},{\"@type\":\"ListItem\",\"position\":4,\"item\":{\"@type\":\"WebPage\",\"@id\":\"https:\/\/www.auch-tourisme.com\/en\/your-stay\/everyday-life\/car-parks-and-parking-lots\/\",\"url\":\"https:\/\/www.auch-tourisme.com\/en\/your-stay\/everyday-life\/car-parks-and-parking-lots\/\",\"name\":\"Car parks and parking lots\"}}]}]}<\/script>\n<!-- \/ Yoast SEO plugin. -->","_links":{"self":[{"href":"https:\/\/www.auch-tourisme.com\/en\/wp-json\/wp\/v2\/pages\/159"}],"collection":[{"href":"https:\/\/www.auch-tourisme.com\/en\/wp-json\/wp\/v2\/pages"}],"about":[{"href":"https:\/\/www.auch-tourisme.com\/en\/wp-json\/wp\/v2\/types\/page"}],"author":[{"embeddable":true,"href":"https:\/\/www.auch-tourisme.com\/en\/wp-json\/wp\/v2\/users\/1"}],"replies":[{"embeddable":true,"href":"https:\/\/www.auch-tourisme.com\/en\/wp-json\/wp\/v2\/comments?post=159"}],"version-history":[{"count":44,"href":"https:\/\/www.auch-tourisme.com\/en\/wp-json\/wp\/v2\/pages\/159\/revisions"}],"predecessor-version":[{"id":19762,"href":"https:\/\/www.auch-tourisme.com\/en\/wp-json\/wp\/v2\/pages\/159\/revisions\/19762"}],"up":[{"embeddable":true,"href":"https:\/\/www.auch-tourisme.com\/en\/wp-json\/wp\/v2\/pages\/141"}],"wp:featuredmedia":[{"embeddable":true,"href":"https:\/\/www.auch-tourisme.com\/en\/wp-json\/wp\/v2\/media\/8163"}],"wp:attachment":[{"href":"https:\/\/www.auch-tourisme.com\/en\/wp-json\/wp\/v2\/media?parent=159"}],"curies":[{"name":"wp","href":"https:\/\/api.w.org\/{rel}","templated":true}]}}