{"id":140,"date":"2020-05-28T08:50:37","date_gmt":"2020-05-28T07:50:37","guid":{"rendered":"https:\/\/www.auch-tourisme.com\/en\/with-children"},"modified":"2020-08-20T09:14:32","modified_gmt":"2020-08-20T07:14:32","slug":"with-children","status":"publish","type":"page","link":"https:\/\/www.auch-tourisme.com\/en\/your-stay\/the-tourist-office\/with-children\/","title":{"rendered":"With children"},"content":{"rendered":"\n<p class=\"is-style-blockquote\">Auch, C\u0153ur de Gascogne, labeled Famille Plus since 2018, welcomes families with children.<\/p>\n\n\n\n<div class=\"wp-block-image\"><figure class=\"aligncenter size-large\"><img loading=\"lazy\" width=\"150\" height=\"146\" data-src=\"https:\/\/www.auch-tourisme.com\/en\/wp-content\/uploads\/2020\/03\/logo-famille-plus.png\" alt=\"\" class=\"wp-image-8849\"\/><\/figure><\/div>\n\n\n\n<h2>6 commitments for hosting adults and children:<\/h2>\n\n\n\n<ul><li>A personalized welcome for families<\/li><li>Entertainment suitable for all ages<\/li><li>From smallest to largest : price to suit everyone<\/li><li>Activities for young and old , to live together or separately<\/li><li>All shops and services at hand<\/li><li>Children looked after by our professional<\/li><\/ul>\n\n\n\n<p class=\"is-style-highlight\">Famille Plus Label ensure a great holiday where ever you go. <\/p>\n\n\n\n<h2>A tailor-made infrastructure for families<\/h2>\n\n\n\n<p>Coming to Grand Auch coeur de Gascogne with your family? Want to introduce your children to the heritage of Gascony? Find ideas for activities to do with the kids, so children and grown-ups alike can enjoy all the area&#8217;s attractions !<\/p>\n\n\n\n<ul><li>Events for instance <a href=\"https:\/\/www.auch-tourisme.com\/en\/party\/agenda\/les-festivals\/\">festivals<\/a> &#8220;Pirouette Circaouette&#8221; or &#8220;N&#8217;Amasse pas\u00a0Mousse&#8221;<\/li><li>Itineraries, circuits and treasure hunts<\/li><li>Sites and\u00a0monuments<\/li><li>Museums<\/li><li>Crafts<\/li><li>Parks and gardens<\/li><li>Swimming-pool<\/li><li>Play areas, sports <\/li><li>Culture and leisure as activities with <a rel=\"noreferrer noopener\" href=\"https:\/\/www.auch-tourisme.com\/en\/party\/guides-tours-and-route-to-discover\" target=\"_blank\">Pays d&#8217;art et d&#8217;histoire<\/a><\/li><li>Outdoor and indoor activities<\/li><\/ul>\n\n\n\n<p>The tourist office helps you to identify the offer available to families.<\/p>\n\n\n\n<p>Our counsellors advise you to ensure a great holiday and an unmissable stay. Find activities, tricks and good plans on our <a rel=\"noreferrer noopener\" href=\"https:\/\/www.auch-tourisme.com\/en\/categorie\/en-famille\/\" target=\"_blank\">blog<\/a>.<\/p>\n\n\n\n<p><strong>Grand Auch coeur de Gascogne is increasing its efforts to welcome little ones and to propose age-appropriate activities, giving parents the time to take full advantage of their holidays.<\/strong><\/p>\n","protected":false},"excerpt":{"rendered":"<p>Auch et son agglom\u00e9ration est une destination labellis\u00e9e Famille Plus, label national attribu\u00e9 \u00e0 plus de 120 destinations fran\u00e7aises qui s&#8217;engagent \u00e0 faciliter les vacances des familles avec enfants. Une quarantaine de prestataires priv\u00e9s ont le label dans nos communes.   <\/p>\n","protected":false},"author":1,"featured_media":9988,"parent":137,"menu_order":50,"comment_status":"closed","ping_status":"closed","template":"","meta":[],"yoast_head":"<!-- This site is optimized with the Yoast SEO plugin v15.2.1 - https:\/\/yoast.com\/wordpress\/plugins\/seo\/ -->\n<meta name=\"description\" content=\"Auch et son agglom\u00e9ration est une destination labellis\u00e9e Famille Plus, label national attribu\u00e9 \u00e0 plus de 120 destinations fran\u00e7aises qui s&#039;engagent \u00e0 faciliter les vacances des familles avec enfants. Une quarantaine de prestataires priv\u00e9s ont le label dans nos communes.\" \/>\n<meta name=\"robots\" content=\"index, follow, max-snippet:-1, max-image-preview:large, max-video-preview:-1\" \/>\n<link rel=\"canonical\" href=\"https:\/\/www.auch-tourisme.com\/en\/your-stay\/the-tourist-office\/with-children\/\" \/>\n<meta property=\"og:locale\" content=\"en_US\" \/>\n<meta property=\"og:type\" content=\"article\" \/>\n<meta property=\"og:title\" content=\"With children - Grand Auch Coeur de Gascogne tourist office, official website\" \/>\n<meta property=\"og:description\" content=\"Auch et son agglom\u00e9ration est une destination labellis\u00e9e Famille Plus, label national attribu\u00e9 \u00e0 plus de 120 destinations fran\u00e7aises qui s&#039;engagent \u00e0 faciliter les vacances des familles avec enfants. Une quarantaine de prestataires priv\u00e9s ont le label dans nos communes.\" \/>\n<meta property=\"og:url\" content=\"https:\/\/www.auch-tourisme.com\/en\/your-stay\/the-tourist-office\/with-children\/\" \/>\n<meta property=\"og:site_name\" content=\"Grand Auch Coeur de Gascogne tourist office, official website\" \/>\n<meta property=\"article:publisher\" content=\"https:\/\/www.facebook.com\/TourismeAuch\" \/>\n<meta property=\"article:modified_time\" content=\"2020-08-20T07:14:32+00:00\" \/>\n<meta property=\"og:image\" content=\"https:\/\/www.auch-tourisme.com\/en\/wp-content\/uploads\/sites\/7\/2020\/04\/Famille-\u00e0-Auch.jpg\" \/>\n\t<meta property=\"og:image:width\" content=\"1053\" \/>\n\t<meta property=\"og:image:height\" content=\"1580\" \/>\n<meta name=\"twitter:card\" content=\"summary_large_image\" \/>\n<meta name=\"twitter:creator\" content=\"@tourismeauch\" \/>\n<meta name=\"twitter:site\" content=\"@tourismeauch\" \/>\n<meta name=\"twitter:label1\" content=\"Written by\">\n\t<meta name=\"twitter:data1\" content=\"IRIS Interactive\">\n\t<meta name=\"twitter:label2\" content=\"Est. reading time\">\n\t<meta name=\"twitter:data2\" content=\"1 minute\">\n<script type=\"application\/ld+json\" class=\"yoast-schema-graph\">{\"@context\":\"https:\/\/schema.org\",\"@graph\":[{\"@type\":\"WebSite\",\"@id\":\"https:\/\/www.auch-tourisme.com\/en\/#website\",\"url\":\"https:\/\/www.auch-tourisme.com\/en\/\",\"name\":\"Grand Auch Coeur de Gascogne tourist office, official website\",\"description\":\"Site suggesting tourist sites, accomadation and leisures, giving information to go sightseeing\",\"potentialAction\":[{\"@type\":\"SearchAction\",\"target\":\"https:\/\/www.auch-tourisme.com\/en\/?s={search_term_string}\",\"query-input\":\"required name=search_term_string\"}],\"inLanguage\":\"en-US\"},{\"@type\":\"ImageObject\",\"@id\":\"https:\/\/www.auch-tourisme.com\/en\/your-stay\/the-tourist-office\/with-children\/#primaryimage\",\"inLanguage\":\"en-US\",\"url\":\"https:\/\/www.auch-tourisme.com\/en\/wp-content\/uploads\/sites\/7\/2020\/04\/Famille-\\u00e0-Auch.jpg\",\"width\":1053,\"height\":1580,\"caption\":\"Famille en ville \\u00e0 Auch\"},{\"@type\":\"WebPage\",\"@id\":\"https:\/\/www.auch-tourisme.com\/en\/your-stay\/the-tourist-office\/with-children\/#webpage\",\"url\":\"https:\/\/www.auch-tourisme.com\/en\/your-stay\/the-tourist-office\/with-children\/\",\"name\":\"With children - Grand Auch Coeur de Gascogne tourist office, official website\",\"isPartOf\":{\"@id\":\"https:\/\/www.auch-tourisme.com\/en\/#website\"},\"primaryImageOfPage\":{\"@id\":\"https:\/\/www.auch-tourisme.com\/en\/your-stay\/the-tourist-office\/with-children\/#primaryimage\"},\"datePublished\":\"2020-05-28T07:50:37+00:00\",\"dateModified\":\"2020-08-20T07:14:32+00:00\",\"description\":\"Auch et son agglom\\u00e9ration est une destination labellis\\u00e9e Famille Plus, label national attribu\\u00e9 \\u00e0 plus de 120 destinations fran\\u00e7aises qui s'engagent \\u00e0 faciliter les vacances des familles avec enfants. Une quarantaine de prestataires priv\\u00e9s ont le label dans nos communes.\",\"breadcrumb\":{\"@id\":\"https:\/\/www.auch-tourisme.com\/en\/your-stay\/the-tourist-office\/with-children\/#breadcrumb\"},\"inLanguage\":\"en-US\",\"potentialAction\":[{\"@type\":\"ReadAction\",\"target\":[\"https:\/\/www.auch-tourisme.com\/en\/your-stay\/the-tourist-office\/with-children\/\"]}]},{\"@type\":\"BreadcrumbList\",\"@id\":\"https:\/\/www.auch-tourisme.com\/en\/your-stay\/the-tourist-office\/with-children\/#breadcrumb\",\"itemListElement\":[{\"@type\":\"ListItem\",\"position\":1,\"item\":{\"@type\":\"WebPage\",\"@id\":\"https:\/\/www.auch-tourisme.com\/en\/\",\"url\":\"https:\/\/www.auch-tourisme.com\/en\/\",\"name\":\"Home\"}},{\"@type\":\"ListItem\",\"position\":2,\"item\":{\"@type\":\"WebPage\",\"@id\":\"https:\/\/www.auch-tourisme.com\/en\/your-stay\/\",\"url\":\"https:\/\/www.auch-tourisme.com\/en\/your-stay\/\",\"name\":\"Your stay\"}},{\"@type\":\"ListItem\",\"position\":3,\"item\":{\"@type\":\"WebPage\",\"@id\":\"https:\/\/www.auch-tourisme.com\/en\/your-stay\/the-tourist-office\/\",\"url\":\"https:\/\/www.auch-tourisme.com\/en\/your-stay\/the-tourist-office\/\",\"name\":\"The Tourist Office\"}},{\"@type\":\"ListItem\",\"position\":4,\"item\":{\"@type\":\"WebPage\",\"@id\":\"https:\/\/www.auch-tourisme.com\/en\/your-stay\/the-tourist-office\/with-children\/\",\"url\":\"https:\/\/www.auch-tourisme.com\/en\/your-stay\/the-tourist-office\/with-children\/\",\"name\":\"With children\"}}]}]}<\/script>\n<!-- \/ Yoast SEO plugin. -->","_links":{"self":[{"href":"https:\/\/www.auch-tourisme.com\/en\/wp-json\/wp\/v2\/pages\/140"}],"collection":[{"href":"https:\/\/www.auch-tourisme.com\/en\/wp-json\/wp\/v2\/pages"}],"about":[{"href":"https:\/\/www.auch-tourisme.com\/en\/wp-json\/wp\/v2\/types\/page"}],"author":[{"embeddable":true,"href":"https:\/\/www.auch-tourisme.com\/en\/wp-json\/wp\/v2\/users\/1"}],"replies":[{"embeddable":true,"href":"https:\/\/www.auch-tourisme.com\/en\/wp-json\/wp\/v2\/comments?post=140"}],"version-history":[{"count":32,"href":"https:\/\/www.auch-tourisme.com\/en\/wp-json\/wp\/v2\/pages\/140\/revisions"}],"predecessor-version":[{"id":19164,"href":"https:\/\/www.auch-tourisme.com\/en\/wp-json\/wp\/v2\/pages\/140\/revisions\/19164"}],"up":[{"embeddable":true,"href":"https:\/\/www.auch-tourisme.com\/en\/wp-json\/wp\/v2\/pages\/137"}],"wp:featuredmedia":[{"embeddable":true,"href":"https:\/\/www.auch-tourisme.com\/en\/wp-json\/wp\/v2\/media\/9988"}],"wp:attachment":[{"href":"https:\/\/www.auch-tourisme.com\/en\/wp-json\/wp\/v2\/media?parent=140"}],"curies":[{"name":"wp","href":"https:\/\/api.w.org\/{rel}","templated":true}]}}