{"id":136,"date":"2020-05-28T08:50:37","date_gmt":"2020-05-28T07:50:37","guid":{"rendered":"https:\/\/www.auch-tourisme.com\/en\/how-to-get-to-auch"},"modified":"2020-10-08T16:28:55","modified_gmt":"2020-10-08T14:28:55","slug":"how-to-get-to-auch","status":"publish","type":"page","link":"https:\/\/www.auch-tourisme.com\/en\/your-stay\/how-to-get-to-auch\/","title":{"rendered":"How to get to Auch?"},"content":{"rendered":"\n<h2>Coming to Auch by car<\/h2>\n\n\n\n<ul><li>A62 motorway (Bordeaux-Agen) : exit N\u00b07<\/li><li>motorway A64 (Toulouse-Pau) : exit N\u00b013 Tarbes Est<\/li><li>Main Road RN 124 (Toulouse-Dax)<\/li><li>Main Road RN 21 (Agen-Tarbes)<\/li><\/ul>\n\n\n\n<h2>Coming to Auch by plane<\/h2>\n\n\n\n<p>5 airports close to <a rel=\"noreferrer noopener\" href=\"https:\/\/www.auch-tourisme.com\/en\/patrimoine-culturel\/ville-dauch\/\" target=\"_blank\">Auch<\/a> :<\/p>\n\n\n\n<ul><li>Toulouse-Blagnac, +33 (0)5&nbsp;61 42 44 00 &#8211;&nbsp;<a rel=\"noreferrer noopener\" href=\"http:\/\/www.toulouse.aeroport.fr\/\" target=\"_blank\">www.toulouse.aeroport.fr<\/a><\/li><li>Agen-La Garenne, +33 (0)5 53 77 00 88 &#8211;&nbsp;&nbsp;<a rel=\"noreferrer noopener\" href=\"http:\/\/www.aeroport-agen.com\/\" target=\"_blank\">www.aeroport-agen.com<\/a><\/li><li>Tarbes-Lourdes-Pyr\u00e9n\u00e9es, +33 (0)5 62 32 92 22 &#8211;&nbsp;&nbsp;<a rel=\"noreferrer noopener\" href=\"http:\/\/www.tlp.aeroport.fr\/\" target=\"_blank\">www.tlp.aeroport.fr<\/a><\/li><li>Pau-Pyr\u00e9n\u00e9es, +33 (0)5 59 33 33 00 &#8211;&nbsp;&nbsp;<a rel=\"noreferrer noopener\" href=\"http:\/\/www.pau.aeroport.fr\/\" target=\"_blank\">www.pau.aeroport.fr<\/a><\/li><li>Bordeaux-M\u00e9rignac, +33 (0)5 56 34 50 50 &#8211;&nbsp;&nbsp;<a rel=\"noreferrer noopener\" href=\"http:\/\/www.bordeaux.aeroport.fr\/\" target=\"_blank\">www.bordeaux.aeroport.fr<\/a><\/li><\/ul>\n\n\n\n<p>The airport Auch-Gers does not provide regular airlines, +33 (0)5 62 63 06 07 &#8211;&nbsp;&nbsp;<a rel=\"noreferrer noopener\" href=\"http:\/\/www.auchaeroport.fr\/\" target=\"_blank\">www.auchaeroport.fr<\/a><\/p>\n\n\n\n<h3>How to reach Auch from Toulouse airport<\/h3>\n\n\n\n<ul><li>Taxi +33 (0)5 61 30 02 54.<\/li><li>Public transportation from Toulouse airport : Tram <a rel=\"noreferrer noopener\" href=\"http:\/\/www.toulouse.aeroport.fr\/passagers\/acces-parking\/transports\/transports-en-commun\" target=\"_blank\">line 2<\/a> (to city center), stop at the station &#8220;Ar\u00e8nes&#8221;(Saint-Cyprien-Ar\u00e8nes), catch TER train (Trains Express R\u00e9gionaux) <a rel=\"noreferrer noopener\" href=\"https:\/\/www.ter.sncf.com\/occitanie\/gares\/87446179\/Saint-Cyprien-Ar%C3%A8nes\/prochains-departs\" target=\"_blank\">line Toulouse-Auch<\/a> .<\/li><\/ul>\n\n\n\n<h2>Coming to Auch by train or by bus<\/h2>\n\n\n\n<p>The railway system provides trains from Toulouse, connecting Gascony with all parts of France. <\/p>\n\n\n\n<p>A bus service help you reach <a rel=\"noreferrer noopener\" href=\"https:\/\/www.auch-tourisme.com\/en\/patrimoine-culturel\/ville-dauch\/\" target=\"_blank\">Auch<\/a> from Agen (line TGV Paris &#8211; Bordeaux &#8211; Toulouse).<\/p>\n\n\n\n<p>Regular services. :&nbsp;<\/p>\n\n\n\n<ul><li><a rel=\"noreferrer noopener\" href=\"https:\/\/www.laregion.fr\/IMG\/pdf\/ligne_935_toulouse-auch_3v_100x210.pdf\" target=\"_blank\">Toulouse-Auch<\/a> (by train)<\/li><li><a rel=\"noreferrer noopener\" href=\"https:\/\/www.laregion.fr\/IMG\/pdf\/ligne_932_auch-agen_3v_100x210.pdf\" target=\"_blank\">Agen-Auch<\/a> (by bus)<\/li><li><a rel=\"noreferrer noopener\" href=\"https:\/\/www.laregion.fr\/IMG\/pdf\/ligne_934_auch_-_mont-de-marsan.pdf\" target=\"_blank\">Mont-de-Marsan-Auch<\/a> (by bus)<\/li><li><a rel=\"noreferrer noopener\" href=\"https:\/\/www.laregion.fr\/IMG\/pdf\/ligne_931_tarbes-auch_3v_100x210.pdf\" target=\"_blank\">Tarbes-Auch<\/a> (by bus)<\/li><li><a rel=\"noreferrer noopener\" href=\"https:\/\/www.laregion.fr\/IMG\/pdf\/ligne_933_auch-montauban_3v_100x210.pdf\" target=\"_blank\">Montauban-Auch<\/a> (by bus)<\/li><\/ul>\n\n\n\n<p>Railway station &#8211; Rue Pierre Mendes France &#8211; 32000 <a rel=\"noreferrer noopener\" href=\"https:\/\/www.auch-tourisme.com\/en\/patrimoine-culturel\/ville-dauch\/\" target=\"_blank\">Auch<\/a>&nbsp;<br>33 (0)892 35 35 35&nbsp;<\/p>\n\n\n\n<ul><li>TER of Occitanie&nbsp;<a rel=\"noreferrer noopener\" href=\"https:\/\/www.ter.sncf.com\/occitanie\" target=\"_blank\">www.ter.sncf.com\/occitanie<\/a>&nbsp;&#8211;&nbsp;<a rel=\"noreferrer noopener\" href=\"https:\/\/www.oui.sncf\/\" target=\"_blank\">www.oui.sncf<\/a><\/li><li>Regional transportation :&nbsp;<a rel=\"noreferrer noopener\" href=\"https:\/\/www.laregion.fr\/-liO-Service-Public-Occitanie-Transports-\" target=\"_blank\">www.laregion.fr\/-liO-Service-Public-Occitanie-Transports-<\/a><\/li><\/ul>\n\n\n\n<h2>In Auch, with the lines of the Alliance network<\/h2>\n\n\n\n<p>Once in <a rel=\"noreferrer noopener\" href=\"https:\/\/www.auch-tourisme.com\/en\/patrimoine-culturel\/ville-dauch\/\" target=\"_blank\">Auch<\/a>, catch the <a rel=\"noreferrer noopener\" href=\"https:\/\/www.auch-tourisme.com\/en\/2020\/01\/28\/lauscitaine-la-navette-gratuite\" target=\"_blank\">free shuttle<\/a> &#8220;l&#8217;Auscitaine&#8221; to reach the upper town.<\/p>\n\n\n\n<p>For complete information<\/p>\n\n\n\n<ul><li>R\u00e9seau Alliance &#8211; 7, place de la Lib\u00e9ration &#8211; 32000 Auch +33 (0)5 62 61 67 77 &#8211; <a rel=\"noreferrer noopener\" href=\"http:\/\/www.alliance-bus.com\/\" target=\"_blank\">www.alliance-bus.com<\/a><\/li><\/ul>\n\n\n\n<h3>Where to find a taxi in Auch<\/h3>\n\n\n\n<ul><li>Railway station SNCF<\/li><li>place de la Lib\u00e9ration<\/li><li>rue Rouget de Lisle.&nbsp;<\/li><\/ul>\n\n\n\n<h3>Car rentals in Auch<\/h3>\n\n\n\n<p>Here the list of <a rel=\"noreferrer noopener\" href=\"https:\/\/www.pagesjaunes.fr\/recherche\/auch-32\/loueur-de-voiture?quoiqui=loueur+de+voiture\" target=\"_blank\">car rentals<\/a> in<a rel=\"noreferrer noopener\" href=\"https:\/\/www.auch-tourisme.com\/en\/patrimoine-culturel\/ville-dauch\/\" target=\"_blank\">Auch<\/a>. <\/p>\n","protected":false},"excerpt":{"rendered":"<p>By plane, by car or by train, pratical information for coming in Auch and le Gers.<\/p>\n","protected":false},"author":1,"featured_media":10952,"parent":66,"menu_order":10,"comment_status":"closed","ping_status":"closed","template":"","meta":[],"yoast_head":"<!-- This site is optimized with the Yoast SEO plugin v15.2.1 - https:\/\/yoast.com\/wordpress\/plugins\/seo\/ -->\n<meta name=\"description\" content=\"By plane, by car or by train, pratical information for coming in Auch and le Gers.\" \/>\n<meta name=\"robots\" content=\"index, follow, max-snippet:-1, max-image-preview:large, max-video-preview:-1\" \/>\n<link rel=\"canonical\" href=\"https:\/\/www.auch-tourisme.com\/en\/your-stay\/how-to-get-to-auch\/\" \/>\n<meta property=\"og:locale\" content=\"en_US\" \/>\n<meta property=\"og:type\" content=\"article\" \/>\n<meta property=\"og:title\" content=\"How to get to Auch? - Grand Auch Coeur de Gascogne tourist office, official website\" \/>\n<meta property=\"og:description\" content=\"By plane, by car or by train, pratical information for coming in Auch and le Gers.\" \/>\n<meta property=\"og:url\" content=\"https:\/\/www.auch-tourisme.com\/en\/your-stay\/how-to-get-to-auch\/\" \/>\n<meta property=\"og:site_name\" content=\"Grand Auch Coeur de Gascogne tourist office, official website\" \/>\n<meta property=\"article:publisher\" content=\"https:\/\/www.facebook.com\/TourismeAuch\" \/>\n<meta property=\"article:modified_time\" content=\"2020-10-08T14:28:55+00:00\" \/>\n<meta property=\"og:image\" content=\"https:\/\/www.auch-tourisme.com\/en\/wp-content\/uploads\/sites\/7\/2020\/04\/Lavardens-en-CV-\u00a9Linstant-C_-Office-de-Tourisme-Grand-Auch-coeur-de-Gascogne.jpg\" \/>\n\t<meta property=\"og:image:width\" content=\"1078\" \/>\n\t<meta property=\"og:image:height\" content=\"719\" \/>\n<meta name=\"twitter:card\" content=\"summary_large_image\" \/>\n<meta name=\"twitter:creator\" content=\"@tourismeauch\" \/>\n<meta name=\"twitter:site\" content=\"@tourismeauch\" \/>\n<meta name=\"twitter:label1\" content=\"Written by\">\n\t<meta name=\"twitter:data1\" content=\"IRIS Interactive\">\n\t<meta name=\"twitter:label2\" content=\"Est. reading time\">\n\t<meta name=\"twitter:data2\" content=\"1 minute\">\n<script type=\"application\/ld+json\" class=\"yoast-schema-graph\">{\"@context\":\"https:\/\/schema.org\",\"@graph\":[{\"@type\":\"WebSite\",\"@id\":\"https:\/\/www.auch-tourisme.com\/en\/#website\",\"url\":\"https:\/\/www.auch-tourisme.com\/en\/\",\"name\":\"Grand Auch Coeur de Gascogne tourist office, official website\",\"description\":\"Site suggesting tourist sites, accomadation and leisures, giving information to go sightseeing\",\"potentialAction\":[{\"@type\":\"SearchAction\",\"target\":\"https:\/\/www.auch-tourisme.com\/en\/?s={search_term_string}\",\"query-input\":\"required name=search_term_string\"}],\"inLanguage\":\"en-US\"},{\"@type\":\"ImageObject\",\"@id\":\"https:\/\/www.auch-tourisme.com\/en\/your-stay\/how-to-get-to-auch\/#primaryimage\",\"inLanguage\":\"en-US\",\"url\":\"https:\/\/www.auch-tourisme.com\/en\/wp-content\/uploads\/sites\/7\/2020\/04\/Lavardens-en-CV-\\u00a9Linstant-C_-Office-de-Tourisme-Grand-Auch-coeur-de-Gascogne.jpg\",\"width\":1078,\"height\":719},{\"@type\":\"WebPage\",\"@id\":\"https:\/\/www.auch-tourisme.com\/en\/your-stay\/how-to-get-to-auch\/#webpage\",\"url\":\"https:\/\/www.auch-tourisme.com\/en\/your-stay\/how-to-get-to-auch\/\",\"name\":\"How to get to Auch? - Grand Auch Coeur de Gascogne tourist office, official website\",\"isPartOf\":{\"@id\":\"https:\/\/www.auch-tourisme.com\/en\/#website\"},\"primaryImageOfPage\":{\"@id\":\"https:\/\/www.auch-tourisme.com\/en\/your-stay\/how-to-get-to-auch\/#primaryimage\"},\"datePublished\":\"2020-05-28T07:50:37+00:00\",\"dateModified\":\"2020-10-08T14:28:55+00:00\",\"description\":\"By plane, by car or by train, pratical information for coming in Auch and le Gers.\",\"breadcrumb\":{\"@id\":\"https:\/\/www.auch-tourisme.com\/en\/your-stay\/how-to-get-to-auch\/#breadcrumb\"},\"inLanguage\":\"en-US\",\"potentialAction\":[{\"@type\":\"ReadAction\",\"target\":[\"https:\/\/www.auch-tourisme.com\/en\/your-stay\/how-to-get-to-auch\/\"]}]},{\"@type\":\"BreadcrumbList\",\"@id\":\"https:\/\/www.auch-tourisme.com\/en\/your-stay\/how-to-get-to-auch\/#breadcrumb\",\"itemListElement\":[{\"@type\":\"ListItem\",\"position\":1,\"item\":{\"@type\":\"WebPage\",\"@id\":\"https:\/\/www.auch-tourisme.com\/en\/\",\"url\":\"https:\/\/www.auch-tourisme.com\/en\/\",\"name\":\"Home\"}},{\"@type\":\"ListItem\",\"position\":2,\"item\":{\"@type\":\"WebPage\",\"@id\":\"https:\/\/www.auch-tourisme.com\/en\/your-stay\/\",\"url\":\"https:\/\/www.auch-tourisme.com\/en\/your-stay\/\",\"name\":\"Your stay\"}},{\"@type\":\"ListItem\",\"position\":3,\"item\":{\"@type\":\"WebPage\",\"@id\":\"https:\/\/www.auch-tourisme.com\/en\/your-stay\/how-to-get-to-auch\/\",\"url\":\"https:\/\/www.auch-tourisme.com\/en\/your-stay\/how-to-get-to-auch\/\",\"name\":\"How to get to Auch?\"}}]}]}<\/script>\n<!-- \/ Yoast SEO plugin. -->","_links":{"self":[{"href":"https:\/\/www.auch-tourisme.com\/en\/wp-json\/wp\/v2\/pages\/136"}],"collection":[{"href":"https:\/\/www.auch-tourisme.com\/en\/wp-json\/wp\/v2\/pages"}],"about":[{"href":"https:\/\/www.auch-tourisme.com\/en\/wp-json\/wp\/v2\/types\/page"}],"author":[{"embeddable":true,"href":"https:\/\/www.auch-tourisme.com\/en\/wp-json\/wp\/v2\/users\/1"}],"replies":[{"embeddable":true,"href":"https:\/\/www.auch-tourisme.com\/en\/wp-json\/wp\/v2\/comments?post=136"}],"version-history":[{"count":37,"href":"https:\/\/www.auch-tourisme.com\/en\/wp-json\/wp\/v2\/pages\/136\/revisions"}],"predecessor-version":[{"id":19753,"href":"https:\/\/www.auch-tourisme.com\/en\/wp-json\/wp\/v2\/pages\/136\/revisions\/19753"}],"up":[{"embeddable":true,"href":"https:\/\/www.auch-tourisme.com\/en\/wp-json\/wp\/v2\/pages\/66"}],"wp:featuredmedia":[{"embeddable":true,"href":"https:\/\/www.auch-tourisme.com\/en\/wp-json\/wp\/v2\/media\/10952"}],"wp:attachment":[{"href":"https:\/\/www.auch-tourisme.com\/en\/wp-json\/wp\/v2\/media?parent=136"}],"curies":[{"name":"wp","href":"https:\/\/api.w.org\/{rel}","templated":true}]}}