{"id":130,"date":"2020-05-28T08:50:37","date_gmt":"2020-05-28T07:50:37","guid":{"rendered":"https:\/\/www.auch-tourisme.com\/en\/hiking"},"modified":"2020-10-07T17:38:14","modified_gmt":"2020-10-07T15:38:14","slug":"hiking","status":"publish","type":"page","link":"https:\/\/www.auch-tourisme.com\/en\/leisure\/leisure-activities\/tours-and-ramblings\/hiking\/","title":{"rendered":"Hiking"},"content":{"rendered":"\n<p>Simple and accessible to everybody, hiking and biking adapts to suit all our desires. With their paths, the villages of Grand Auch c\u0153ur de Gascogne meet all our expectations.<\/p>\n\n\n<p><script type=\"text\/javascript\" src=\"https:\/\/www.modulesbox.com\/js\/module-loader.js\" id=\"mb-module-loader\"><\/script><br \/>\n<script type=\"text\/javascript\">\n    mbLoadModule({ id: 121061 });\n<\/script><\/p>\n<div class=\"alignwide\" id=\"mb-module-121061\"><\/div>\n","protected":false},"excerpt":{"rendered":"<p>Au d\u00e9part de plusieurs villages d&#8217;Auch coeur de Gascogne, choisissez un circuit de rando (\u00e0 pied, ou VTT) adapt\u00e9 \u00e0 votre niveau. <\/p>\n","protected":false},"author":1,"featured_media":12579,"parent":114,"menu_order":10,"comment_status":"closed","ping_status":"closed","template":"","meta":[],"yoast_head":"<!-- This site is optimized with the Yoast SEO plugin v15.2.1 - https:\/\/yoast.com\/wordpress\/plugins\/seo\/ -->\n<meta name=\"description\" content=\"Au d\u00e9part de plusieurs villages d&#039;Auch coeur de Gascogne, choisissez un circuit de rando (\u00e0 pied, ou VTT) adapt\u00e9 \u00e0 votre niveau.\" \/>\n<meta name=\"robots\" content=\"index, follow, max-snippet:-1, max-image-preview:large, max-video-preview:-1\" \/>\n<link rel=\"canonical\" href=\"https:\/\/www.auch-tourisme.com\/en\/leisure\/leisure-activities\/tours-and-ramblings\/hiking\/\" \/>\n<meta property=\"og:locale\" content=\"en_US\" \/>\n<meta property=\"og:type\" content=\"article\" \/>\n<meta property=\"og:title\" content=\"Hiking - Grand Auch Coeur de Gascogne tourist office, official website\" \/>\n<meta property=\"og:description\" content=\"Au d\u00e9part de plusieurs villages d&#039;Auch coeur de Gascogne, choisissez un circuit de rando (\u00e0 pied, ou VTT) adapt\u00e9 \u00e0 votre niveau.\" \/>\n<meta property=\"og:url\" content=\"https:\/\/www.auch-tourisme.com\/en\/leisure\/leisure-activities\/tours-and-ramblings\/hiking\/\" \/>\n<meta property=\"og:site_name\" content=\"Grand Auch Coeur de Gascogne tourist office, official website\" \/>\n<meta property=\"article:publisher\" content=\"https:\/\/www.facebook.com\/TourismeAuch\" \/>\n<meta property=\"article:modified_time\" content=\"2020-10-07T15:38:14+00:00\" \/>\n<meta property=\"og:image\" content=\"https:\/\/www.auch-tourisme.com\/en\/wp-content\/uploads\/sites\/7\/2020\/05\/OT_Rando_013image-1.jpg\" \/>\n\t<meta property=\"og:image:width\" content=\"1200\" \/>\n\t<meta property=\"og:image:height\" content=\"800\" \/>\n<meta name=\"twitter:card\" content=\"summary_large_image\" \/>\n<meta name=\"twitter:creator\" content=\"@tourismeauch\" \/>\n<meta name=\"twitter:site\" content=\"@tourismeauch\" \/>\n<meta name=\"twitter:label1\" content=\"Written by\">\n\t<meta name=\"twitter:data1\" content=\"IRIS Interactive\">\n\t<meta name=\"twitter:label2\" content=\"Est. reading time\">\n\t<meta name=\"twitter:data2\" content=\"0 minutes\">\n<script type=\"application\/ld+json\" class=\"yoast-schema-graph\">{\"@context\":\"https:\/\/schema.org\",\"@graph\":[{\"@type\":\"WebSite\",\"@id\":\"https:\/\/www.auch-tourisme.com\/en\/#website\",\"url\":\"https:\/\/www.auch-tourisme.com\/en\/\",\"name\":\"Grand Auch Coeur de Gascogne tourist office, official website\",\"description\":\"Site suggesting tourist sites, accomadation and leisures, giving information to go sightseeing\",\"potentialAction\":[{\"@type\":\"SearchAction\",\"target\":\"https:\/\/www.auch-tourisme.com\/en\/?s={search_term_string}\",\"query-input\":\"required name=search_term_string\"}],\"inLanguage\":\"en-US\"},{\"@type\":\"ImageObject\",\"@id\":\"https:\/\/www.auch-tourisme.com\/en\/leisure\/leisure-activities\/tours-and-ramblings\/hiking\/#primaryimage\",\"inLanguage\":\"en-US\",\"url\":\"https:\/\/www.auch-tourisme.com\/en\/wp-content\/uploads\/sites\/7\/2020\/05\/OT_Rando_013image-1.jpg\",\"width\":1200,\"height\":800,\"caption\":\"Rando\"},{\"@type\":\"WebPage\",\"@id\":\"https:\/\/www.auch-tourisme.com\/en\/leisure\/leisure-activities\/tours-and-ramblings\/hiking\/#webpage\",\"url\":\"https:\/\/www.auch-tourisme.com\/en\/leisure\/leisure-activities\/tours-and-ramblings\/hiking\/\",\"name\":\"Hiking - Grand Auch Coeur de Gascogne tourist office, official website\",\"isPartOf\":{\"@id\":\"https:\/\/www.auch-tourisme.com\/en\/#website\"},\"primaryImageOfPage\":{\"@id\":\"https:\/\/www.auch-tourisme.com\/en\/leisure\/leisure-activities\/tours-and-ramblings\/hiking\/#primaryimage\"},\"datePublished\":\"2020-05-28T07:50:37+00:00\",\"dateModified\":\"2020-10-07T15:38:14+00:00\",\"description\":\"Au d\\u00e9part de plusieurs villages d'Auch coeur de Gascogne, choisissez un circuit de rando (\\u00e0 pied, ou VTT) adapt\\u00e9 \\u00e0 votre niveau.\",\"breadcrumb\":{\"@id\":\"https:\/\/www.auch-tourisme.com\/en\/leisure\/leisure-activities\/tours-and-ramblings\/hiking\/#breadcrumb\"},\"inLanguage\":\"en-US\",\"potentialAction\":[{\"@type\":\"ReadAction\",\"target\":[\"https:\/\/www.auch-tourisme.com\/en\/leisure\/leisure-activities\/tours-and-ramblings\/hiking\/\"]}]},{\"@type\":\"BreadcrumbList\",\"@id\":\"https:\/\/www.auch-tourisme.com\/en\/leisure\/leisure-activities\/tours-and-ramblings\/hiking\/#breadcrumb\",\"itemListElement\":[{\"@type\":\"ListItem\",\"position\":1,\"item\":{\"@type\":\"WebPage\",\"@id\":\"https:\/\/www.auch-tourisme.com\/en\/\",\"url\":\"https:\/\/www.auch-tourisme.com\/en\/\",\"name\":\"Home\"}},{\"@type\":\"ListItem\",\"position\":2,\"item\":{\"@type\":\"WebPage\",\"@id\":\"https:\/\/www.auch-tourisme.com\/en\/leisure\/\",\"url\":\"https:\/\/www.auch-tourisme.com\/en\/leisure\/\",\"name\":\"Leisure\"}},{\"@type\":\"ListItem\",\"position\":3,\"item\":{\"@type\":\"WebPage\",\"@id\":\"https:\/\/www.auch-tourisme.com\/en\/leisure\/leisure-activities\/\",\"url\":\"https:\/\/www.auch-tourisme.com\/en\/leisure\/leisure-activities\/\",\"name\":\"Leisure activities\"}},{\"@type\":\"ListItem\",\"position\":4,\"item\":{\"@type\":\"WebPage\",\"@id\":\"https:\/\/www.auch-tourisme.com\/en\/leisure\/leisure-activities\/tours-and-ramblings\/\",\"url\":\"https:\/\/www.auch-tourisme.com\/en\/leisure\/leisure-activities\/tours-and-ramblings\/\",\"name\":\"Tours and ramblings\"}},{\"@type\":\"ListItem\",\"position\":5,\"item\":{\"@type\":\"WebPage\",\"@id\":\"https:\/\/www.auch-tourisme.com\/en\/leisure\/leisure-activities\/tours-and-ramblings\/hiking\/\",\"url\":\"https:\/\/www.auch-tourisme.com\/en\/leisure\/leisure-activities\/tours-and-ramblings\/hiking\/\",\"name\":\"Hiking\"}}]}]}<\/script>\n<!-- \/ Yoast SEO plugin. -->","_links":{"self":[{"href":"https:\/\/www.auch-tourisme.com\/en\/wp-json\/wp\/v2\/pages\/130"}],"collection":[{"href":"https:\/\/www.auch-tourisme.com\/en\/wp-json\/wp\/v2\/pages"}],"about":[{"href":"https:\/\/www.auch-tourisme.com\/en\/wp-json\/wp\/v2\/types\/page"}],"author":[{"embeddable":true,"href":"https:\/\/www.auch-tourisme.com\/en\/wp-json\/wp\/v2\/users\/1"}],"replies":[{"embeddable":true,"href":"https:\/\/www.auch-tourisme.com\/en\/wp-json\/wp\/v2\/comments?post=130"}],"version-history":[{"count":9,"href":"https:\/\/www.auch-tourisme.com\/en\/wp-json\/wp\/v2\/pages\/130\/revisions"}],"predecessor-version":[{"id":19611,"href":"https:\/\/www.auch-tourisme.com\/en\/wp-json\/wp\/v2\/pages\/130\/revisions\/19611"}],"up":[{"embeddable":true,"href":"https:\/\/www.auch-tourisme.com\/en\/wp-json\/wp\/v2\/pages\/114"}],"wp:featuredmedia":[{"embeddable":true,"href":"https:\/\/www.auch-tourisme.com\/en\/wp-json\/wp\/v2\/media\/12579"}],"wp:attachment":[{"href":"https:\/\/www.auch-tourisme.com\/en\/wp-json\/wp\/v2\/media?parent=130"}],"curies":[{"name":"wp","href":"https:\/\/api.w.org\/{rel}","templated":true}]}}