{"id":104,"date":"2020-05-28T08:50:37","date_gmt":"2020-05-28T07:50:37","guid":{"rendered":"https:\/\/www.auch-tourisme.com\/en\/the-great-events"},"modified":"2020-11-05T10:48:14","modified_gmt":"2020-11-05T09:48:14","slug":"the-great-events","status":"publish","type":"page","link":"https:\/\/www.auch-tourisme.com\/en\/leisure\/the-great-events\/","title":{"rendered":"The great events"},"content":{"rendered":"\n<p>All year round, events and feasts give the year its tempo in Auch and the 33 surrounding villages. Please find below three of the most important festivals. You will also find all the events in he full local <a rel=\"noreferrer noopener\" href=\"https:\/\/www.auch-tourisme.com\/en\/party\/agenda\/\" target=\"_blank\">events calendar<\/a>. Visit the internet pages <a rel=\"noreferrer noopener\" href=\"https:\/\/www.auch-tourisme.com\/en\/experience\/\" target=\"_blank\">What&#8217;s on<\/a> and <a href=\"https:\/\/www.auch-tourisme.com\/en\/experience\/\" target=\"_blank\" rel=\"noreferrer noopener\">Experience<\/a> !<\/p>\n","protected":false},"excerpt":{"rendered":"<p>Les 3 grands \u00e9v\u00e9nements annuels d&#8217;Auch c\u0153ur de Gascogne.  <\/p>\n","protected":false},"author":1,"featured_media":18726,"parent":63,"menu_order":50,"comment_status":"closed","ping_status":"closed","template":"page-templates\/intermediaire.php","meta":[],"yoast_head":"<!-- This site is optimized with the Yoast SEO plugin v15.2.1 - https:\/\/yoast.com\/wordpress\/plugins\/seo\/ -->\n<meta name=\"description\" content=\"Les 3 grands \u00e9v\u00e9nements annuels d&#039;Auch c\u0153ur de Gascogne.\" \/>\n<meta name=\"robots\" content=\"index, follow, max-snippet:-1, max-image-preview:large, max-video-preview:-1\" \/>\n<link rel=\"canonical\" href=\"https:\/\/www.auch-tourisme.com\/en\/leisure\/the-great-events\/\" \/>\n<meta property=\"og:locale\" content=\"en_US\" \/>\n<meta property=\"og:type\" content=\"article\" \/>\n<meta property=\"og:title\" content=\"The great events - Grand Auch Coeur de Gascogne tourist office, official website\" \/>\n<meta property=\"og:description\" content=\"Les 3 grands \u00e9v\u00e9nements annuels d&#039;Auch c\u0153ur de Gascogne.\" \/>\n<meta property=\"og:url\" content=\"https:\/\/www.auch-tourisme.com\/en\/leisure\/the-great-events\/\" \/>\n<meta property=\"og:site_name\" content=\"Grand Auch Coeur de Gascogne tourist office, official website\" \/>\n<meta property=\"article:publisher\" content=\"https:\/\/www.facebook.com\/TourismeAuch\" \/>\n<meta property=\"article:modified_time\" content=\"2020-11-05T09:48:14+00:00\" \/>\n<meta property=\"og:image\" content=\"https:\/\/www.auch-tourisme.com\/en\/wp-content\/uploads\/sites\/7\/sites\/7\/wpetourisme\/CDT32_0096675.jpg\" \/>\n\t<meta property=\"og:image:width\" content=\"963\" \/>\n\t<meta property=\"og:image:height\" content=\"1024\" \/>\n<meta name=\"twitter:card\" content=\"summary_large_image\" \/>\n<meta name=\"twitter:creator\" content=\"@tourismeauch\" \/>\n<meta name=\"twitter:site\" content=\"@tourismeauch\" \/>\n<meta name=\"twitter:label1\" content=\"Written by\">\n\t<meta name=\"twitter:data1\" content=\"IRIS Interactive\">\n\t<meta name=\"twitter:label2\" content=\"Est. reading time\">\n\t<meta name=\"twitter:data2\" content=\"0 minutes\">\n<script type=\"application\/ld+json\" class=\"yoast-schema-graph\">{\"@context\":\"https:\/\/schema.org\",\"@graph\":[{\"@type\":\"WebSite\",\"@id\":\"https:\/\/www.auch-tourisme.com\/en\/#website\",\"url\":\"https:\/\/www.auch-tourisme.com\/en\/\",\"name\":\"Grand Auch Coeur de Gascogne tourist office, official website\",\"description\":\"Site suggesting tourist sites, accomadation and leisures, giving information to go sightseeing\",\"potentialAction\":[{\"@type\":\"SearchAction\",\"target\":\"https:\/\/www.auch-tourisme.com\/en\/?s={search_term_string}\",\"query-input\":\"required name=search_term_string\"}],\"inLanguage\":\"en-US\"},{\"@type\":\"ImageObject\",\"@id\":\"https:\/\/www.auch-tourisme.com\/en\/leisure\/the-great-events\/#primaryimage\",\"inLanguage\":\"en-US\",\"url\":\"https:\/\/www.auch-tourisme.com\/en\/wp-content\/uploads\/sites\/7\/sites\/7\/wpetourisme\/CDT32_0096675.jpg\",\"width\":963,\"height\":1024},{\"@type\":\"WebPage\",\"@id\":\"https:\/\/www.auch-tourisme.com\/en\/leisure\/the-great-events\/#webpage\",\"url\":\"https:\/\/www.auch-tourisme.com\/en\/leisure\/the-great-events\/\",\"name\":\"The great events - Grand Auch Coeur de Gascogne tourist office, official website\",\"isPartOf\":{\"@id\":\"https:\/\/www.auch-tourisme.com\/en\/#website\"},\"primaryImageOfPage\":{\"@id\":\"https:\/\/www.auch-tourisme.com\/en\/leisure\/the-great-events\/#primaryimage\"},\"datePublished\":\"2020-05-28T07:50:37+00:00\",\"dateModified\":\"2020-11-05T09:48:14+00:00\",\"description\":\"Les 3 grands \\u00e9v\\u00e9nements annuels d'Auch c\\u0153ur de Gascogne.\",\"breadcrumb\":{\"@id\":\"https:\/\/www.auch-tourisme.com\/en\/leisure\/the-great-events\/#breadcrumb\"},\"inLanguage\":\"en-US\",\"potentialAction\":[{\"@type\":\"ReadAction\",\"target\":[\"https:\/\/www.auch-tourisme.com\/en\/leisure\/the-great-events\/\"]}]},{\"@type\":\"BreadcrumbList\",\"@id\":\"https:\/\/www.auch-tourisme.com\/en\/leisure\/the-great-events\/#breadcrumb\",\"itemListElement\":[{\"@type\":\"ListItem\",\"position\":1,\"item\":{\"@type\":\"WebPage\",\"@id\":\"https:\/\/www.auch-tourisme.com\/en\/\",\"url\":\"https:\/\/www.auch-tourisme.com\/en\/\",\"name\":\"Home\"}},{\"@type\":\"ListItem\",\"position\":2,\"item\":{\"@type\":\"WebPage\",\"@id\":\"https:\/\/www.auch-tourisme.com\/en\/leisure\/\",\"url\":\"https:\/\/www.auch-tourisme.com\/en\/leisure\/\",\"name\":\"Leisure\"}},{\"@type\":\"ListItem\",\"position\":3,\"item\":{\"@type\":\"WebPage\",\"@id\":\"https:\/\/www.auch-tourisme.com\/en\/leisure\/the-great-events\/\",\"url\":\"https:\/\/www.auch-tourisme.com\/en\/leisure\/the-great-events\/\",\"name\":\"The great events\"}}]}]}<\/script>\n<!-- \/ Yoast SEO plugin. -->","_links":{"self":[{"href":"https:\/\/www.auch-tourisme.com\/en\/wp-json\/wp\/v2\/pages\/104"}],"collection":[{"href":"https:\/\/www.auch-tourisme.com\/en\/wp-json\/wp\/v2\/pages"}],"about":[{"href":"https:\/\/www.auch-tourisme.com\/en\/wp-json\/wp\/v2\/types\/page"}],"author":[{"embeddable":true,"href":"https:\/\/www.auch-tourisme.com\/en\/wp-json\/wp\/v2\/users\/1"}],"replies":[{"embeddable":true,"href":"https:\/\/www.auch-tourisme.com\/en\/wp-json\/wp\/v2\/comments?post=104"}],"version-history":[{"count":14,"href":"https:\/\/www.auch-tourisme.com\/en\/wp-json\/wp\/v2\/pages\/104\/revisions"}],"predecessor-version":[{"id":19011,"href":"https:\/\/www.auch-tourisme.com\/en\/wp-json\/wp\/v2\/pages\/104\/revisions\/19011"}],"up":[{"embeddable":true,"href":"https:\/\/www.auch-tourisme.com\/en\/wp-json\/wp\/v2\/pages\/63"}],"wp:featuredmedia":[{"embeddable":true,"href":"https:\/\/www.auch-tourisme.com\/en\/wp-json\/wp\/v2\/media\/18726"}],"wp:attachment":[{"href":"https:\/\/www.auch-tourisme.com\/en\/wp-json\/wp\/v2\/media?parent=104"}],"curies":[{"name":"wp","href":"https:\/\/api.w.org\/{rel}","templated":true}]}}