{"id":10201,"date":"2020-05-28T08:50:38","date_gmt":"2020-05-28T07:50:38","guid":{"rendered":"https:\/\/www.auch-tourisme.com\/en\/devenir-partenaire-de-loffice-de-tourisme"},"modified":"2020-05-28T08:50:38","modified_gmt":"2020-05-28T07:50:38","slug":"devenir-partenaire-de-loffice-de-tourisme","status":"publish","type":"page","link":"https:\/\/www.auch-tourisme.com\/en\/pro-area\/devenir-partenaire-de-loffice-de-tourisme\/","title":{"rendered":"Devenir partenaire de l&#8217;office de tourisme"},"content":{"rendered":"\n<h3>Les conditions de partenariats avec l&#8217;office de tourisme<\/h3>\n\n\n\n<p>L&#8217;office de tourisme fixe, par d\u00e9lib\u00e9ration, les conditions de partenariat avec les acteurs du tourisme local. Il s&#8217;agit notamment des actions promotion de l&#8217;office de tourisme :&nbsp;<\/p>\n\n\n\n<ul><li>pr\u00e9sence sur son site Internet<\/li><li>pr\u00e9sence dans les <a href=\"https:\/\/www.auch-tourisme.com\/en\/brochures\/\" target=\"_blank\" rel=\"noreferrer noopener\">guides<\/a> \u00e9dit\u00e9s par l&#8217;office de tourisme<\/li><\/ul>\n\n\n\n<p>T\u00e9l\u00e9charger le <a href=\"https:\/\/www.auch-tourisme.com\/en\/partenaires2020\/\" target=\"_blank\" rel=\"noreferrer noopener\">guide du partenaire 2020.<\/a><\/p>\n\n\n\n<h4>Votre contact :<\/h4>\n\n\n\n<p>Aline Dur-Greco<br>T\u00e9l. 05 62 05 22 89<br>Mail :&nbsp;<a href=\"mailto:aline.dur-greco@auch-tourisme.com\">aline.dur-greco@auch-tourisme.com<\/a><\/p>\n\n\n\n<h3>Boutique de l&#8217;office de tourisme<\/h3>\n\n\n\n<p>L&#8217;office de tourisme dispose d&#8217;une <a href=\"https:\/\/www.auch-tourisme.com\/en\/spend-time\/the-tourist-office\/la-boutique\/\" target=\"_blank\" rel=\"noreferrer noopener\">boutique<\/a> o\u00f9 il propose la vente de produits touristiques. Vous souhaitez proposer des articles qui pourraient \u00eatre revendus par l&#8217;office de tourisme.&nbsp;<\/p>\n\n\n\n<h4>Votre contact :<\/h4>\n\n\n\n<p>Marie-Jos\u00e9 Charles<br>T\u00e9l. 05 62 05 22 89<br>Mail :&nbsp;&nbsp;<a href=\"mailto:marie-jose.charles@auch-tourisme.com\">marie-jose.charles@auch-tourisme.com<\/a><\/p>\n\n\n\n<h3>Accueil de groupe &#8211; service r\u00e9ceptif<\/h3>\n\n\n\n<p>Professionnel du tourisme, vous souhaitez proposer vos&nbsp;offres de s\u00e9jour&nbsp;ou int\u00e9grer les forfaits commercialis\u00e9s par l&#8217;office de tourisme. Agence de voyage, vous souhaitez avoir des informations sur les offres de s\u00e9jour de l&#8217;office ou \u00eatre assist\u00e9 dans la pr\u00e9paration d&#8217;un produit ? L&#8217;office de tourisme est \u00e0 votre \u00e9coute.&nbsp;<\/p>\n\n\n\n<h4>Votre contact :&nbsp;<\/h4>\n\n\n\n<p>S\u00e9bastien Perrou&nbsp;<br>T\u00e9l. 05 62 05 22 89&nbsp;<br>Mail :&nbsp;&nbsp;<a href=\"mailto:receptif@auch-tourisme.com\">sebastien.perrou@auch-tourisme.com<\/a><\/p>\n\n\n\n<h3><strong>Animation num\u00e9rique de territoire<\/strong><\/h3>\n\n\n\n<p>Professionnel du tourisme et des loisirs, organisateurs d&#8217;\u00e9v\u00e9nements et manifestations partenaires de l&#8217;Office de Tourisme, il faut que vos activit\u00e9s soient visibles (et vendables) sur Internet pour que vos chiffres d&#8217;affaires augmentent vous aidons \u00e0 am\u00e9liorer vos pr\u00e9sences sur internet et \u00e0 utiliser les outils ou techniques num\u00e9riques pour gagner du temps et des clients. <a href=\"https:\/\/www.auch-tourisme.com\/en\/pro-area-presse\/pour-les-pros\/visibilite-sur-internet\/\">Voir&nbsp;ici nos formules d&#8217;accompagnement<\/a>. &nbsp;&nbsp;&nbsp;<\/p>\n\n\n\n<h5>Votre contact :&nbsp;<\/h5>\n\n\n\n<p>Sabine Darrieutort<br>T\u00e9l. 05 62 05 95 06 &#8211; Port.&nbsp;07 61 79 74 17<br>Mail :&nbsp;&nbsp;&nbsp;<a href=\"mailto:sabine.darrieutort@auch-tourisme.com\">sabine.darrieutort@auch-tourisme.com<\/a><\/p>\n","protected":false},"excerpt":{"rendered":"<p>Les conditions de partenariats avec l&#8217;office de tourisme L&#8217;office de tourisme fixe, par d\u00e9lib\u00e9ration, les conditions de partenariat avec les acteurs du tourisme local. Il s&#8217;agit notamment des actions promotion de l&#8217;office de tourisme :&nbsp; pr\u00e9sence sur son site Internet pr\u00e9sence dans les guides \u00e9dit\u00e9s par l&#8217;office de tourisme T\u00e9l\u00e9charger le guide du partenaire 2020. [&hellip;]<\/p>\n","protected":false},"author":1,"featured_media":11620,"parent":188,"menu_order":30,"comment_status":"closed","ping_status":"closed","template":"","meta":[],"yoast_head":"<!-- This site is optimized with the Yoast SEO plugin v15.2.1 - https:\/\/yoast.com\/wordpress\/plugins\/seo\/ -->\n<meta name=\"description\" content=\"Les conditions de partenariats avec l&#039;office de tourisme L&#039;office de tourisme fixe, par d\u00e9lib\u00e9ration, les conditions de partenariat avec les acteurs du\" \/>\n<meta name=\"robots\" content=\"index, follow, max-snippet:-1, max-image-preview:large, max-video-preview:-1\" \/>\n<link rel=\"canonical\" href=\"https:\/\/www.auch-tourisme.com\/en\/pro-area\/devenir-partenaire-de-loffice-de-tourisme\/\" \/>\n<meta property=\"og:locale\" content=\"en_US\" \/>\n<meta property=\"og:type\" content=\"article\" \/>\n<meta property=\"og:title\" content=\"Devenir partenaire de l&#039;office de tourisme - Grand Auch Coeur de Gascogne tourist office, official website\" \/>\n<meta property=\"og:description\" content=\"Les conditions de partenariats avec l&#039;office de tourisme L&#039;office de tourisme fixe, par d\u00e9lib\u00e9ration, les conditions de partenariat avec les acteurs du\" \/>\n<meta property=\"og:url\" content=\"https:\/\/www.auch-tourisme.com\/en\/pro-area\/devenir-partenaire-de-loffice-de-tourisme\/\" \/>\n<meta property=\"og:site_name\" content=\"Grand Auch Coeur de Gascogne tourist office, official website\" \/>\n<meta property=\"article:publisher\" content=\"https:\/\/www.facebook.com\/TourismeAuch\" \/>\n<meta property=\"og:image\" content=\"https:\/\/www.auch-tourisme.com\/en\/wp-content\/uploads\/sites\/7\/2020\/04\/Ramajo-\u00a9Office-de-tourisme-grand-auch-coeur-de-gascogne.jpg\" \/>\n\t<meta property=\"og:image:width\" content=\"1800\" \/>\n\t<meta property=\"og:image:height\" content=\"1350\" \/>\n<meta name=\"twitter:card\" content=\"summary_large_image\" \/>\n<meta name=\"twitter:creator\" content=\"@tourismeauch\" \/>\n<meta name=\"twitter:site\" content=\"@tourismeauch\" \/>\n<meta name=\"twitter:label1\" content=\"Written by\">\n\t<meta name=\"twitter:data1\" content=\"IRIS Interactive\">\n\t<meta name=\"twitter:label2\" content=\"Est. reading time\">\n\t<meta name=\"twitter:data2\" content=\"1 minute\">\n<script type=\"application\/ld+json\" class=\"yoast-schema-graph\">{\"@context\":\"https:\/\/schema.org\",\"@graph\":[{\"@type\":\"WebSite\",\"@id\":\"https:\/\/www.auch-tourisme.com\/en\/#website\",\"url\":\"https:\/\/www.auch-tourisme.com\/en\/\",\"name\":\"Grand Auch Coeur de Gascogne tourist office, official website\",\"description\":\"Site suggesting tourist sites, accomadation and leisures, giving information to go sightseeing\",\"potentialAction\":[{\"@type\":\"SearchAction\",\"target\":\"https:\/\/www.auch-tourisme.com\/en\/?s={search_term_string}\",\"query-input\":\"required name=search_term_string\"}],\"inLanguage\":\"en-US\"},{\"@type\":\"ImageObject\",\"@id\":\"https:\/\/www.auch-tourisme.com\/en\/pro-area\/devenir-partenaire-de-loffice-de-tourisme\/#primaryimage\",\"inLanguage\":\"en-US\",\"url\":\"https:\/\/www.auch-tourisme.com\/en\/wp-content\/uploads\/sites\/7\/2020\/04\/Ramajo-\\u00a9Office-de-tourisme-grand-auch-coeur-de-gascogne.jpg\",\"width\":1800,\"height\":1350},{\"@type\":\"WebPage\",\"@id\":\"https:\/\/www.auch-tourisme.com\/en\/pro-area\/devenir-partenaire-de-loffice-de-tourisme\/#webpage\",\"url\":\"https:\/\/www.auch-tourisme.com\/en\/pro-area\/devenir-partenaire-de-loffice-de-tourisme\/\",\"name\":\"Devenir partenaire de l'office de tourisme - Grand Auch Coeur de Gascogne tourist office, official website\",\"isPartOf\":{\"@id\":\"https:\/\/www.auch-tourisme.com\/en\/#website\"},\"primaryImageOfPage\":{\"@id\":\"https:\/\/www.auch-tourisme.com\/en\/pro-area\/devenir-partenaire-de-loffice-de-tourisme\/#primaryimage\"},\"datePublished\":\"2020-05-28T07:50:38+00:00\",\"dateModified\":\"2020-05-28T07:50:38+00:00\",\"description\":\"Les conditions de partenariats avec l'office de tourisme L'office de tourisme fixe, par d\\u00e9lib\\u00e9ration, les conditions de partenariat avec les acteurs du\",\"breadcrumb\":{\"@id\":\"https:\/\/www.auch-tourisme.com\/en\/pro-area\/devenir-partenaire-de-loffice-de-tourisme\/#breadcrumb\"},\"inLanguage\":\"en-US\",\"potentialAction\":[{\"@type\":\"ReadAction\",\"target\":[\"https:\/\/www.auch-tourisme.com\/en\/pro-area\/devenir-partenaire-de-loffice-de-tourisme\/\"]}]},{\"@type\":\"BreadcrumbList\",\"@id\":\"https:\/\/www.auch-tourisme.com\/en\/pro-area\/devenir-partenaire-de-loffice-de-tourisme\/#breadcrumb\",\"itemListElement\":[{\"@type\":\"ListItem\",\"position\":1,\"item\":{\"@type\":\"WebPage\",\"@id\":\"https:\/\/www.auch-tourisme.com\/en\/\",\"url\":\"https:\/\/www.auch-tourisme.com\/en\/\",\"name\":\"Home\"}},{\"@type\":\"ListItem\",\"position\":2,\"item\":{\"@type\":\"WebPage\",\"@id\":\"https:\/\/www.auch-tourisme.com\/en\/pro-area\/\",\"url\":\"https:\/\/www.auch-tourisme.com\/en\/pro-area\/\",\"name\":\"Pro area\"}},{\"@type\":\"ListItem\",\"position\":3,\"item\":{\"@type\":\"WebPage\",\"@id\":\"https:\/\/www.auch-tourisme.com\/en\/pro-area\/devenir-partenaire-de-loffice-de-tourisme\/\",\"url\":\"https:\/\/www.auch-tourisme.com\/en\/pro-area\/devenir-partenaire-de-loffice-de-tourisme\/\",\"name\":\"Devenir partenaire de l&#8217;office de tourisme\"}}]}]}<\/script>\n<!-- \/ Yoast SEO plugin. -->","_links":{"self":[{"href":"https:\/\/www.auch-tourisme.com\/en\/wp-json\/wp\/v2\/pages\/10201"}],"collection":[{"href":"https:\/\/www.auch-tourisme.com\/en\/wp-json\/wp\/v2\/pages"}],"about":[{"href":"https:\/\/www.auch-tourisme.com\/en\/wp-json\/wp\/v2\/types\/page"}],"author":[{"embeddable":true,"href":"https:\/\/www.auch-tourisme.com\/en\/wp-json\/wp\/v2\/users\/1"}],"replies":[{"embeddable":true,"href":"https:\/\/www.auch-tourisme.com\/en\/wp-json\/wp\/v2\/comments?post=10201"}],"version-history":[{"count":6,"href":"https:\/\/www.auch-tourisme.com\/en\/wp-json\/wp\/v2\/pages\/10201\/revisions"}],"predecessor-version":[{"id":11621,"href":"https:\/\/www.auch-tourisme.com\/en\/wp-json\/wp\/v2\/pages\/10201\/revisions\/11621"}],"up":[{"embeddable":true,"href":"https:\/\/www.auch-tourisme.com\/en\/wp-json\/wp\/v2\/pages\/188"}],"wp:featuredmedia":[{"embeddable":true,"href":"https:\/\/www.auch-tourisme.com\/en\/wp-json\/wp\/v2\/media\/11620"}],"wp:attachment":[{"href":"https:\/\/www.auch-tourisme.com\/en\/wp-json\/wp\/v2\/media?parent=10201"}],"curies":[{"name":"wp","href":"https:\/\/api.w.org\/{rel}","templated":true}]}}