{"id":10199,"date":"2020-05-28T08:50:38","date_gmt":"2020-05-28T07:50:38","guid":{"rendered":"https:\/\/www.auch-tourisme.com\/en\/labels-et-classements-pour-les-hebergements"},"modified":"2020-05-28T08:50:38","modified_gmt":"2020-05-28T07:50:38","slug":"labels-et-classements-pour-les-hebergements","status":"publish","type":"page","link":"https:\/\/www.auch-tourisme.com\/en\/pro-area\/labels-et-classements-pour-les-hebergements\/","title":{"rendered":"Labels et classements pour les h\u00e9bergements"},"content":{"rendered":"\n<p class=\"is-style-blockquote\">Vous trouvez ici la pr\u00e9sentation des labels possibles pour un h\u00e9bergement de tourisme et pour lesquels un organisme bas\u00e9 dans le Gers vous accompagne ou est agr\u00e9e pour vous d\u00e9livrer le classement minist\u00e9riel (en \u00e9toiles).<\/p>\n\n\n\n<h2><strong>Classements et marques&nbsp;<\/strong><\/h2>\n\n\n\n<h3>Classement minist\u00e9riel (\u00e9toiles)<\/h3>\n\n\n\n<p>Le classement en \u00e9toiles et les marques officielles de qualit\u00e9 apportent une garantie et rassurent tout le monde : le client, vous, nous et les autres promoteurs ou vendeurs.<\/p>\n\n\n\n<p>Aussi le classement permet,\u00a0entre autres,\u00a0un avantage fiscal. Toute l&#8217;information pratique relative \u00e0 ces points est \u00e9galement\u00a0disponible en contactant l&#8217;un des trois op\u00e9rateurs gersois qualifi\u00e9s (pr\u00e9cisez bien que c&#8217;est l&#8217;information li\u00e9e au classement en \u00e9toile qui vous int\u00e9resse) : <\/p>\n\n\n\n<ul><li>Cl\u00e9vacances : 05 62 05 87 40<\/li><li>G\u00eetes de France : 05 62 61 77 96<\/li><li>Comit\u00e9 D\u00e9partemental du Tourisme Destination Gers : 05 62 05 95 05<\/li><\/ul>\n\n\n\n<h3>Qualit\u00e9 Tourisme TM<\/h3>\n\n\n\n<h2><strong>Labels\u00a0<\/strong>nationaux<\/h2>\n\n\n\n<p>G\u00eetes de France, Cl\u00e9vacances, Bienvenue \u00e0 la Ferme, Accueil Paysan&#8230; : lequel correspond le mieux \u00e0 votre produit et votre \u00e9thique ? Lequel vous apporte les services ou avantages recherch\u00e9s ? Autant de questions que vous vous posez et qui trouveront des r\u00e9ponses dans les fiches d\u00e9taill\u00e9es de pr\u00e9sentation des labels que vous pourrez lire et t\u00e9l\u00e9charger ici :<\/p>\n\n\n\n<ul><li>Rejoindre le label\u00a0<a rel=\"noreferrer noopener\" href=\"http:\/\/www.clevacances-gers.com\/rejoindre-clevacances-gers\/\" target=\"_blank\">Cl\u00e9s Vacances\u00a0<\/a><\/li><li>Rejoindre le label &#8220;G\u00eetes de France&#8221; :\u00a0\u00a0<a href=\"https:\/\/www.auch-tourisme.com\/en\/Espace-pro-et-presse\/Labels-et-classements-pour-les-hebergements\/Rejoindre-le-label-Gites-de-France\">Rejoindre le label G\u00eetes de France<\/a><\/li><li>Rejoindre le label\u00a0<a rel=\"noreferrer noopener\" href=\"http:\/\/www.accueil-paysan.com\/fr\/qui-sommes-nous\/notre-charte\/\" target=\"_blank\">Accueil Paysan<\/a><\/li><li>Rejoindre le label Bienvenue \u00e0 la Ferme<\/li><li>Rejoindre le label Vignobles et D\u00e9couvertes<\/li><\/ul>\n\n\n\n<p>Pour les autres labels ou li\u00e9s \u00e0 votre activit\u00e9, l&#8217;office de tourisme, le CDT et les chambres consulaires sont \u00e0 votre disposition pour vous orienter vers les personnes ressources.  <\/p>\n","protected":false},"excerpt":{"rendered":"<p>Vous trouvez ici la pr\u00e9sentation des labels possibles pour un h\u00e9bergement de tourisme et pour lesquels un organisme bas\u00e9 dans le Gers vous accompagne ou est agr\u00e9e pour vous d\u00e9livrer le classement minist\u00e9riel (en \u00e9toiles). Classements et marques&nbsp; Classement minist\u00e9riel (\u00e9toiles) Le classement en \u00e9toiles et les marques officielles de qualit\u00e9 apportent une garantie et [&hellip;]<\/p>\n","protected":false},"author":1,"featured_media":10935,"parent":188,"menu_order":20,"comment_status":"closed","ping_status":"closed","template":"","meta":[],"yoast_head":"<!-- This site is optimized with the Yoast SEO plugin v15.2.1 - https:\/\/yoast.com\/wordpress\/plugins\/seo\/ -->\n<meta name=\"description\" content=\"Vous trouvez ici la pr\u00e9sentation des labels possibles pour un h\u00e9bergement de tourisme et pour lesquels un organisme bas\u00e9 dans le Gers vous accompagne ou\" \/>\n<meta name=\"robots\" content=\"index, follow, max-snippet:-1, max-image-preview:large, max-video-preview:-1\" \/>\n<link rel=\"canonical\" href=\"https:\/\/www.auch-tourisme.com\/en\/pro-area\/labels-et-classements-pour-les-hebergements\/\" \/>\n<meta property=\"og:locale\" content=\"en_US\" \/>\n<meta property=\"og:type\" content=\"article\" \/>\n<meta property=\"og:title\" content=\"Labels et classements pour les h\u00e9bergements - Grand Auch Coeur de Gascogne tourist office, official website\" \/>\n<meta property=\"og:description\" content=\"Vous trouvez ici la pr\u00e9sentation des labels possibles pour un h\u00e9bergement de tourisme et pour lesquels un organisme bas\u00e9 dans le Gers vous accompagne ou\" \/>\n<meta property=\"og:url\" content=\"https:\/\/www.auch-tourisme.com\/en\/pro-area\/labels-et-classements-pour-les-hebergements\/\" \/>\n<meta property=\"og:site_name\" content=\"Grand Auch Coeur de Gascogne tourist office, official website\" \/>\n<meta property=\"article:publisher\" content=\"https:\/\/www.facebook.com\/TourismeAuch\" \/>\n<meta property=\"og:image\" content=\"https:\/\/www.auch-tourisme.com\/en\/wp-content\/uploads\/sites\/7\/2020\/04\/classement.jpg\" \/>\n\t<meta property=\"og:image:width\" content=\"1000\" \/>\n\t<meta property=\"og:image:height\" content=\"439\" \/>\n<meta name=\"twitter:card\" content=\"summary_large_image\" \/>\n<meta name=\"twitter:creator\" content=\"@tourismeauch\" \/>\n<meta name=\"twitter:site\" content=\"@tourismeauch\" \/>\n<meta name=\"twitter:label1\" content=\"Written by\">\n\t<meta name=\"twitter:data1\" content=\"IRIS Interactive\">\n\t<meta name=\"twitter:label2\" content=\"Est. reading time\">\n\t<meta name=\"twitter:data2\" content=\"1 minute\">\n<script type=\"application\/ld+json\" class=\"yoast-schema-graph\">{\"@context\":\"https:\/\/schema.org\",\"@graph\":[{\"@type\":\"WebSite\",\"@id\":\"https:\/\/www.auch-tourisme.com\/en\/#website\",\"url\":\"https:\/\/www.auch-tourisme.com\/en\/\",\"name\":\"Grand Auch Coeur de Gascogne tourist office, official website\",\"description\":\"Site suggesting tourist sites, accomadation and leisures, giving information to go sightseeing\",\"potentialAction\":[{\"@type\":\"SearchAction\",\"target\":\"https:\/\/www.auch-tourisme.com\/en\/?s={search_term_string}\",\"query-input\":\"required name=search_term_string\"}],\"inLanguage\":\"en-US\"},{\"@type\":\"ImageObject\",\"@id\":\"https:\/\/www.auch-tourisme.com\/en\/pro-area\/labels-et-classements-pour-les-hebergements\/#primaryimage\",\"inLanguage\":\"en-US\",\"url\":\"https:\/\/www.auch-tourisme.com\/en\/wp-content\/uploads\/sites\/7\/2020\/04\/classement.jpg\",\"width\":1000,\"height\":439},{\"@type\":\"WebPage\",\"@id\":\"https:\/\/www.auch-tourisme.com\/en\/pro-area\/labels-et-classements-pour-les-hebergements\/#webpage\",\"url\":\"https:\/\/www.auch-tourisme.com\/en\/pro-area\/labels-et-classements-pour-les-hebergements\/\",\"name\":\"Labels et classements pour les h\\u00e9bergements - Grand Auch Coeur de Gascogne tourist office, official website\",\"isPartOf\":{\"@id\":\"https:\/\/www.auch-tourisme.com\/en\/#website\"},\"primaryImageOfPage\":{\"@id\":\"https:\/\/www.auch-tourisme.com\/en\/pro-area\/labels-et-classements-pour-les-hebergements\/#primaryimage\"},\"datePublished\":\"2020-05-28T07:50:38+00:00\",\"dateModified\":\"2020-05-28T07:50:38+00:00\",\"description\":\"Vous trouvez ici la pr\\u00e9sentation des labels possibles pour un h\\u00e9bergement de tourisme et pour lesquels un organisme bas\\u00e9 dans le Gers vous accompagne ou\",\"breadcrumb\":{\"@id\":\"https:\/\/www.auch-tourisme.com\/en\/pro-area\/labels-et-classements-pour-les-hebergements\/#breadcrumb\"},\"inLanguage\":\"en-US\",\"potentialAction\":[{\"@type\":\"ReadAction\",\"target\":[\"https:\/\/www.auch-tourisme.com\/en\/pro-area\/labels-et-classements-pour-les-hebergements\/\"]}]},{\"@type\":\"BreadcrumbList\",\"@id\":\"https:\/\/www.auch-tourisme.com\/en\/pro-area\/labels-et-classements-pour-les-hebergements\/#breadcrumb\",\"itemListElement\":[{\"@type\":\"ListItem\",\"position\":1,\"item\":{\"@type\":\"WebPage\",\"@id\":\"https:\/\/www.auch-tourisme.com\/en\/\",\"url\":\"https:\/\/www.auch-tourisme.com\/en\/\",\"name\":\"Home\"}},{\"@type\":\"ListItem\",\"position\":2,\"item\":{\"@type\":\"WebPage\",\"@id\":\"https:\/\/www.auch-tourisme.com\/en\/pro-area\/\",\"url\":\"https:\/\/www.auch-tourisme.com\/en\/pro-area\/\",\"name\":\"Pro area\"}},{\"@type\":\"ListItem\",\"position\":3,\"item\":{\"@type\":\"WebPage\",\"@id\":\"https:\/\/www.auch-tourisme.com\/en\/pro-area\/labels-et-classements-pour-les-hebergements\/\",\"url\":\"https:\/\/www.auch-tourisme.com\/en\/pro-area\/labels-et-classements-pour-les-hebergements\/\",\"name\":\"Labels et classements pour les h\\u00e9bergements\"}}]}]}<\/script>\n<!-- \/ Yoast SEO plugin. -->","_links":{"self":[{"href":"https:\/\/www.auch-tourisme.com\/en\/wp-json\/wp\/v2\/pages\/10199"}],"collection":[{"href":"https:\/\/www.auch-tourisme.com\/en\/wp-json\/wp\/v2\/pages"}],"about":[{"href":"https:\/\/www.auch-tourisme.com\/en\/wp-json\/wp\/v2\/types\/page"}],"author":[{"embeddable":true,"href":"https:\/\/www.auch-tourisme.com\/en\/wp-json\/wp\/v2\/users\/1"}],"replies":[{"embeddable":true,"href":"https:\/\/www.auch-tourisme.com\/en\/wp-json\/wp\/v2\/comments?post=10199"}],"version-history":[{"count":12,"href":"https:\/\/www.auch-tourisme.com\/en\/wp-json\/wp\/v2\/pages\/10199\/revisions"}],"predecessor-version":[{"id":11573,"href":"https:\/\/www.auch-tourisme.com\/en\/wp-json\/wp\/v2\/pages\/10199\/revisions\/11573"}],"up":[{"embeddable":true,"href":"https:\/\/www.auch-tourisme.com\/en\/wp-json\/wp\/v2\/pages\/188"}],"wp:featuredmedia":[{"embeddable":true,"href":"https:\/\/www.auch-tourisme.com\/en\/wp-json\/wp\/v2\/media\/10935"}],"wp:attachment":[{"href":"https:\/\/www.auch-tourisme.com\/en\/wp-json\/wp\/v2\/media?parent=10199"}],"curies":[{"name":"wp","href":"https:\/\/api.w.org\/{rel}","templated":true}]}}